{"id":3563,"date":"2022-07-08T21:47:44","date_gmt":"2022-07-08T20:47:44","guid":{"rendered":"https:\/\/unika.co.uk\/ueber-unika\/"},"modified":"2023-09-03T09:18:34","modified_gmt":"2023-09-03T08:18:34","slug":"ueber-unika","status":"publish","type":"page","link":"https:\/\/unika.co.uk\/de\/ueber-unika\/","title":{"rendered":"\u00dcber Unika"},"content":{"rendered":"<p>[et_pb_section fb_built=&#8220;1&#8243; admin_label=&#8220;HEADER&#8220; _builder_version=&#8220;4.17.4&#8243; _module_preset=&#8220;default&#8220; background_color=&#8220;#edeceb&#8220; background_image=&#8220;https:\/\/unika.co.uk\/wp-content\/uploads\/2020\/11\/home-bg-head-separator-scaled.jpg&#8220; background_size=&#8220;contain&#8220; background_position=&#8220;bottom_center&#8220; custom_padding=&#8220;50px||0px||false|false&#8220; collapsed=&#8220;off&#8220; global_colors_info=&#8220;{}&#8220;][et_pb_row column_structure=&#8220;3_5,2_5&#8243; _builder_version=&#8220;4.17.4&#8243; _module_preset=&#8220;default&#8220; custom_padding=&#8220;0px||||false|false&#8220; collapsed=&#8220;off&#8220; global_colors_info=&#8220;{}&#8220;][et_pb_column type=&#8220;3_5&#8243; _builder_version=&#8220;4.17.4&#8243; _module_preset=&#8220;default&#8220; custom_padding=&#8220;30px||30px||false|false&#8220; global_colors_info=&#8220;{}&#8220;][et_pb_text _builder_version=&#8220;4.17.4&#8243; _module_preset=&#8220;default&#8220; custom_margin=&#8220;||||false|false&#8220; custom_padding=&#8220;0px||0px|45px|false|false&#8220; border_width_left=&#8220;8px&#8220; border_color_left=&#8220;#f9001d&#8220; global_colors_info=&#8220;{}&#8220;]<\/p>\n<h1>Hochwertige Installation und Pflege f\u00fcr Ihre Arbeitsfl\u00e4che<\/h1>\n<p>[\/et_pb_text][et_pb_text _builder_version=&#8220;4.17.4&#8243; _module_preset=&#8220;default&#8220; text_font_size=&#8220;18px&#8220; text_line_height=&#8220;1.5em&#8220; custom_padding=&#8220;|||50px|false|false&#8220; global_colors_info=&#8220;{}&#8220;]<\/p>\n<p>Als Unika 1987 gegr\u00fcndet wurde, war die Idee einfach: K\u00fccheninstallateure sollten die besten L\u00f6sungen f\u00fcr die perfekte Befestigung einer Laminatarbeitsfl\u00e4che erhalten. <\/p>\n<p>[\/et_pb_text][\/et_pb_column][et_pb_column type=&#8220;2_5&#8243; _builder_version=&#8220;4.16&#8243; _module_preset=&#8220;default&#8220; global_colors_info=&#8220;{}&#8220;][et_pb_image src=&#8220;https:\/\/unika.co.uk\/wp-content\/uploads\/2022\/07\/about-drone.png&#8220; title_text=&#8220;\u00fcber-drohne&#8220; show_bottom_space=&#8220;off&#8220; align=&#8220;center&#8220; _builder_version=&#8220;4.17.4&#8243; _module_preset=&#8220;default&#8220; width_tablet=&#8220;80%&#8220; width_phone=&#8220;80%&#8220; width_last_edited=&#8220;on|tablet&#8220; module_alignment=&#8220;center&#8220; global_colors_info=&#8220;{}&#8220;][\/et_pb_image][\/et_pb_column][\/et_pb_row][\/et_pb_section][et_pb_section fb_built=&#8220;1&#8243; _builder_version=&#8220;4.17.4&#8243; _module_preset=&#8220;default&#8220; background_color=&#8220;RGBA(255,255,255,0)&#8220; global_colors_info=&#8220;{}&#8220;][et_pb_row column_structure=&#8220;1_2,1_2&#8243; gutter_width=&#8220;1&#8243; _builder_version=&#8220;4.17.4&#8243; _module_preset=&#8220;default&#8220; custom_padding=&#8220;||74px|||&#8220; global_colors_info=&#8220;{}&#8220;][et_pb_column type=&#8220;1_2&#8243; _builder_version=&#8220;4.16&#8243; _module_preset=&#8220;default&#8220; global_colors_info=&#8220;{}&#8220;][et_pb_text _builder_version=&#8220;4.17.4&#8243; _module_preset=&#8220;default&#8220; custom_margin=&#8220;|40px|40px||false|false&#8220; custom_margin_tablet=&#8220;|0px|0px||false|false&#8220; custom_margin_phone=&#8220;|0px|0px||false|false&#8220; custom_margin_last_edited=&#8220;on|tablet&#8220; global_colors_info=&#8220;{}&#8220;]<\/p>\n<p><strong>ColorFill, MitreBond und Worktop Jigs waren der Anfang.<\/strong><\/p>\n<p>Mehr als 30 Jahre sp\u00e4ter hat sich unsere Hingabe f\u00fcr den K\u00fccheneinbau und die Nachbetreuung nicht ge\u00e4ndert. Wir arbeiten weiterhin mit K\u00fccheneinrichtern, Arbeitsplattenherstellern und Reinigungsspezialisten zusammen, um die besten L\u00f6sungen f\u00fcr jedes Arbeitsplattenmaterial und -design zu entwickeln. Im Laufe der Jahre hat sich unser Angebot auf alle \u00fcblichen Arbeitsfl\u00e4chen erweitert &#8211; Mineralwerkstoff, Granit, Quarz, Kompaktlaminat, Porzellan und vieles mehr.<\/p>\n<p>[\/et_pb_text][et_pb_text _builder_version=&#8220;4.17.4&#8243; _module_preset=&#8220;default&#8220; text_font=&#8220;|300||on|||||&#8220; text_font_size=&#8220;35px&#8220; text_line_height=&#8220;1.5em&#8220; background_color=&#8220;#EDECEB&#8220; custom_margin=&#8220;80px||||false|false&#8220; custom_padding=&#8220;50px|50px|50px|50px|true|true&#8220; text_font_size_tablet=&#8220;30px&#8220; text_font_size_phone=&#8220;22px&#8220; text_font_size_last_edited=&#8220;on|phone&#8220; global_colors_info=&#8220;{}&#8220;]<\/p>\n<p>Unser hochwertiges, ma\u00dfgeschneidertes Installations- und Pflegeset f\u00fcr Paneele und Oberfl\u00e4chen entwickelt sich schnell zum Industriestandard, um eine perfekte, farblich abgestimmte Installation zu gew\u00e4hrleisten.<\/p>\n<p>[\/et_pb_text][\/et_pb_column][et_pb_column type=&#8220;1_2&#8243; _builder_version=&#8220;4.16&#8243; _module_preset=&#8220;default&#8220; global_colors_info=&#8220;{}&#8220;][et_pb_image src=&#8220;https:\/\/unika.co.uk\/wp-content\/uploads\/2022\/07\/image-fullrange.jpg&#8220; title_text=&#8220;image-fullrange&#8220; _builder_version=&#8220;4.17.4&#8243; _module_preset=&#8220;default&#8220; global_colors_info=&#8220;{}&#8220;][\/et_pb_image][et_pb_text _builder_version=&#8220;4.17.4&#8243; _module_preset=&#8220;default&#8220; custom_margin=&#8220;40px||40px|40px|false|false&#8220; custom_margin_tablet=&#8220;|||0px|false|false&#8220; custom_margin_phone=&#8220;|||0px|false|false&#8220; custom_margin_last_edited=&#8220;on|tablet&#8220; locked=&#8220;off&#8220; global_colors_info=&#8220;{}&#8220;]Alle Kits wurden in Zusammenarbeit mit Installateuren entwickelt und garantieren eine wasserdichte, hygienische Arbeitsplattenverbindung, die f\u00fcr eine lange Lebensdauer ausgelegt ist.<\/p>\n<p>Zusammen mit unserem Portfolio hat sich unser Auftrag auch auf die Herstellung von Produkten ausgeweitet, die mit unserer klaren Politik der \u00f6kologischen Nachhaltigkeit \u00fcbereinstimmen. Im Rahmen unseres Umweltmanagementsystems nach ISO14001 setzen wir uns jedes Jahr strenge Ziele, um die von uns verwendeten Energie-, Material- und Abfallstr\u00f6me positiv zu beeinflussen.[\/et_pb_text][\/et_pb_column][\/et_pb_row][\/et_pb_section]<\/p>\n","protected":false},"excerpt":{"rendered":"<p>Hochwertige Installation und Pflege f\u00fcr Ihre Arbeitsfl\u00e4cheAls Unika 1987 gegr\u00fcndet wurde, war die Idee einfach: K\u00fccheninstallateure sollten die besten L\u00f6sungen f\u00fcr die perfekte Befestigung einer Laminatarbeitsfl\u00e4che erhalten. ColorFill, MitreBond und Worktop Jigs waren der Anfang. Mehr als 30 Jahre sp\u00e4ter hat sich unsere Hingabe f\u00fcr den K\u00fccheneinbau und die Nachbetreuung nicht ge\u00e4ndert. Wir arbeiten weiterhin [&hellip;]<\/p>\n","protected":false},"author":1,"featured_media":0,"parent":0,"menu_order":0,"comment_status":"closed","ping_status":"closed","template":"","meta":{"_et_pb_use_builder":"on","_et_pb_old_content":"","_et_gb_content_width":"","footnotes":""},"class_list":["post-3563","page","type-page","status-publish","hentry"],"yoast_head":"<!-- This site is optimized with the Yoast SEO plugin v25.6 - https:\/\/yoast.com\/wordpress\/plugins\/seo\/ -->\n<title>\u00dcber Unika - Unika<\/title>\n<meta name=\"robots\" content=\"index, follow, max-snippet:-1, max-image-preview:large, max-video-preview:-1\" \/>\n<link rel=\"canonical\" href=\"https:\/\/unika.co.uk\/de\/ueber-unika\/\" \/>\n<meta property=\"og:locale\" content=\"de_DE\" \/>\n<meta property=\"og:type\" content=\"article\" \/>\n<meta property=\"og:title\" content=\"\u00dcber Unika - Unika\" \/>\n<meta property=\"og:description\" content=\"Hochwertige Installation und Pflege f\u00fcr Ihre Arbeitsfl\u00e4cheAls Unika 1987 gegr\u00fcndet wurde, war die Idee einfach: K\u00fccheninstallateure sollten die besten L\u00f6sungen f\u00fcr die perfekte Befestigung einer Laminatarbeitsfl\u00e4che erhalten. ColorFill, MitreBond und Worktop Jigs waren der Anfang. Mehr als 30 Jahre sp\u00e4ter hat sich unsere Hingabe f\u00fcr den K\u00fccheneinbau und die Nachbetreuung nicht ge\u00e4ndert. Wir arbeiten weiterhin [&hellip;]\" \/>\n<meta property=\"og:url\" content=\"https:\/\/unika.co.uk\/de\/ueber-unika\/\" \/>\n<meta property=\"og:site_name\" content=\"Unika\" \/>\n<meta property=\"article:modified_time\" content=\"2023-09-03T08:18:34+00:00\" \/>\n<meta name=\"twitter:card\" content=\"summary_large_image\" \/>\n<meta name=\"twitter:label1\" content=\"Gesch\u00e4tzte Lesezeit\" \/>\n\t<meta name=\"twitter:data1\" content=\"3\u00a0Minuten\" \/>\n<script type=\"application\/ld+json\" class=\"yoast-schema-graph\">{\"@context\":\"https:\/\/schema.org\",\"@graph\":[{\"@type\":\"WebPage\",\"@id\":\"https:\/\/unika.co.uk\/de\/ueber-unika\/\",\"url\":\"https:\/\/unika.co.uk\/de\/ueber-unika\/\",\"name\":\"\u00dcber Unika - Unika\",\"isPartOf\":{\"@id\":\"https:\/\/unika.co.uk\/de\/#website\"},\"datePublished\":\"2022-07-08T20:47:44+00:00\",\"dateModified\":\"2023-09-03T08:18:34+00:00\",\"breadcrumb\":{\"@id\":\"https:\/\/unika.co.uk\/de\/ueber-unika\/#breadcrumb\"},\"inLanguage\":\"de\",\"potentialAction\":[{\"@type\":\"ReadAction\",\"target\":[\"https:\/\/unika.co.uk\/de\/ueber-unika\/\"]}]},{\"@type\":\"BreadcrumbList\",\"@id\":\"https:\/\/unika.co.uk\/de\/ueber-unika\/#breadcrumb\",\"itemListElement\":[{\"@type\":\"ListItem\",\"position\":1,\"name\":\"Home\",\"item\":\"https:\/\/unika.co.uk\/de\/startseite\/\"},{\"@type\":\"ListItem\",\"position\":2,\"name\":\"\u00dcber Unika\"}]},{\"@type\":\"WebSite\",\"@id\":\"https:\/\/unika.co.uk\/de\/#website\",\"url\":\"https:\/\/unika.co.uk\/de\/\",\"name\":\"Unika\",\"description\":\"Kitchen fitting supplies from Unika\",\"publisher\":{\"@id\":\"https:\/\/unika.co.uk\/de\/#organization\"},\"potentialAction\":[{\"@type\":\"SearchAction\",\"target\":{\"@type\":\"EntryPoint\",\"urlTemplate\":\"https:\/\/unika.co.uk\/de\/?s={search_term_string}\"},\"query-input\":{\"@type\":\"PropertyValueSpecification\",\"valueRequired\":true,\"valueName\":\"search_term_string\"}}],\"inLanguage\":\"de\"},{\"@type\":\"Organization\",\"@id\":\"https:\/\/unika.co.uk\/de\/#organization\",\"name\":\"Unika\",\"url\":\"https:\/\/unika.co.uk\/de\/\",\"logo\":{\"@type\":\"ImageObject\",\"inLanguage\":\"de\",\"@id\":\"https:\/\/unika.co.uk\/de\/#\/schema\/logo\/image\/\",\"url\":\"https:\/\/unika.co.uk\/wp-content\/uploads\/2020\/11\/header-logo-unika-ips-e1612284206405.png\",\"contentUrl\":\"https:\/\/unika.co.uk\/wp-content\/uploads\/2020\/11\/header-logo-unika-ips-e1612284206405.png\",\"width\":512,\"height\":115,\"caption\":\"Unika\"},\"image\":{\"@id\":\"https:\/\/unika.co.uk\/de\/#\/schema\/logo\/image\/\"}}]}<\/script>\n<!-- \/ Yoast SEO plugin. -->","yoast_head_json":{"title":"\u00dcber Unika - Unika","robots":{"index":"index","follow":"follow","max-snippet":"max-snippet:-1","max-image-preview":"max-image-preview:large","max-video-preview":"max-video-preview:-1"},"canonical":"https:\/\/unika.co.uk\/de\/ueber-unika\/","og_locale":"de_DE","og_type":"article","og_title":"\u00dcber Unika - Unika","og_description":"Hochwertige Installation und Pflege f\u00fcr Ihre Arbeitsfl\u00e4cheAls Unika 1987 gegr\u00fcndet wurde, war die Idee einfach: K\u00fccheninstallateure sollten die besten L\u00f6sungen f\u00fcr die perfekte Befestigung einer Laminatarbeitsfl\u00e4che erhalten. ColorFill, MitreBond und Worktop Jigs waren der Anfang. Mehr als 30 Jahre sp\u00e4ter hat sich unsere Hingabe f\u00fcr den K\u00fccheneinbau und die Nachbetreuung nicht ge\u00e4ndert. Wir arbeiten weiterhin [&hellip;]","og_url":"https:\/\/unika.co.uk\/de\/ueber-unika\/","og_site_name":"Unika","article_modified_time":"2023-09-03T08:18:34+00:00","twitter_card":"summary_large_image","twitter_misc":{"Gesch\u00e4tzte Lesezeit":"3\u00a0Minuten"},"schema":{"@context":"https:\/\/schema.org","@graph":[{"@type":"WebPage","@id":"https:\/\/unika.co.uk\/de\/ueber-unika\/","url":"https:\/\/unika.co.uk\/de\/ueber-unika\/","name":"\u00dcber Unika - Unika","isPartOf":{"@id":"https:\/\/unika.co.uk\/de\/#website"},"datePublished":"2022-07-08T20:47:44+00:00","dateModified":"2023-09-03T08:18:34+00:00","breadcrumb":{"@id":"https:\/\/unika.co.uk\/de\/ueber-unika\/#breadcrumb"},"inLanguage":"de","potentialAction":[{"@type":"ReadAction","target":["https:\/\/unika.co.uk\/de\/ueber-unika\/"]}]},{"@type":"BreadcrumbList","@id":"https:\/\/unika.co.uk\/de\/ueber-unika\/#breadcrumb","itemListElement":[{"@type":"ListItem","position":1,"name":"Home","item":"https:\/\/unika.co.uk\/de\/startseite\/"},{"@type":"ListItem","position":2,"name":"\u00dcber Unika"}]},{"@type":"WebSite","@id":"https:\/\/unika.co.uk\/de\/#website","url":"https:\/\/unika.co.uk\/de\/","name":"Unika","description":"Kitchen fitting supplies from Unika","publisher":{"@id":"https:\/\/unika.co.uk\/de\/#organization"},"potentialAction":[{"@type":"SearchAction","target":{"@type":"EntryPoint","urlTemplate":"https:\/\/unika.co.uk\/de\/?s={search_term_string}"},"query-input":{"@type":"PropertyValueSpecification","valueRequired":true,"valueName":"search_term_string"}}],"inLanguage":"de"},{"@type":"Organization","@id":"https:\/\/unika.co.uk\/de\/#organization","name":"Unika","url":"https:\/\/unika.co.uk\/de\/","logo":{"@type":"ImageObject","inLanguage":"de","@id":"https:\/\/unika.co.uk\/de\/#\/schema\/logo\/image\/","url":"https:\/\/unika.co.uk\/wp-content\/uploads\/2020\/11\/header-logo-unika-ips-e1612284206405.png","contentUrl":"https:\/\/unika.co.uk\/wp-content\/uploads\/2020\/11\/header-logo-unika-ips-e1612284206405.png","width":512,"height":115,"caption":"Unika"},"image":{"@id":"https:\/\/unika.co.uk\/de\/#\/schema\/logo\/image\/"}}]}},"_links":{"self":[{"href":"https:\/\/unika.co.uk\/de\/wp-json\/wp\/v2\/pages\/3563","targetHints":{"allow":["GET"]}}],"collection":[{"href":"https:\/\/unika.co.uk\/de\/wp-json\/wp\/v2\/pages"}],"about":[{"href":"https:\/\/unika.co.uk\/de\/wp-json\/wp\/v2\/types\/page"}],"author":[{"embeddable":true,"href":"https:\/\/unika.co.uk\/de\/wp-json\/wp\/v2\/users\/1"}],"replies":[{"embeddable":true,"href":"https:\/\/unika.co.uk\/de\/wp-json\/wp\/v2\/comments?post=3563"}],"version-history":[{"count":11,"href":"https:\/\/unika.co.uk\/de\/wp-json\/wp\/v2\/pages\/3563\/revisions"}],"predecessor-version":[{"id":3590,"href":"https:\/\/unika.co.uk\/de\/wp-json\/wp\/v2\/pages\/3563\/revisions\/3590"}],"wp:attachment":[{"href":"https:\/\/unika.co.uk\/de\/wp-json\/wp\/v2\/media?parent=3563"}],"curies":[{"name":"wp","href":"https:\/\/api.w.org\/{rel}","templated":true}]}}