{"id":3633,"date":"2022-06-30T15:43:58","date_gmt":"2022-06-30T14:43:58","guid":{"rendered":"https:\/\/unika.co.uk\/kuechenausstattung\/"},"modified":"2022-09-15T14:52:39","modified_gmt":"2022-09-15T13:52:39","slug":"kuechenausstattung","status":"publish","type":"page","link":"https:\/\/unika.co.uk\/de\/kuechenausstattung\/","title":{"rendered":"K\u00fcchenausstattung"},"content":{"rendered":"<p>[et_pb_section fb_built=&#8220;1&#8243; admin_label=&#8220;HEADER&#8220; _builder_version=&#8220;4.17.4&#8243; _module_preset=&#8220;default&#8220; background_color=&#8220;#edeceb&#8220; background_image=&#8220;https:\/\/unika.co.uk\/wp-content\/uploads\/2020\/11\/home-bg-head-separator-scaled.jpg&#8220; background_size=&#8220;contain&#8220; background_position=&#8220;bottom_center&#8220; custom_padding=&#8220;50px||0px||false|false&#8220; collapsed=&#8220;off&#8220; global_colors_info=&#8220;{}&#8220;][et_pb_row column_structure=&#8220;1_2,1_2&#8243; _builder_version=&#8220;4.17.4&#8243; _module_preset=&#8220;default&#8220; collapsed=&#8220;off&#8220; global_colors_info=&#8220;{}&#8220;][et_pb_column type=&#8220;1_2&#8243; _builder_version=&#8220;4.16&#8243; _module_preset=&#8220;default&#8220; global_colors_info=&#8220;{}&#8220;][et_pb_text _builder_version=&#8220;4.17.4&#8243; _module_preset=&#8220;default&#8220; custom_padding=&#8220;0px||0px|45px|false|false&#8220; border_width_left=&#8220;8px&#8220; border_color_left=&#8220;#f9001d&#8220; global_colors_info=&#8220;{}&#8220;]<\/p>\n<h1>K\u00fcchenausstattungsl\u00f6sungen von Unika<\/h1>\n<p>[\/et_pb_text][et_pb_text _builder_version=&#8220;4.17.4&#8243; _module_preset=&#8220;default&#8220; text_font_size=&#8220;18px&#8220; text_line_height=&#8220;1.5em&#8220; custom_padding=&#8220;|||50px|false|false&#8220; global_colors_info=&#8220;{}&#8220;]<\/p>\n<p>Von farblich abgestimmten Klebstoffen und Dichtungsmitteln bis hin zu Arbeitsplattenvorrichtungen und Zubeh\u00f6r.<\/p>\n<p>[\/et_pb_text][et_pb_button button_url=&#8220;#product-box&#8220; button_text=&#8220;Siehe Produkte&#8220; disabled_on=&#8220;off|off|off&#8220; _builder_version=&#8220;4.17.4&#8243; _module_preset=&#8220;default&#8220; hover_enabled=&#8220;0&#8243; global_colors_info=&#8220;{}&#8220; sticky_enabled=&#8220;0&#8243;][\/et_pb_button][\/et_pb_column][et_pb_column type=&#8220;1_2&#8243; _builder_version=&#8220;4.16&#8243; _module_preset=&#8220;default&#8220; global_colors_info=&#8220;{}&#8220;][\/et_pb_column][\/et_pb_row][\/et_pb_section][et_pb_section fb_built=&#8220;1&#8243; _builder_version=&#8220;4.17.4&#8243; _module_preset=&#8220;default&#8220; background_enable_color=&#8220;off&#8220; global_colors_info=&#8220;{}&#8220;][et_pb_row column_structure=&#8220;1_2,1_2&#8243; gutter_width=&#8220;1&#8243; _builder_version=&#8220;4.17.4&#8243; _module_preset=&#8220;default&#8220; global_colors_info=&#8220;{}&#8220;][et_pb_column type=&#8220;1_2&#8243; _builder_version=&#8220;4.16&#8243; _module_preset=&#8220;default&#8220; global_colors_info=&#8220;{}&#8220;][et_pb_text _builder_version=&#8220;4.17.4&#8243; _module_preset=&#8220;default&#8220; custom_margin=&#8220;|40px|40px||false|false&#8220; custom_margin_tablet=&#8220;|0px|||false|false&#8220; custom_margin_phone=&#8220;|0px|||false|false&#8220; custom_margin_last_edited=&#8220;on|phone&#8220; global_colors_info=&#8220;{}&#8220;]<\/p>\n<p>Der Einbau einer K\u00fcche wird in der Regel von einem professionellen K\u00fcchenbauer oder einem gelernten Schreiner\/Tischler durchgef\u00fchrt. F\u00fcr den Einbau einer K\u00fcche ist in der Regel ein Team von Handwerkern erforderlich, darunter ein K\u00fcchenmonteur, ein Elektriker und ein Klempner. Diese Handwerker koordinieren die Installation, um alle K\u00fcchenelemente zusammenzuf\u00fcgen und das endg\u00fcltige Design zu verwirklichen.<\/p>\n<p>Die Komplexit\u00e4t des K\u00fccheneinbaus kann variieren und h\u00e4ngt von der Gr\u00f6\u00dfe des Raums, den Anforderungen an das Design, der Art der Arbeitsplatte, dem Baujahr des Hauses, der Notwendigkeit des Umzugs von Ger\u00e4ten, nicht quadratischen W\u00e4nden und B\u00f6den ab &#8211; die Liste ist lang.<\/p>\n<p>[\/et_pb_text][et_pb_text _builder_version=&#8220;4.17.4&#8243; _module_preset=&#8220;default&#8220; text_font=&#8220;|300||on|||||&#8220; text_font_size=&#8220;35px&#8220; text_line_height=&#8220;1.5em&#8220; background_color=&#8220;#EDECEB&#8220; custom_margin=&#8220;80px||||false|false&#8220; custom_padding=&#8220;50px|50px|50px|50px|true|true&#8220; text_font_size_tablet=&#8220;30px&#8220; text_font_size_phone=&#8220;22px&#8220; text_font_size_last_edited=&#8220;on|phone&#8220; global_colors_info=&#8220;{}&#8220;]<\/p>\n<p>eine schlecht eingebaute K\u00fcche kann die gesamte Einrichtung ruinieren. Ebenso kann eine perfekt installierte K\u00fcche, unabh\u00e4ngig von der Qualit\u00e4t, wirklich gut aussehen<\/p>\n<p>[\/et_pb_text][\/et_pb_column][et_pb_column type=&#8220;1_2&#8243; _builder_version=&#8220;4.16&#8243; _module_preset=&#8220;default&#8220; global_colors_info=&#8220;{}&#8220;][et_pb_image src=&#8220;https:\/\/unika.co.uk\/wp-content\/uploads\/2020\/11\/hp-nicekitchen-temp.jpg&#8220; title_text=&#8220;hp-nicekitchen-temp&#8220; _builder_version=&#8220;4.16&#8243; _module_preset=&#8220;default&#8220; global_colors_info=&#8220;{}&#8220;][\/et_pb_image][et_pb_text _builder_version=&#8220;4.17.4&#8243; _module_preset=&#8220;default&#8220; custom_margin=&#8220;40px||40px|40px|false|false&#8220; custom_margin_tablet=&#8220;|||0px|false|false&#8220; custom_margin_phone=&#8220;|||0px|false|false&#8220; custom_margin_last_edited=&#8220;on|phone&#8220; global_colors_info=&#8220;{}&#8220;]<\/p>\n<p>Sockel, Aufkantungen, Fugen und die Verarbeitung sind ausschlaggebend daf\u00fcr, wie die K\u00fcche am Ende aussehen wird, und sind \u00e4u\u00dferst wichtig f\u00fcr die Lebensdauer der K\u00fcche.<\/p>\n<p>Das Eindringen von Wasser ist das Hauptproblem, das sich aus einer schlecht eingebauten K\u00fcche ergibt, und eine sch\u00f6ne neue K\u00fcche kann schon nach einigen Wochen auseinanderfallen.<\/p>\n<p>Installation und Nachsorge sind der Schl\u00fcssel zum Erfolg und zur Langlebigkeit eines K\u00fcchenentwurfs. Unika hat \u00fcber 35 Jahre lang in Zusammenarbeit mit K\u00fccheninstallateuren und -designern, Lieferanten von Rohbauelementen und verschiedenen Arbeitsplatten entwickelt und geforscht, um sich zu einem Spezialisten auf dem Gebiet der K\u00fccheninstallation zu entwickeln. Wir sind Spezialisten f\u00fcr alle Produkte, die zur Vervollst\u00e4ndigung der K\u00fcche erforderlich sind, und stellen sicher, dass die K\u00fcche hochwertig installiert, farblich abgestimmt und langlebig ist.<\/p>\n<p>[\/et_pb_text][\/et_pb_column][\/et_pb_row][\/et_pb_section][et_pb_section fb_built=&#8220;1&#8243; module_id=&#8220;produkt-box&#8220; _builder_version=&#8220;4.17.4&#8243; _module_preset=&#8220;default&#8220; background_color=&#8220;#EDECEB&#8220; hover_enabled=&#8220;0&#8243; global_colors_info=&#8220;{}&#8220; sticky_enabled=&#8220;0&#8243;][et_pb_row _builder_version=&#8220;4.16&#8243; _module_preset=&#8220;default&#8220; global_colors_info=&#8220;{}&#8220;][et_pb_column type=&#8220;4_4&#8243; _builder_version=&#8220;4.16&#8243; _module_preset=&#8220;default&#8220; global_colors_info=&#8220;{}&#8220;][et_pb_text _builder_version=&#8220;4.17.4&#8243; _module_preset=&#8220;default&#8220; header_2_text_align=&#8220;center&#8220; global_colors_info=&#8220;{}&#8220;]<\/p>\n<h2>Unsere Produkte f\u00fcr die K\u00fcchenausstattung<\/h2>\n<p>[\/et_pb_text][et_pb_divider divider_position=&#8220;center&#8220; divider_weight=&#8220;8px&#8220; _builder_version=&#8220;4.16&#8243; _module_preset=&#8220;default&#8220; background_color=&#8220;rgba(0,0,0,0)&#8220; width=&#8220;100px&#8220; module_alignment=&#8220;center&#8220; global_colors_info=&#8220;{}&#8220;][\/et_pb_divider][\/et_pb_column][\/et_pb_row][et_pb_row _builder_version=&#8220;4.17.4&#8243; _module_preset=&#8220;default&#8220; global_colors_info=&#8220;{}&#8220;][et_pb_column type=&#8220;4_4&#8243; _builder_version=&#8220;4.17.4&#8243; _module_preset=&#8220;default&#8220; global_colors_info=&#8220;{}&#8220;][et_pb_portfolio fullwidth=&#8220;off&#8220; posts_number=&#8220;120&#8243; include_categories=&#8220;5&#8243; show_categories=&#8220;off&#8220; show_pagination=&#8220;off&#8220; zoom_icon_color=&#8220;#FFFFFF&#8220; hover_overlay_color=&#8220;rgba(249,0,29,0.7)&#8220; admin_label=&#8220;Portfolio&#8220; _builder_version=&#8220;4.17.4&#8243; _module_preset=&#8220;default&#8220; title_font=&#8220;||||||||&#8220; title_text_align=&#8220;center&#8220; title_text_color=&#8220;#FFFFFF&#8220; background_color=&#8220;rgba(255,255,255,0.4)&#8220; background_layout=&#8220;dark&#8220; width=&#8220;100%&#8220; max_width=&#8220;100%&#8220; module_alignment=&#8220;center&#8220; custom_margin=&#8220;||||false|false&#8220; custom_padding=&#8220;||||true|false&#8220; custom_css_portfolio_title=&#8220;background-color: #f9001d;||    padding-top: 20px;||    padding-bottom: 20px !important;||margin:0 !important;&#8220; locked=&#8220;off&#8220; global_colors_info=&#8220;{}&#8220;][\/et_pb_portfolio][\/et_pb_column][\/et_pb_row][\/et_pb_section]<\/p>\n","protected":false},"excerpt":{"rendered":"<p>K\u00fcchenausstattungsl\u00f6sungen von UnikaVon farblich abgestimmten Klebstoffen und Dichtungsmitteln bis hin zu Arbeitsplattenvorrichtungen und Zubeh\u00f6r.Der Einbau einer K\u00fcche wird in der Regel von einem professionellen K\u00fcchenbauer oder einem gelernten Schreiner\/Tischler durchgef\u00fchrt. F\u00fcr den Einbau einer K\u00fcche ist in der Regel ein Team von Handwerkern erforderlich, darunter ein K\u00fcchenmonteur, ein Elektriker und ein Klempner. Diese Handwerker koordinieren [&hellip;]<\/p>\n","protected":false},"author":1,"featured_media":0,"parent":0,"menu_order":0,"comment_status":"closed","ping_status":"closed","template":"","meta":{"_et_pb_use_builder":"on","_et_pb_old_content":"","_et_gb_content_width":"","footnotes":""},"class_list":["post-3633","page","type-page","status-publish","hentry"],"yoast_head":"<!-- This site is optimized with the Yoast SEO plugin v25.6 - https:\/\/yoast.com\/wordpress\/plugins\/seo\/ -->\n<title>K\u00fcchenausstattung - Unika<\/title>\n<meta name=\"robots\" content=\"index, follow, max-snippet:-1, max-image-preview:large, max-video-preview:-1\" \/>\n<link rel=\"canonical\" href=\"https:\/\/unika.co.uk\/de\/kuechenausstattung\/\" \/>\n<meta property=\"og:locale\" content=\"de_DE\" \/>\n<meta property=\"og:type\" content=\"article\" \/>\n<meta property=\"og:title\" content=\"K\u00fcchenausstattung - Unika\" \/>\n<meta property=\"og:description\" content=\"K\u00fcchenausstattungsl\u00f6sungen von UnikaVon farblich abgestimmten Klebstoffen und Dichtungsmitteln bis hin zu Arbeitsplattenvorrichtungen und Zubeh\u00f6r.Der Einbau einer K\u00fcche wird in der Regel von einem professionellen K\u00fcchenbauer oder einem gelernten Schreiner\/Tischler durchgef\u00fchrt. F\u00fcr den Einbau einer K\u00fcche ist in der Regel ein Team von Handwerkern erforderlich, darunter ein K\u00fcchenmonteur, ein Elektriker und ein Klempner. Diese Handwerker koordinieren [&hellip;]\" \/>\n<meta property=\"og:url\" content=\"https:\/\/unika.co.uk\/de\/kuechenausstattung\/\" \/>\n<meta property=\"og:site_name\" content=\"Unika\" \/>\n<meta property=\"article:modified_time\" content=\"2022-09-15T13:52:39+00:00\" \/>\n<meta name=\"twitter:card\" content=\"summary_large_image\" \/>\n<meta name=\"twitter:label1\" content=\"Gesch\u00e4tzte Lesezeit\" \/>\n\t<meta name=\"twitter:data1\" content=\"5\u00a0Minuten\" \/>\n<script type=\"application\/ld+json\" class=\"yoast-schema-graph\">{\"@context\":\"https:\/\/schema.org\",\"@graph\":[{\"@type\":\"WebPage\",\"@id\":\"https:\/\/unika.co.uk\/de\/kuechenausstattung\/\",\"url\":\"https:\/\/unika.co.uk\/de\/kuechenausstattung\/\",\"name\":\"K\u00fcchenausstattung - Unika\",\"isPartOf\":{\"@id\":\"https:\/\/unika.co.uk\/de\/#website\"},\"datePublished\":\"2022-06-30T14:43:58+00:00\",\"dateModified\":\"2022-09-15T13:52:39+00:00\",\"breadcrumb\":{\"@id\":\"https:\/\/unika.co.uk\/de\/kuechenausstattung\/#breadcrumb\"},\"inLanguage\":\"de\",\"potentialAction\":[{\"@type\":\"ReadAction\",\"target\":[\"https:\/\/unika.co.uk\/de\/kuechenausstattung\/\"]}]},{\"@type\":\"BreadcrumbList\",\"@id\":\"https:\/\/unika.co.uk\/de\/kuechenausstattung\/#breadcrumb\",\"itemListElement\":[{\"@type\":\"ListItem\",\"position\":1,\"name\":\"Home\",\"item\":\"https:\/\/unika.co.uk\/de\/startseite\/\"},{\"@type\":\"ListItem\",\"position\":2,\"name\":\"K\u00fcchenausstattung\"}]},{\"@type\":\"WebSite\",\"@id\":\"https:\/\/unika.co.uk\/de\/#website\",\"url\":\"https:\/\/unika.co.uk\/de\/\",\"name\":\"Unika\",\"description\":\"Kitchen fitting supplies from Unika\",\"publisher\":{\"@id\":\"https:\/\/unika.co.uk\/de\/#organization\"},\"potentialAction\":[{\"@type\":\"SearchAction\",\"target\":{\"@type\":\"EntryPoint\",\"urlTemplate\":\"https:\/\/unika.co.uk\/de\/?s={search_term_string}\"},\"query-input\":{\"@type\":\"PropertyValueSpecification\",\"valueRequired\":true,\"valueName\":\"search_term_string\"}}],\"inLanguage\":\"de\"},{\"@type\":\"Organization\",\"@id\":\"https:\/\/unika.co.uk\/de\/#organization\",\"name\":\"Unika\",\"url\":\"https:\/\/unika.co.uk\/de\/\",\"logo\":{\"@type\":\"ImageObject\",\"inLanguage\":\"de\",\"@id\":\"https:\/\/unika.co.uk\/de\/#\/schema\/logo\/image\/\",\"url\":\"https:\/\/unika.co.uk\/wp-content\/uploads\/2020\/11\/header-logo-unika-ips-e1612284206405.png\",\"contentUrl\":\"https:\/\/unika.co.uk\/wp-content\/uploads\/2020\/11\/header-logo-unika-ips-e1612284206405.png\",\"width\":512,\"height\":115,\"caption\":\"Unika\"},\"image\":{\"@id\":\"https:\/\/unika.co.uk\/de\/#\/schema\/logo\/image\/\"}}]}<\/script>\n<!-- \/ Yoast SEO plugin. -->","yoast_head_json":{"title":"K\u00fcchenausstattung - Unika","robots":{"index":"index","follow":"follow","max-snippet":"max-snippet:-1","max-image-preview":"max-image-preview:large","max-video-preview":"max-video-preview:-1"},"canonical":"https:\/\/unika.co.uk\/de\/kuechenausstattung\/","og_locale":"de_DE","og_type":"article","og_title":"K\u00fcchenausstattung - Unika","og_description":"K\u00fcchenausstattungsl\u00f6sungen von UnikaVon farblich abgestimmten Klebstoffen und Dichtungsmitteln bis hin zu Arbeitsplattenvorrichtungen und Zubeh\u00f6r.Der Einbau einer K\u00fcche wird in der Regel von einem professionellen K\u00fcchenbauer oder einem gelernten Schreiner\/Tischler durchgef\u00fchrt. F\u00fcr den Einbau einer K\u00fcche ist in der Regel ein Team von Handwerkern erforderlich, darunter ein K\u00fcchenmonteur, ein Elektriker und ein Klempner. Diese Handwerker koordinieren [&hellip;]","og_url":"https:\/\/unika.co.uk\/de\/kuechenausstattung\/","og_site_name":"Unika","article_modified_time":"2022-09-15T13:52:39+00:00","twitter_card":"summary_large_image","twitter_misc":{"Gesch\u00e4tzte Lesezeit":"5\u00a0Minuten"},"schema":{"@context":"https:\/\/schema.org","@graph":[{"@type":"WebPage","@id":"https:\/\/unika.co.uk\/de\/kuechenausstattung\/","url":"https:\/\/unika.co.uk\/de\/kuechenausstattung\/","name":"K\u00fcchenausstattung - Unika","isPartOf":{"@id":"https:\/\/unika.co.uk\/de\/#website"},"datePublished":"2022-06-30T14:43:58+00:00","dateModified":"2022-09-15T13:52:39+00:00","breadcrumb":{"@id":"https:\/\/unika.co.uk\/de\/kuechenausstattung\/#breadcrumb"},"inLanguage":"de","potentialAction":[{"@type":"ReadAction","target":["https:\/\/unika.co.uk\/de\/kuechenausstattung\/"]}]},{"@type":"BreadcrumbList","@id":"https:\/\/unika.co.uk\/de\/kuechenausstattung\/#breadcrumb","itemListElement":[{"@type":"ListItem","position":1,"name":"Home","item":"https:\/\/unika.co.uk\/de\/startseite\/"},{"@type":"ListItem","position":2,"name":"K\u00fcchenausstattung"}]},{"@type":"WebSite","@id":"https:\/\/unika.co.uk\/de\/#website","url":"https:\/\/unika.co.uk\/de\/","name":"Unika","description":"Kitchen fitting supplies from Unika","publisher":{"@id":"https:\/\/unika.co.uk\/de\/#organization"},"potentialAction":[{"@type":"SearchAction","target":{"@type":"EntryPoint","urlTemplate":"https:\/\/unika.co.uk\/de\/?s={search_term_string}"},"query-input":{"@type":"PropertyValueSpecification","valueRequired":true,"valueName":"search_term_string"}}],"inLanguage":"de"},{"@type":"Organization","@id":"https:\/\/unika.co.uk\/de\/#organization","name":"Unika","url":"https:\/\/unika.co.uk\/de\/","logo":{"@type":"ImageObject","inLanguage":"de","@id":"https:\/\/unika.co.uk\/de\/#\/schema\/logo\/image\/","url":"https:\/\/unika.co.uk\/wp-content\/uploads\/2020\/11\/header-logo-unika-ips-e1612284206405.png","contentUrl":"https:\/\/unika.co.uk\/wp-content\/uploads\/2020\/11\/header-logo-unika-ips-e1612284206405.png","width":512,"height":115,"caption":"Unika"},"image":{"@id":"https:\/\/unika.co.uk\/de\/#\/schema\/logo\/image\/"}}]}},"_links":{"self":[{"href":"https:\/\/unika.co.uk\/de\/wp-json\/wp\/v2\/pages\/3633","targetHints":{"allow":["GET"]}}],"collection":[{"href":"https:\/\/unika.co.uk\/de\/wp-json\/wp\/v2\/pages"}],"about":[{"href":"https:\/\/unika.co.uk\/de\/wp-json\/wp\/v2\/types\/page"}],"author":[{"embeddable":true,"href":"https:\/\/unika.co.uk\/de\/wp-json\/wp\/v2\/users\/1"}],"replies":[{"embeddable":true,"href":"https:\/\/unika.co.uk\/de\/wp-json\/wp\/v2\/comments?post=3633"}],"version-history":[{"count":3,"href":"https:\/\/unika.co.uk\/de\/wp-json\/wp\/v2\/pages\/3633\/revisions"}],"predecessor-version":[{"id":3658,"href":"https:\/\/unika.co.uk\/de\/wp-json\/wp\/v2\/pages\/3633\/revisions\/3658"}],"wp:attachment":[{"href":"https:\/\/unika.co.uk\/de\/wp-json\/wp\/v2\/media?parent=3633"}],"curies":[{"name":"wp","href":"https:\/\/api.w.org\/{rel}","templated":true}]}}