{"id":3696,"date":"2020-11-04T16:22:00","date_gmt":"2020-11-04T16:22:00","guid":{"rendered":"https:\/\/unika.co.uk\/startseite\/"},"modified":"2022-09-15T14:52:39","modified_gmt":"2022-09-15T13:52:39","slug":"startseite","status":"publish","type":"page","link":"https:\/\/unika.co.uk\/de\/","title":{"rendered":"Startseite"},"content":{"rendered":"<p>[et_pb_section fb_built=&#8220;1&#8243; admin_label=&#8220;HEADER&#8220; _builder_version=&#8220;4.17.4&#8243; _module_preset=&#8220;default&#8220; background_color=&#8220;#edeceb&#8220; background_image=&#8220;https:\/\/unika.co.uk\/wp-content\/uploads\/2020\/11\/home-bg-head-separator-scaled.jpg&#8220; background_size=&#8220;contain&#8220; background_position=&#8220;bottom_center&#8220; custom_padding=&#8220;50px||0px||false|false&#8220; collapsed=&#8220;off&#8220; global_colors_info=&#8220;{}&#8220;][et_pb_row column_structure=&#8220;1_2,1_2&#8243; _builder_version=&#8220;4.17.4&#8243; _module_preset=&#8220;default&#8220; custom_padding=&#8220;0px||||false|false&#8220; collapsed=&#8220;off&#8220; global_colors_info=&#8220;{}&#8220;][et_pb_column type=&#8220;1_2&#8243; _builder_version=&#8220;4.17.4&#8243; _module_preset=&#8220;default&#8220; custom_padding=&#8220;30px||30px||false|false&#8220; global_colors_info=&#8220;{}&#8220;][et_pb_text _builder_version=&#8220;4.17.4&#8243; _module_preset=&#8220;default&#8220; custom_margin=&#8220;||||false|false&#8220; custom_padding=&#8220;0px||0px|45px|false|false&#8220; border_width_left=&#8220;8px&#8220; border_color_left=&#8220;#f9001d&#8220; global_colors_info=&#8220;{}&#8220;]<\/p>\n<h1><span>Bieten Ihre Arbeitsplatten eine Unika Installations- und Pflegel\u00f6sung?<\/span><\/h1>\n<p>[\/et_pb_text][et_pb_text _builder_version=&#8220;4.17.4&#8243; _module_preset=&#8220;default&#8220; text_font_size=&#8220;18px&#8220; text_line_height=&#8220;1.5em&#8220; custom_padding=&#8220;|||50px|false|false&#8220; global_colors_info=&#8220;{}&#8220;]<\/p>\n<p>Hochwertige, ma\u00dfgeschneiderte Installations- und Pflegel\u00f6sungen f\u00fcr <em>jede<\/em> Arbeitsplatte.<\/p>\n<p>[\/et_pb_text][et_pb_button button_url=&#8220;#Popul\u00e4r&#8220; button_text=&#8220;Mehr sehen&#8220; _builder_version=&#8220;4.17.4&#8243; _module_preset=&#8220;default&#8220; global_colors_info=&#8220;{}&#8220;][\/et_pb_button][\/et_pb_column][et_pb_column type=&#8220;1_2&#8243; _builder_version=&#8220;4.16&#8243; _module_preset=&#8220;default&#8220; global_colors_info=&#8220;{}&#8220;][et_pb_image src=&#8220;https:\/\/unika.co.uk\/wp-content\/uploads\/2022\/07\/product-installkit-quartzpremium-logo.png&#8220; title_text=&#8220;Produkt-Einbausatz-Quarz-Premium-Logo&#8220; show_bottom_space=&#8220;off&#8220; _builder_version=&#8220;4.17.4&#8243; _module_preset=&#8220;default&#8220; global_colors_info=&#8220;{}&#8220;][\/et_pb_image][\/et_pb_column][\/et_pb_row][\/et_pb_section][et_pb_section fb_built=&#8220;1&#8243; _builder_version=&#8220;4.16&#8243; _module_preset=&#8220;default&#8220; background_color=&#8220;#ffffff&#8220; global_colors_info=&#8220;{}&#8220;][et_pb_row _builder_version=&#8220;4.16&#8243; _module_preset=&#8220;default&#8220; global_colors_info=&#8220;{}&#8220;][et_pb_column type=&#8220;4_4&#8243; _builder_version=&#8220;4.16&#8243; _module_preset=&#8220;default&#8220; global_colors_info=&#8220;{}&#8220;][et_pb_text _builder_version=&#8220;4.16&#8243; _module_preset=&#8220;default&#8220; header_2_text_align=&#8220;center&#8220; global_colors_info=&#8220;{}&#8220;]<\/p>\n<h2>Unika ist&#8230;<\/h2>\n<p>[\/et_pb_text][et_pb_divider divider_position=&#8220;center&#8220; divider_weight=&#8220;8px&#8220; _builder_version=&#8220;4.16&#8243; _module_preset=&#8220;default&#8220; background_color=&#8220;rgba(0,0,0,0)&#8220; width=&#8220;100px&#8220; module_alignment=&#8220;center&#8220; global_colors_info=&#8220;{}&#8220;][\/et_pb_divider][\/et_pb_column][\/et_pb_row][et_pb_row column_structure=&#8220;1_3,1_3,1_3&#8243; _builder_version=&#8220;4.16&#8243; _module_preset=&#8220;default&#8220; global_colors_info=&#8220;{}&#8220;][et_pb_column type=&#8220;1_3&#8243; _builder_version=&#8220;4.16&#8243; _module_preset=&#8220;default&#8220; background_color=&#8220;#edeceb&#8220; custom_padding=&#8220;25px|25px|25px|25px|true|true&#8220; global_colors_info=&#8220;{}&#8220;][et_pb_text _builder_version=&#8220;4.17.4&#8243; _module_preset=&#8220;default&#8220; header_2_font_size=&#8220;27px&#8220; custom_padding=&#8220;0px||0px|50px|false|false&#8220; border_width_left=&#8220;8px&#8220; border_color_left=&#8220;#f9001d&#8220; locked=&#8220;off&#8220; global_colors_info=&#8220;{}&#8220;]<\/p>\n<h2>Produkte f\u00fcr die Arbeitsplattenmontage<\/h2>\n<p>[\/et_pb_text][et_pb_text _builder_version=&#8220;4.17.4&#8243; _module_preset=&#8220;default&#8220; text_font_size=&#8220;18px&#8220; text_line_height=&#8220;1.5em&#8220; header_2_font_size=&#8220;25px&#8220; custom_padding=&#8220;|||50px|false|false&#8220; locked=&#8220;off&#8220; global_colors_info=&#8220;{}&#8220;]<\/p>\n<p>Farblich abgestimmte Premium-Arbeitsplatteninstallation<\/p>\n<p>[\/et_pb_text][et_pb_button button_url=&#8220;@ET-DC@eyJkeW5hbWljIjp0cnVlLCJjb250ZW50IjoicG9zdF9saW5rX3VybF9wYWdlIiwic2V0dGluZ3MiOnsicG9zdF9pZCI6Ijc2OSJ9fQ==@&#8220; button_text=&#8220;Mehr Infos lesen&#8220; _builder_version=&#8220;4.17.4&#8243; _dynamic_attributes=&#8220;button_url&#8220; _module_preset=&#8220;default&#8220; locked=&#8220;off&#8220; global_colors_info=&#8220;{}&#8220;][\/et_pb_button][\/et_pb_column][et_pb_column type=&#8220;1_3&#8243; _builder_version=&#8220;4.16&#8243; _module_preset=&#8220;default&#8220; background_color=&#8220;#edeceb&#8220; custom_padding=&#8220;25px|25px|25px|25px|true|true&#8220; global_colors_info=&#8220;{}&#8220;][et_pb_text _builder_version=&#8220;4.17.4&#8243; _module_preset=&#8220;default&#8220; header_2_font_size=&#8220;27px&#8220; custom_padding=&#8220;0px||0px|50px|false|false&#8220; border_width_left=&#8220;8px&#8220; border_color_left=&#8220;#f9001d&#8220; locked=&#8220;off&#8220; global_colors_info=&#8220;{}&#8220;]<\/p>\n<h2>Arbeitsplattenpflegeprodukte<\/h2>\n<p>[\/et_pb_text][et_pb_text _builder_version=&#8220;4.17.4&#8243; _module_preset=&#8220;default&#8220; text_font_size=&#8220;18px&#8220; text_line_height=&#8220;1.5em&#8220; header_2_font_size=&#8220;25px&#8220; custom_padding=&#8220;|||50px|false|false&#8220; locked=&#8220;off&#8220; global_colors_info=&#8220;{}&#8220;]<\/p>\n<p>Kraftvolle, aber schonende Spezialpflege f\u00fcr Arbeitsplatten<\/p>\n<p>[\/et_pb_text][et_pb_button button_url=&#8220;@ET-DC@eyJkeW5hbWljIjp0cnVlLCJjb250ZW50IjoicG9zdF9saW5rX3VybF9wYWdlIiwic2V0dGluZ3MiOnsicG9zdF9pZCI6IjEwMzMifX0=@&#8220; button_text=&#8220;Mehr Infos lesen&#8220; _builder_version=&#8220;4.17.4&#8243; _dynamic_attributes=&#8220;button_url&#8220; _module_preset=&#8220;default&#8220; locked=&#8220;off&#8220; global_colors_info=&#8220;{}&#8220;][\/et_pb_button][\/et_pb_column][et_pb_column type=&#8220;1_3&#8243; _builder_version=&#8220;4.16&#8243; _module_preset=&#8220;default&#8220; background_color=&#8220;#f9001d&#8220; custom_padding=&#8220;25px|25px|25px|25px|true|true&#8220; global_colors_info=&#8220;{}&#8220;][et_pb_text _builder_version=&#8220;4.17.4&#8243; _module_preset=&#8220;default&#8220; header_text_color=&#8220;#ffffff&#8220; header_2_text_color=&#8220;#ffffff&#8220; header_2_font_size=&#8220;27px&#8220; background_layout=&#8220;dark&#8220; custom_padding=&#8220;0px||0px|50px|false|false&#8220; border_width_left=&#8220;8px&#8220; border_color_left=&#8220;#edeceb&#8220; locked=&#8220;off&#8220; global_colors_info=&#8220;{}&#8220;]<\/p>\n<h2>Und so viel mehr&#8230;<\/h2>\n<p>[\/et_pb_text][et_pb_text _builder_version=&#8220;4.17.4&#8243; _module_preset=&#8220;default&#8220; text_text_color=&#8220;#ffffff&#8220; text_font_size=&#8220;18px&#8220; text_line_height=&#8220;1.5em&#8220; header_2_font_size=&#8220;25px&#8220; background_layout=&#8220;dark&#8220; custom_padding=&#8220;|||50px|false|false&#8220; locked=&#8220;off&#8220; global_colors_info=&#8220;{}&#8220;]<\/p>\n<p><span>Sehen Sie sich unsere Videos an, um zu erfahren, wie unsere Produkte f\u00fcr Sie arbeiten k\u00f6nnen<\/span><\/p>\n<p>[\/et_pb_text][et_pb_button button_url=&#8220;@ET-DC@eyJkeW5hbWljIjp0cnVlLCJjb250ZW50IjoicG9zdF9saW5rX3VybF9wYWdlIiwic2V0dGluZ3MiOnsicG9zdF9pZCI6IjE0MTEifX0=@&#8220; button_text=&#8220;Unsere Videos&#8220; _builder_version=&#8220;4.17.4&#8243; _dynamic_attributes=&#8220;button_url&#8220; _module_preset=&#8220;default&#8220; button_text_color=&#8220;#f9001d&#8220; button_bg_color=&#8220;#ffffff&#8220; locked=&#8220;off&#8220; global_colors_info=&#8220;{}&#8220;][\/et_pb_button][\/et_pb_column][\/et_pb_row][\/et_pb_section][et_pb_section fb_built=&#8220;1&#8243; _builder_version=&#8220;4.16&#8243; _module_preset=&#8220;default&#8220; background_color=&#8220;#edeceb&#8220; global_colors_info=&#8220;{}&#8220;][et_pb_row column_structure=&#8220;1_2,1_2&#8243; gutter_width=&#8220;1&#8243; _builder_version=&#8220;4.17.4&#8243; _module_preset=&#8220;default&#8220; global_colors_info=&#8220;{}&#8220;][et_pb_column type=&#8220;1_2&#8243; _builder_version=&#8220;4.16&#8243; _module_preset=&#8220;default&#8220; global_colors_info=&#8220;{}&#8220;][et_pb_text _builder_version=&#8220;4.17.4&#8243; _module_preset=&#8220;default&#8220; custom_margin=&#8220;|40px|40px||false|false&#8220; global_colors_info=&#8220;{}&#8220;]Unika bietet ein umfassendes Sortiment an farblich abgestimmten Klebstoffen, Dichtungsmitteln und Spezialreinigern f\u00fcr die Herstellung, Installation und Pflege von Arbeitsfl\u00e4chen aller Art. Zu den Oberfl\u00e4chen geh\u00f6ren: Quarz, Granit, Laminat, Massivholz, feste Oberfl\u00e4chen, Verbundwerkstoffe, Keramik und Porzellan.[\/et_pb_text][et_pb_button button_url=&#8220;@ET-DC@eyJkeW5hbWljIjp0cnVlLCJjb250ZW50IjoicG9zdF9saW5rX3VybF9wYWdlIiwic2V0dGluZ3MiOnsicG9zdF9pZCI6Ijc2OSJ9fQ==@&#8220; button_text=&#8220;Unsere passenden Produkte&#8220; _builder_version=&#8220;4.17.4&#8243; _dynamic_attributes=&#8220;button_url&#8220; _module_preset=&#8220;default&#8220; custom_margin=&#8220;|||0px|false|false&#8220; locked=&#8220;off&#8220; global_colors_info=&#8220;{}&#8220;][\/et_pb_button][et_pb_text _builder_version=&#8220;4.16&#8243; _module_preset=&#8220;default&#8220; text_font=&#8220;|300||on|||||&#8220; text_font_size=&#8220;35px&#8220; text_line_height=&#8220;1.5em&#8220; background_color=&#8220;#ffffff&#8220; custom_margin=&#8220;80px||||false|false&#8220; custom_padding=&#8220;50px|50px|50px|50px|true|true&#8220; text_font_size_tablet=&#8220;30px&#8220; text_font_size_phone=&#8220;22px&#8220; text_font_size_last_edited=&#8220;on|phone&#8220; global_colors_info=&#8220;{}&#8220;]<\/p>\n<p>stellen Sie sicher, dass Ihre Kunden eine hochwertige Unika-Premium-Arbeitsplatte erhalten, f\u00fcr eine K\u00fcche, die f\u00fcr die Ewigkeit gebaut ist.<\/p>\n<p>[\/et_pb_text][\/et_pb_column][et_pb_column type=&#8220;1_2&#8243; _builder_version=&#8220;4.16&#8243; _module_preset=&#8220;default&#8220; global_colors_info=&#8220;{}&#8220;][et_pb_image src=&#8220;https:\/\/unika.co.uk\/wp-content\/uploads\/2020\/11\/hp-nicekitchen-temp.jpg&#8220; title_text=&#8220;hp-nicekitchen-temp&#8220; _builder_version=&#8220;4.16&#8243; _module_preset=&#8220;default&#8220; global_colors_info=&#8220;{}&#8220;][\/et_pb_image][\/et_pb_column][\/et_pb_row][\/et_pb_section][et_pb_section fb_built=&#8220;1&#8243; _builder_version=&#8220;4.16&#8243; _module_preset=&#8220;default&#8220; background_color=&#8220;#f9001d&#8220; custom_padding=&#8220;20px||20px||true|false&#8220; global_colors_info=&#8220;{}&#8220; admin_label=&#8220;LinkedIn Link&#8220; collapsed=&#8220;on&#8220; global_module=&#8220;1447&#8243; saved_tabs=&#8220;all&#8220;][et_pb_row column_structure=&#8220;1_2,1_2&#8243; _builder_version=&#8220;4.16&#8243; _module_preset=&#8220;default&#8220; global_colors_info=&#8220;{}&#8220;][et_pb_column type=&#8220;1_2&#8243; _builder_version=&#8220;4.16&#8243; _module_preset=&#8220;default&#8220; global_colors_info=&#8220;{}&#8220;][et_pb_text _builder_version=&#8220;4.17.4&#8243; _module_preset=&#8220;default&#8220; header_3_text_color=&#8220;#ffffff&#8220; hover_enabled=&#8220;0&#8243; global_colors_info=&#8220;{}&#8220; sticky_enabled=&#8220;0&#8243;]<\/p>\n<h3>Folgen Sie den Updates von IPS Adhesive auf LinkedIn<\/h3>\n<p>[\/et_pb_text][\/et_pb_column][et_pb_column type=&#8220;1_2&#8243; _builder_version=&#8220;4.16&#8243; _module_preset=&#8220;default&#8220; global_colors_info=&#8220;{}&#8220;][et_pb_button button_text=&#8220;Jetzt folgen&#8220; button_alignment=&#8220;center&#8220; _builder_version=&#8220;4.17.4&#8243; _module_preset=&#8220;default&#8220; button_text_color=&#8220;#f9001d&#8220; button_bg_color=&#8220;#ffffff&#8220; custom_margin=&#8220;|||0px|false|false&#8220; hover_enabled=&#8220;0&#8243; locked=&#8220;off&#8220; global_colors_info=&#8220;{}&#8220; button_url=&#8220;https:\/\/www.linkedin.com\/company\/ips-adhesives\/&#8220; url_new_window=&#8220;on&#8220; sticky_enabled=&#8220;0&#8243;][\/et_pb_button][\/et_pb_column][\/et_pb_row][\/et_pb_section][et_pb_section fb_built=&#8220;1&#8243; module_id=&#8220;beliebt&#8220; _builder_version=&#8220;4.17.4&#8243; _module_preset=&#8220;default&#8220; background_color=&#8220;#edeceb&#8220; custom_padding=&#8220;10px||100px||false|false&#8220; locked=&#8220;off&#8220; global_colors_info=&#8220;{}&#8220;][et_pb_row column_structure=&#8220;1_2,1_2&#8243; _builder_version=&#8220;4.16&#8243; _module_preset=&#8220;default&#8220; global_colors_info=&#8220;{}&#8220;][et_pb_column type=&#8220;1_2&#8243; _builder_version=&#8220;4.16&#8243; _module_preset=&#8220;default&#8220; global_colors_info=&#8220;{}&#8220;][et_pb_portfolio fullwidth=&#8220;off&#8220; posts_number=&#8220;4&#8243; include_categories=&#8220;31&#8243; show_categories=&#8220;off&#8220; show_pagination=&#8220;off&#8220; zoom_icon_color=&#8220;#FFFFFF&#8220; hover_overlay_color=&#8220;rgba(249,0,29,0.7)&#8220; _builder_version=&#8220;4.17.4&#8243; _module_preset=&#8220;default&#8220; title_font=&#8220;||||||||&#8220; title_text_align=&#8220;center&#8220; title_text_color=&#8220;#FFFFFF&#8220; background_color=&#8220;rgba(255,255,255,0.4)&#8220; background_layout=&#8220;dark&#8220; width=&#8220;100%&#8220; max_width=&#8220;100%&#8220; module_alignment=&#8220;center&#8220; custom_margin=&#8220;||||false|false&#8220; custom_padding=&#8220;||||true|false&#8220; custom_css_portfolio_title=&#8220;background-color: #f9001d;||    padding-top: 20px;||    padding-bottom: 20px !important;||margin:0 !important;&#8220; locked=&#8220;off&#8220; global_colors_info=&#8220;{}&#8220;][\/et_pb_portfolio][\/et_pb_column][et_pb_column type=&#8220;1_2&#8243; _builder_version=&#8220;4.16&#8243; _module_preset=&#8220;default&#8220; custom_padding=&#8220;|30px||30px|false|true&#8220; global_colors_info=&#8220;{}&#8220;][et_pb_divider divider_weight=&#8220;8px&#8220; _builder_version=&#8220;4.16&#8243; _module_preset=&#8220;default&#8220; background_color=&#8220;rgba(0,0,0,0)&#8220; width=&#8220;100px&#8220; module_alignment=&#8220;left&#8220; height=&#8220;50px&#8220; locked=&#8220;off&#8220; global_colors_info=&#8220;{}&#8220;][\/et_pb_divider][et_pb_text _builder_version=&#8220;4.17.4&#8243; _module_preset=&#8220;default&#8220; global_colors_info=&#8220;{}&#8220;]<\/p>\n<h2>Unsere beliebtesten Produkte<\/h2>\n<p>Wir fertigen ma\u00dfgeschneiderte, farblich abgestimmte L\u00f6sungen zur Installation und Pflege f\u00fcr alle Oberfl\u00e4chen und Platten. Alle Einbau-Kits wurden in Zusammenarbeit mit Installateuren entwickelt, sind farblich auf die DE&lt;2.00 abgestimmt, garantieren wasserdichte, hygienische Fugen und beinhalten sehr hochwertige Verbinder und Pflegeprodukte, um sicherzustellen, dass Ihre Kunden die beste Arbeitsplatteninstallation erhalten \u2013 gebaut f\u00fcr die Ewigkeit. Mit nur einem Installations- und Pflege-Kit erh\u00e4lt jede Arbeitsfl\u00e4che die optimale Befestigung und Pflege \u2013 ein Leben lang.<\/p>\n<p>&nbsp;<\/p>\n<h4>Ein einziges Installations-Kit pro Arbeitsplatte:<\/h4>\n<ul>\n<li>Hersteller und Verarbeiter stellen so sicher, dass jede Arbeitsfl\u00e4che einheitlich installiert wird.<\/li>\n<li>In nur einem Installations-Kit erhalten die Installateure alle korrekten, farblich perfekt aufeinander abgestimmten Produkte, die sie f\u00fcr die Installation ben\u00f6tigen.<\/li>\n<li>Wasserdichte, absolut hygienisch und farblich abgestimmte Fugen und Verklebung f\u00fcr Arbeitsplatten f\u00fcr die Ewigkeit. Und f\u00fcr die korrekte Pflege auch die richtigen Pflegeprodukte \u2013 ein simpler Weg um die Wertsch\u00f6pfung Ihrer Produkte zu erh\u00f6hen. Sie erhalten auch die richtige Nachsorgel\u00f6sung f\u00fcr ihre Oberfl\u00e4che.<\/li>\n<\/ul>\n<p>[\/et_pb_text][et_pb_button button_url=&#8220;@ET-DC@eyJkeW5hbWljIjp0cnVlLCJjb250ZW50IjoicG9zdF9saW5rX3VybF9wYWdlIiwic2V0dGluZ3MiOnsicG9zdF9pZCI6Ijc2OSJ9fQ==@&#8220; button_text=&#8220;Alle passenden Produkte anzeigen&#8220; _builder_version=&#8220;4.17.4&#8243; _dynamic_attributes=&#8220;button_url&#8220; _module_preset=&#8220;default&#8220; custom_margin=&#8220;60px|||0px|false|false&#8220; locked=&#8220;off&#8220; global_colors_info=&#8220;{}&#8220;][\/et_pb_button][\/et_pb_column][\/et_pb_row][\/et_pb_section]<\/p>\n","protected":false},"excerpt":{"rendered":"<p>Bieten Ihre Arbeitsplatten eine Unika Installations- und Pflegel\u00f6sung?Hochwertige, ma\u00dfgeschneiderte Installations- und Pflegel\u00f6sungen f\u00fcr jede Arbeitsplatte.Unika ist&#8230;Produkte f\u00fcr die ArbeitsplattenmontageFarblich abgestimmte Premium-ArbeitsplatteninstallationArbeitsplattenpflegeprodukteKraftvolle, aber schonende Spezialpflege f\u00fcr ArbeitsplattenUnd so viel mehr&#8230;Sehen Sie sich unsere Videos an, um zu erfahren, wie unsere Produkte f\u00fcr Sie arbeiten k\u00f6nnenUnika bietet ein umfassendes Sortiment an farblich abgestimmten Klebstoffen, Dichtungsmitteln und Spezialreinigern [&hellip;]<\/p>\n","protected":false},"author":1,"featured_media":0,"parent":0,"menu_order":0,"comment_status":"closed","ping_status":"closed","template":"","meta":{"_et_pb_use_builder":"on","_et_pb_old_content":"","_et_gb_content_width":"","footnotes":""},"class_list":["post-3696","page","type-page","status-publish","hentry"],"yoast_head":"<!-- This site is optimized with the Yoast SEO plugin v25.6 - https:\/\/yoast.com\/wordpress\/plugins\/seo\/ -->\n<title>Startseite - Unika<\/title>\n<meta name=\"robots\" content=\"index, follow, max-snippet:-1, max-image-preview:large, max-video-preview:-1\" \/>\n<link rel=\"canonical\" href=\"https:\/\/unika.co.uk\/de\/\" \/>\n<meta property=\"og:locale\" content=\"de_DE\" \/>\n<meta property=\"og:type\" content=\"article\" \/>\n<meta property=\"og:title\" content=\"Startseite - Unika\" \/>\n<meta property=\"og:description\" content=\"Bieten Ihre Arbeitsplatten eine Unika Installations- und Pflegel\u00f6sung?Hochwertige, ma\u00dfgeschneiderte Installations- und Pflegel\u00f6sungen f\u00fcr jede Arbeitsplatte.Unika ist...Produkte f\u00fcr die ArbeitsplattenmontageFarblich abgestimmte Premium-ArbeitsplatteninstallationArbeitsplattenpflegeprodukteKraftvolle, aber schonende Spezialpflege f\u00fcr ArbeitsplattenUnd so viel mehr...Sehen Sie sich unsere Videos an, um zu erfahren, wie unsere Produkte f\u00fcr Sie arbeiten k\u00f6nnenUnika bietet ein umfassendes Sortiment an farblich abgestimmten Klebstoffen, Dichtungsmitteln und Spezialreinigern [&hellip;]\" \/>\n<meta property=\"og:url\" content=\"https:\/\/unika.co.uk\/de\/\" \/>\n<meta property=\"og:site_name\" content=\"Unika\" \/>\n<meta property=\"article:modified_time\" content=\"2022-09-15T13:52:39+00:00\" \/>\n<meta name=\"twitter:card\" content=\"summary_large_image\" \/>\n<meta name=\"twitter:label1\" content=\"Gesch\u00e4tzte Lesezeit\" \/>\n\t<meta name=\"twitter:data1\" content=\"9\u00a0Minuten\" \/>\n<script type=\"application\/ld+json\" class=\"yoast-schema-graph\">{\"@context\":\"https:\/\/schema.org\",\"@graph\":[{\"@type\":\"WebPage\",\"@id\":\"https:\/\/unika.co.uk\/de\/\",\"url\":\"https:\/\/unika.co.uk\/de\/\",\"name\":\"Startseite - Unika\",\"isPartOf\":{\"@id\":\"https:\/\/unika.co.uk\/de\/#website\"},\"datePublished\":\"2020-11-04T16:22:00+00:00\",\"dateModified\":\"2022-09-15T13:52:39+00:00\",\"breadcrumb\":{\"@id\":\"https:\/\/unika.co.uk\/de\/#breadcrumb\"},\"inLanguage\":\"de\",\"potentialAction\":[{\"@type\":\"ReadAction\",\"target\":[\"https:\/\/unika.co.uk\/de\/\"]}]},{\"@type\":\"BreadcrumbList\",\"@id\":\"https:\/\/unika.co.uk\/de\/#breadcrumb\",\"itemListElement\":[{\"@type\":\"ListItem\",\"position\":1,\"name\":\"Home\",\"item\":\"https:\/\/unika.co.uk\/de\/startseite\/\"},{\"@type\":\"ListItem\",\"position\":2,\"name\":\"Startseite\"}]},{\"@type\":\"WebSite\",\"@id\":\"https:\/\/unika.co.uk\/de\/#website\",\"url\":\"https:\/\/unika.co.uk\/de\/\",\"name\":\"Unika\",\"description\":\"Kitchen fitting supplies from Unika\",\"publisher\":{\"@id\":\"https:\/\/unika.co.uk\/de\/#organization\"},\"potentialAction\":[{\"@type\":\"SearchAction\",\"target\":{\"@type\":\"EntryPoint\",\"urlTemplate\":\"https:\/\/unika.co.uk\/de\/?s={search_term_string}\"},\"query-input\":{\"@type\":\"PropertyValueSpecification\",\"valueRequired\":true,\"valueName\":\"search_term_string\"}}],\"inLanguage\":\"de\"},{\"@type\":\"Organization\",\"@id\":\"https:\/\/unika.co.uk\/de\/#organization\",\"name\":\"Unika\",\"url\":\"https:\/\/unika.co.uk\/de\/\",\"logo\":{\"@type\":\"ImageObject\",\"inLanguage\":\"de\",\"@id\":\"https:\/\/unika.co.uk\/de\/#\/schema\/logo\/image\/\",\"url\":\"https:\/\/unika.co.uk\/wp-content\/uploads\/2020\/11\/header-logo-unika-ips-e1612284206405.png\",\"contentUrl\":\"https:\/\/unika.co.uk\/wp-content\/uploads\/2020\/11\/header-logo-unika-ips-e1612284206405.png\",\"width\":512,\"height\":115,\"caption\":\"Unika\"},\"image\":{\"@id\":\"https:\/\/unika.co.uk\/de\/#\/schema\/logo\/image\/\"}}]}<\/script>\n<!-- \/ Yoast SEO plugin. -->","yoast_head_json":{"title":"Startseite - Unika","robots":{"index":"index","follow":"follow","max-snippet":"max-snippet:-1","max-image-preview":"max-image-preview:large","max-video-preview":"max-video-preview:-1"},"canonical":"https:\/\/unika.co.uk\/de\/","og_locale":"de_DE","og_type":"article","og_title":"Startseite - Unika","og_description":"Bieten Ihre Arbeitsplatten eine Unika Installations- und Pflegel\u00f6sung?Hochwertige, ma\u00dfgeschneiderte Installations- und Pflegel\u00f6sungen f\u00fcr jede Arbeitsplatte.Unika ist...Produkte f\u00fcr die ArbeitsplattenmontageFarblich abgestimmte Premium-ArbeitsplatteninstallationArbeitsplattenpflegeprodukteKraftvolle, aber schonende Spezialpflege f\u00fcr ArbeitsplattenUnd so viel mehr...Sehen Sie sich unsere Videos an, um zu erfahren, wie unsere Produkte f\u00fcr Sie arbeiten k\u00f6nnenUnika bietet ein umfassendes Sortiment an farblich abgestimmten Klebstoffen, Dichtungsmitteln und Spezialreinigern [&hellip;]","og_url":"https:\/\/unika.co.uk\/de\/","og_site_name":"Unika","article_modified_time":"2022-09-15T13:52:39+00:00","twitter_card":"summary_large_image","twitter_misc":{"Gesch\u00e4tzte Lesezeit":"9\u00a0Minuten"},"schema":{"@context":"https:\/\/schema.org","@graph":[{"@type":"WebPage","@id":"https:\/\/unika.co.uk\/de\/","url":"https:\/\/unika.co.uk\/de\/","name":"Startseite - Unika","isPartOf":{"@id":"https:\/\/unika.co.uk\/de\/#website"},"datePublished":"2020-11-04T16:22:00+00:00","dateModified":"2022-09-15T13:52:39+00:00","breadcrumb":{"@id":"https:\/\/unika.co.uk\/de\/#breadcrumb"},"inLanguage":"de","potentialAction":[{"@type":"ReadAction","target":["https:\/\/unika.co.uk\/de\/"]}]},{"@type":"BreadcrumbList","@id":"https:\/\/unika.co.uk\/de\/#breadcrumb","itemListElement":[{"@type":"ListItem","position":1,"name":"Home","item":"https:\/\/unika.co.uk\/de\/startseite\/"},{"@type":"ListItem","position":2,"name":"Startseite"}]},{"@type":"WebSite","@id":"https:\/\/unika.co.uk\/de\/#website","url":"https:\/\/unika.co.uk\/de\/","name":"Unika","description":"Kitchen fitting supplies from Unika","publisher":{"@id":"https:\/\/unika.co.uk\/de\/#organization"},"potentialAction":[{"@type":"SearchAction","target":{"@type":"EntryPoint","urlTemplate":"https:\/\/unika.co.uk\/de\/?s={search_term_string}"},"query-input":{"@type":"PropertyValueSpecification","valueRequired":true,"valueName":"search_term_string"}}],"inLanguage":"de"},{"@type":"Organization","@id":"https:\/\/unika.co.uk\/de\/#organization","name":"Unika","url":"https:\/\/unika.co.uk\/de\/","logo":{"@type":"ImageObject","inLanguage":"de","@id":"https:\/\/unika.co.uk\/de\/#\/schema\/logo\/image\/","url":"https:\/\/unika.co.uk\/wp-content\/uploads\/2020\/11\/header-logo-unika-ips-e1612284206405.png","contentUrl":"https:\/\/unika.co.uk\/wp-content\/uploads\/2020\/11\/header-logo-unika-ips-e1612284206405.png","width":512,"height":115,"caption":"Unika"},"image":{"@id":"https:\/\/unika.co.uk\/de\/#\/schema\/logo\/image\/"}}]}},"_links":{"self":[{"href":"https:\/\/unika.co.uk\/de\/wp-json\/wp\/v2\/pages\/3696","targetHints":{"allow":["GET"]}}],"collection":[{"href":"https:\/\/unika.co.uk\/de\/wp-json\/wp\/v2\/pages"}],"about":[{"href":"https:\/\/unika.co.uk\/de\/wp-json\/wp\/v2\/types\/page"}],"author":[{"embeddable":true,"href":"https:\/\/unika.co.uk\/de\/wp-json\/wp\/v2\/users\/1"}],"replies":[{"embeddable":true,"href":"https:\/\/unika.co.uk\/de\/wp-json\/wp\/v2\/comments?post=3696"}],"version-history":[{"count":10,"href":"https:\/\/unika.co.uk\/de\/wp-json\/wp\/v2\/pages\/3696\/revisions"}],"predecessor-version":[{"id":3702,"href":"https:\/\/unika.co.uk\/de\/wp-json\/wp\/v2\/pages\/3696\/revisions\/3702"}],"wp:attachment":[{"href":"https:\/\/unika.co.uk\/de\/wp-json\/wp\/v2\/media?parent=3696"}],"curies":[{"name":"wp","href":"https:\/\/api.w.org\/{rel}","templated":true}]}}