{"id":4659,"date":"2022-07-08T21:47:44","date_gmt":"2022-07-08T20:47:44","guid":{"rendered":"https:\/\/unika.co.uk\/acerca-de-unika\/"},"modified":"2023-09-03T09:18:45","modified_gmt":"2023-09-03T08:18:45","slug":"acerca-de-unika","status":"publish","type":"page","link":"https:\/\/unika.co.uk\/es\/acerca-de-unika\/","title":{"rendered":"Acerca de Unika"},"content":{"rendered":"<p>[et_pb_section fb_built=\u00bb1&#8243; admin_label=\u00bbHEADER\u00bb _builder_version=\u00bb4.17.4&#8243; _module_preset=\u00bbdefault\u00bb background_color=\u00bb#edeceb\u00bb background_image=\u00bbhttps:\/\/unika.co.uk\/wp-content\/uploads\/2020\/11\/home-bg-head-separator-scaled.jpg\u00bb background_size=\u00bbcontain\u00bb background_position=\u00bbbottom_center\u00bb custom_padding=\u00bb50px||0px||false|false\u00bb collapsed=\u00bboff\u00bb global_colors_info=\u00bb{}\u00bb][et_pb_row column_structure=\u00bb3_5,2_5&#8243; _builder_version=\u00bb4.17.4&#8243; _module_preset=\u00bbdefault\u00bb custom_padding=\u00bb0px||||false|false\u00bb collapsed=\u00bboff\u00bb global_colors_info=\u00bb{}\u00bb][et_pb_column type=\u00bb3_5&#8243; _builder_version=\u00bb4.17.4&#8243; _module_preset=\u00bbdefault\u00bb custom_padding=\u00bb30px||30px||false|false\u00bb global_colors_info=\u00bb{}\u00bb][et_pb_text _builder_version=\u00bb4.17.4&#8243; _module_preset=\u00bbdefault\u00bb custom_margin=\u00bb||||false|false\u00bb custom_padding=\u00bb0px||0px|45px|false|false\u00bb border_width_left=\u00bb8px\u00bb border_color_left=\u00bb#f9001d\u00bb global_colors_info=\u00bb{}\u00bb]<\/p>\n<h1>Instalaci\u00f3n y mantenimiento de alta calidad para su superficie de trabajo<\/h1>\n<p>[\/et_pb_text][et_pb_text _builder_version=\u00bb4.17.4&#8243; _module_preset=\u00bbdefault\u00bb text_font_size=\u00bb18px\u00bb text_line_height=\u00bb1.5em\u00bb custom_padding=\u00bb|||50px|false|false\u00bb global_colors_info=\u00bb{}\u00bb]<\/p>\n<p>Cuando Unika abri\u00f3 sus puertas en 1987, la idea era sencilla: ofrecer a los instaladores de cocinas las mejores soluciones para instalar perfectamente una superficie de trabajo laminada.  <\/p>\n<p>[\/et_pb_text][\/et_pb_column][et_pb_column type=\u00bb2_5&#8243; _builder_version=\u00bb4.16&#8243; _module_preset=\u00bbdefault\u00bb global_colors_info=\u00bb{}\u00bb][et_pb_image src=\u00bbhttps:\/\/unika.co.uk\/wp-content\/uploads\/2022\/07\/about-drone.png\u00bb title_text=\u00bbabout-drone\u00bb show_bottom_space=\u00bboff\u00bb align=\u00bbcenter\u00bb _builder_version=\u00bb4.17.4&#8243; _module_preset=\u00bbdefault\u00bb width_tablet=\u00bb80%\u00bb width_phone=\u00bb80%\u00bb width_last_edited=\u00bbon|tablet\u00bb module_alignment=\u00bbcenter\u00bb global_colors_info=\u00bb{}\u00bb][\/et_pb_image][\/et_pb_column][\/et_pb_row][\/et_pb_section][et_pb_section fb_built=\u00bb1&#8243; _builder_version=\u00bb4.17.4&#8243; _module_preset=\u00bbdefault\u00bb background_color=\u00bbRGBA(255,255,255,0)\u00bb global_colors_info=\u00bb{}\u00bb][et_pb_row column_structure=\u00bb1_2,1_2&#8243; gutter_width=\u00bb1&#8243; _builder_version=\u00bb4.17.4&#8243; _module_preset=\u00bbdefault\u00bb custom_padding=\u00bb||74px|||\u00bb global_colors_info=\u00bb{}\u00bb][et_pb_column type=\u00bb1_2&#8243; _builder_version=\u00bb4.16&#8243; _module_preset=\u00bbdefault\u00bb global_colors_info=\u00bb{}\u00bb][et_pb_text _builder_version=\u00bb4.17.4&#8243; _module_preset=\u00bbdefault\u00bb custom_margin=\u00bb|40px|40px||false|false\u00bb custom_margin_tablet=\u00bb|0px|0px||false|false\u00bb custom_margin_phone=\u00bb|0px|0px||false|false\u00bb custom_margin_last_edited=\u00bbon|tablet\u00bb global_colors_info=\u00bb{}\u00bb]<\/p>\n<p><strong>ColorFill, MitreBond y Worktop Jigs fueron el comienzo.<\/strong><\/p>\n<p>M\u00e1s de 30 a\u00f1os despu\u00e9s, nuestra devoci\u00f3n por el mercado de la instalaci\u00f3n de cocinas y el mantenimiento posterior no ha cambiado. Seguimos trabajando con los instaladores de cocinas, los fabricantes de encimeras y los especialistas en limpieza para desarrollar las mejores soluciones para cada material y dise\u00f1o de encimera. A medida que hemos crecido, nuestra cartera se ha ampliado para incluir todas las superficies de trabajo: superficie s\u00f3lida, granito, cuarzo, laminado compacto, porcelana y mucho m\u00e1s.<\/p>\n<p>[\/et_pb_text][et_pb_text _builder_version=\u00bb4.17.4&#8243; _module_preset=\u00bbdefault\u00bb text_font=\u00bb|300||on|||||\u00bb text_font_size=\u00bb35px\u00bb text_line_height=\u00bb1.5em\u00bb background_color=\u00bb#EDECEB\u00bb custom_margin=\u00bb80px||||false|false\u00bb custom_padding=\u00bb50px|50px|50px|50px|true|true\u00bb text_font_size_tablet=\u00bb30px\u00bb text_font_size_phone=\u00bb22px\u00bb text_font_size_last_edited=\u00bbon|phone\u00bb global_colors_info=\u00bb{}\u00bb]<\/p>\n<p>Nuestra oferta de kits de instalaci\u00f3n y cuidado personalizados de primera calidad para paneles y superficies se est\u00e1 convirtiendo r\u00e1pidamente en el est\u00e1ndar del sector para garantizar una instalaci\u00f3n de color perfecto.<\/p>\n<p>[\/et_pb_text][\/et_pb_column][et_pb_column type=\u00bb1_2&#8243; _builder_version=\u00bb4.16&#8243; _module_preset=\u00bbdefault\u00bb global_colors_info=\u00bb{}\u00bb][et_pb_image src=\u00bbhttps:\/\/unika.co.uk\/wp-content\/uploads\/2022\/07\/image-fullrange.jpg\u00bb title_text=\u00bbimage-fullrange\u00bb _builder_version=\u00bb4.17.4&#8243; _module_preset=\u00bbdefault\u00bb global_colors_info=\u00bb{}\u00bb][\/et_pb_image][et_pb_text _builder_version=\u00bb4.17.4&#8243; _module_preset=\u00bbdefault\u00bb custom_margin=\u00bb40px||40px|40px|false|false\u00bb custom_margin_tablet=\u00bb|||0px|false|false\u00bb custom_margin_phone=\u00bb|||0px|false|false\u00bb custom_margin_last_edited=\u00bbon|tablet\u00bb locked=\u00bboff\u00bb global_colors_info=\u00bb{}\u00bb]Todos los kits se han desarrollado en colaboraci\u00f3n con los instaladores, y garantizan una junta de encimera impermeable e higi\u00e9nica, construida para durar.<\/p>\n<p>Junto con nuestra cartera, nuestra misi\u00f3n tambi\u00e9n se ha ampliado para fabricar productos que colaboren con nuestra clara pol\u00edtica de sostenibilidad medioambiental. A trav\u00e9s de nuestro sistema de gesti\u00f3n medioambiental ISO14001, nos fijamos cada a\u00f1o objetivos y metas estrictos para marcar una diferencia positiva en cuanto a la energ\u00eda, los materiales y los flujos de residuos que utilizamos.[\/et_pb_text][\/et_pb_column][\/et_pb_row][\/et_pb_section]<\/p>\n","protected":false},"excerpt":{"rendered":"<p>Instalaci\u00f3n y mantenimiento de alta calidad para su superficie de trabajoCuando Unika abri\u00f3 sus puertas en 1987, la idea era sencilla: ofrecer a los instaladores de cocinas las mejores soluciones para instalar perfectamente una superficie de trabajo laminada. ColorFill, MitreBond y Worktop Jigs fueron el comienzo. M\u00e1s de 30 a\u00f1os despu\u00e9s, nuestra devoci\u00f3n por el [&hellip;]<\/p>\n","protected":false},"author":1,"featured_media":0,"parent":0,"menu_order":0,"comment_status":"closed","ping_status":"closed","template":"","meta":{"_et_pb_use_builder":"on","_et_pb_old_content":"","_et_gb_content_width":"","footnotes":""},"class_list":["post-4659","page","type-page","status-publish","hentry"],"yoast_head":"<!-- This site is optimized with the Yoast SEO plugin v25.6 - https:\/\/yoast.com\/wordpress\/plugins\/seo\/ -->\n<title>Acerca de Unika - Unika<\/title>\n<meta name=\"robots\" content=\"index, follow, max-snippet:-1, max-image-preview:large, max-video-preview:-1\" \/>\n<link rel=\"canonical\" href=\"https:\/\/unika.co.uk\/es\/acerca-de-unika\/\" \/>\n<meta property=\"og:locale\" content=\"es_ES\" \/>\n<meta property=\"og:type\" content=\"article\" \/>\n<meta property=\"og:title\" content=\"Acerca de Unika - Unika\" \/>\n<meta property=\"og:description\" content=\"Instalaci\u00f3n y mantenimiento de alta calidad para su superficie de trabajoCuando Unika abri\u00f3 sus puertas en 1987, la idea era sencilla: ofrecer a los instaladores de cocinas las mejores soluciones para instalar perfectamente una superficie de trabajo laminada. ColorFill, MitreBond y Worktop Jigs fueron el comienzo. M\u00e1s de 30 a\u00f1os despu\u00e9s, nuestra devoci\u00f3n por el [&hellip;]\" \/>\n<meta property=\"og:url\" content=\"https:\/\/unika.co.uk\/es\/acerca-de-unika\/\" \/>\n<meta property=\"og:site_name\" content=\"Unika\" \/>\n<meta property=\"article:modified_time\" content=\"2023-09-03T08:18:45+00:00\" \/>\n<meta name=\"twitter:card\" content=\"summary_large_image\" \/>\n<meta name=\"twitter:label1\" content=\"Tiempo de lectura\" \/>\n\t<meta name=\"twitter:data1\" content=\"4 minutos\" \/>\n<script type=\"application\/ld+json\" class=\"yoast-schema-graph\">{\"@context\":\"https:\/\/schema.org\",\"@graph\":[{\"@type\":\"WebPage\",\"@id\":\"https:\/\/unika.co.uk\/es\/acerca-de-unika\/\",\"url\":\"https:\/\/unika.co.uk\/es\/acerca-de-unika\/\",\"name\":\"Acerca de Unika - Unika\",\"isPartOf\":{\"@id\":\"https:\/\/unika.co.uk\/es\/#website\"},\"datePublished\":\"2022-07-08T20:47:44+00:00\",\"dateModified\":\"2023-09-03T08:18:45+00:00\",\"breadcrumb\":{\"@id\":\"https:\/\/unika.co.uk\/es\/acerca-de-unika\/#breadcrumb\"},\"inLanguage\":\"es\",\"potentialAction\":[{\"@type\":\"ReadAction\",\"target\":[\"https:\/\/unika.co.uk\/es\/acerca-de-unika\/\"]}]},{\"@type\":\"BreadcrumbList\",\"@id\":\"https:\/\/unika.co.uk\/es\/acerca-de-unika\/#breadcrumb\",\"itemListElement\":[{\"@type\":\"ListItem\",\"position\":1,\"name\":\"Home\",\"item\":\"https:\/\/unika.co.uk\/es\/inicio\/\"},{\"@type\":\"ListItem\",\"position\":2,\"name\":\"Acerca de Unika\"}]},{\"@type\":\"WebSite\",\"@id\":\"https:\/\/unika.co.uk\/es\/#website\",\"url\":\"https:\/\/unika.co.uk\/es\/\",\"name\":\"Unika\",\"description\":\"Kitchen fitting supplies from Unika\",\"publisher\":{\"@id\":\"https:\/\/unika.co.uk\/es\/#organization\"},\"potentialAction\":[{\"@type\":\"SearchAction\",\"target\":{\"@type\":\"EntryPoint\",\"urlTemplate\":\"https:\/\/unika.co.uk\/es\/?s={search_term_string}\"},\"query-input\":{\"@type\":\"PropertyValueSpecification\",\"valueRequired\":true,\"valueName\":\"search_term_string\"}}],\"inLanguage\":\"es\"},{\"@type\":\"Organization\",\"@id\":\"https:\/\/unika.co.uk\/es\/#organization\",\"name\":\"Unika\",\"url\":\"https:\/\/unika.co.uk\/es\/\",\"logo\":{\"@type\":\"ImageObject\",\"inLanguage\":\"es\",\"@id\":\"https:\/\/unika.co.uk\/es\/#\/schema\/logo\/image\/\",\"url\":\"https:\/\/unika.co.uk\/wp-content\/uploads\/2020\/11\/header-logo-unika-ips-e1612284206405.png\",\"contentUrl\":\"https:\/\/unika.co.uk\/wp-content\/uploads\/2020\/11\/header-logo-unika-ips-e1612284206405.png\",\"width\":512,\"height\":115,\"caption\":\"Unika\"},\"image\":{\"@id\":\"https:\/\/unika.co.uk\/es\/#\/schema\/logo\/image\/\"}}]}<\/script>\n<!-- \/ Yoast SEO plugin. -->","yoast_head_json":{"title":"Acerca de Unika - Unika","robots":{"index":"index","follow":"follow","max-snippet":"max-snippet:-1","max-image-preview":"max-image-preview:large","max-video-preview":"max-video-preview:-1"},"canonical":"https:\/\/unika.co.uk\/es\/acerca-de-unika\/","og_locale":"es_ES","og_type":"article","og_title":"Acerca de Unika - Unika","og_description":"Instalaci\u00f3n y mantenimiento de alta calidad para su superficie de trabajoCuando Unika abri\u00f3 sus puertas en 1987, la idea era sencilla: ofrecer a los instaladores de cocinas las mejores soluciones para instalar perfectamente una superficie de trabajo laminada. ColorFill, MitreBond y Worktop Jigs fueron el comienzo. M\u00e1s de 30 a\u00f1os despu\u00e9s, nuestra devoci\u00f3n por el [&hellip;]","og_url":"https:\/\/unika.co.uk\/es\/acerca-de-unika\/","og_site_name":"Unika","article_modified_time":"2023-09-03T08:18:45+00:00","twitter_card":"summary_large_image","twitter_misc":{"Tiempo de lectura":"4 minutos"},"schema":{"@context":"https:\/\/schema.org","@graph":[{"@type":"WebPage","@id":"https:\/\/unika.co.uk\/es\/acerca-de-unika\/","url":"https:\/\/unika.co.uk\/es\/acerca-de-unika\/","name":"Acerca de Unika - Unika","isPartOf":{"@id":"https:\/\/unika.co.uk\/es\/#website"},"datePublished":"2022-07-08T20:47:44+00:00","dateModified":"2023-09-03T08:18:45+00:00","breadcrumb":{"@id":"https:\/\/unika.co.uk\/es\/acerca-de-unika\/#breadcrumb"},"inLanguage":"es","potentialAction":[{"@type":"ReadAction","target":["https:\/\/unika.co.uk\/es\/acerca-de-unika\/"]}]},{"@type":"BreadcrumbList","@id":"https:\/\/unika.co.uk\/es\/acerca-de-unika\/#breadcrumb","itemListElement":[{"@type":"ListItem","position":1,"name":"Home","item":"https:\/\/unika.co.uk\/es\/inicio\/"},{"@type":"ListItem","position":2,"name":"Acerca de Unika"}]},{"@type":"WebSite","@id":"https:\/\/unika.co.uk\/es\/#website","url":"https:\/\/unika.co.uk\/es\/","name":"Unika","description":"Kitchen fitting supplies from Unika","publisher":{"@id":"https:\/\/unika.co.uk\/es\/#organization"},"potentialAction":[{"@type":"SearchAction","target":{"@type":"EntryPoint","urlTemplate":"https:\/\/unika.co.uk\/es\/?s={search_term_string}"},"query-input":{"@type":"PropertyValueSpecification","valueRequired":true,"valueName":"search_term_string"}}],"inLanguage":"es"},{"@type":"Organization","@id":"https:\/\/unika.co.uk\/es\/#organization","name":"Unika","url":"https:\/\/unika.co.uk\/es\/","logo":{"@type":"ImageObject","inLanguage":"es","@id":"https:\/\/unika.co.uk\/es\/#\/schema\/logo\/image\/","url":"https:\/\/unika.co.uk\/wp-content\/uploads\/2020\/11\/header-logo-unika-ips-e1612284206405.png","contentUrl":"https:\/\/unika.co.uk\/wp-content\/uploads\/2020\/11\/header-logo-unika-ips-e1612284206405.png","width":512,"height":115,"caption":"Unika"},"image":{"@id":"https:\/\/unika.co.uk\/es\/#\/schema\/logo\/image\/"}}]}},"_links":{"self":[{"href":"https:\/\/unika.co.uk\/es\/wp-json\/wp\/v2\/pages\/4659","targetHints":{"allow":["GET"]}}],"collection":[{"href":"https:\/\/unika.co.uk\/es\/wp-json\/wp\/v2\/pages"}],"about":[{"href":"https:\/\/unika.co.uk\/es\/wp-json\/wp\/v2\/types\/page"}],"author":[{"embeddable":true,"href":"https:\/\/unika.co.uk\/es\/wp-json\/wp\/v2\/users\/1"}],"replies":[{"embeddable":true,"href":"https:\/\/unika.co.uk\/es\/wp-json\/wp\/v2\/comments?post=4659"}],"version-history":[{"count":6,"href":"https:\/\/unika.co.uk\/es\/wp-json\/wp\/v2\/pages\/4659\/revisions"}],"predecessor-version":[{"id":4704,"href":"https:\/\/unika.co.uk\/es\/wp-json\/wp\/v2\/pages\/4659\/revisions\/4704"}],"wp:attachment":[{"href":"https:\/\/unika.co.uk\/es\/wp-json\/wp\/v2\/media?parent=4659"}],"curies":[{"name":"wp","href":"https:\/\/api.w.org\/{rel}","templated":true}]}}