{"id":4777,"date":"2022-07-06T21:18:48","date_gmt":"2022-07-06T20:18:48","guid":{"rendered":"https:\/\/unika.co.uk\/kits-de-cuidados\/"},"modified":"2022-10-21T13:39:08","modified_gmt":"2022-10-21T12:39:08","slug":"kits-de-cuidados","status":"publish","type":"page","link":"https:\/\/unika.co.uk\/es\/cuidado-de-la-cocina\/kits-de-cuidados\/","title":{"rendered":"Kits de cuidados"},"content":{"rendered":"<p>[et_pb_section fb_built=\u00bb1&#8243; admin_label=\u00bbHEADER\u00bb _builder_version=\u00bb4.17.4&#8243; _module_preset=\u00bbdefault\u00bb background_color=\u00bb#edeceb\u00bb background_image=\u00bbhttps:\/\/unika.co.uk\/wp-content\/uploads\/2020\/11\/home-bg-head-separator-scaled.jpg\u00bb background_size=\u00bbcontain\u00bb background_position=\u00bbbottom_center\u00bb custom_padding=\u00bb50px||0px||false|false\u00bb collapsed=\u00bboff\u00bb global_colors_info=\u00bb{}\u00bb][et_pb_row column_structure=\u00bb1_2,1_2&#8243; _builder_version=\u00bb4.17.4&#8243; _module_preset=\u00bbdefault\u00bb collapsed=\u00bboff\u00bb global_colors_info=\u00bb{}\u00bb][et_pb_column type=\u00bb1_2&#8243; _builder_version=\u00bb4.16&#8243; _module_preset=\u00bbdefault\u00bb global_colors_info=\u00bb{}\u00bb][et_pb_text _builder_version=\u00bb4.17.4&#8243; _module_preset=\u00bbdefault\u00bb custom_padding=\u00bb0px||0px|45px|false|false\u00bb border_width_left=\u00bb8px\u00bb border_color_left=\u00bb#f9001d\u00bb global_colors_info=\u00bb{}\u00bb]<\/p>\n<h1>Kits de cuidado de encimeras de cocina Unika<\/h1>\n<p>[\/et_pb_text][et_pb_text _builder_version=\u00bb4.17.4&#8243; _module_preset=\u00bbdefault\u00bb text_font_size=\u00bb18px\u00bb text_line_height=\u00bb1.5em\u00bb custom_padding=\u00bb|||50px|false|false\u00bb global_colors_info=\u00bb{}\u00bb]<\/p>\n<p>El cuidado de la cocina y de la encimera es realmente importante para garantizar que se mantengan en el mejor estado posible y sigan luciendo como nuevas.<\/p>\n<p>[\/et_pb_text][et_pb_button button_url=\u00bb#caja-de-producto\u00bb button_text=\u00bbVer productos\u00bb disabled_on=\u00bboff|off|off\u00bb _builder_version=\u00bb4.17.4&#8243; _module_preset=\u00bbdefault\u00bb hover_enabled=\u00bb0&#8243; global_colors_info=\u00bb{}\u00bb sticky_enabled=\u00bb0&#8243; locked=\u00bboff\u00bb][\/et_pb_button][\/et_pb_column][et_pb_column type=\u00bb1_2&#8243; _builder_version=\u00bb4.16&#8243; _module_preset=\u00bbdefault\u00bb global_colors_info=\u00bb{}\u00bb][\/et_pb_column][\/et_pb_row][\/et_pb_section][et_pb_section fb_built=\u00bb1&#8243; _builder_version=\u00bb4.17.4&#8243; _module_preset=\u00bbdefault\u00bb background_enable_color=\u00bboff\u00bb global_colors_info=\u00bb{}\u00bb][et_pb_row column_structure=\u00bb1_2,1_2&#8243; gutter_width=\u00bb1&#8243; _builder_version=\u00bb4.17.4&#8243; _module_preset=\u00bbdefault\u00bb global_colors_info=\u00bb{}\u00bb][et_pb_column type=\u00bb1_2&#8243; _builder_version=\u00bb4.16&#8243; _module_preset=\u00bbdefault\u00bb global_colors_info=\u00bb{}\u00bb][et_pb_text _builder_version=\u00bb4.17.4&#8243; _module_preset=\u00bbdefault\u00bb custom_margin=\u00bb|40px|40px||false|false\u00bb custom_margin_tablet=\u00bb|0px|||false|false\u00bb custom_margin_phone=\u00bb|0px|||false|false\u00bb custom_margin_last_edited=\u00bbon|phone\u00bb global_colors_info=\u00bb{}\u00bb]<\/p>\n<p>El cuidado posterior consiste en asegurarse de que los derrames se eliminan y no se dejan manchar. Utilizar limpiadores que limpien y abrillanten eficazmente sin desgastar la superficie y dejarla sin brillo. El cuidado posterior para ciertas superficies implica el sellado de la superficie contra las manchas y para otras implica la eliminaci\u00f3n suave de las marcas y el rejuvenecimiento de la superficie para que vuelva a ser nueva.<\/p>\n<p>A continuaci\u00f3n se muestran algunos ejemplos de kits de atenci\u00f3n est\u00e1ndar que ofrecemos. Puede trabajar con nosotros para personalizar una gama de kits que se adapte a sus superficies y necesidades de cuidado posterior.<\/p>\n<p>[\/et_pb_text][et_pb_button button_url=\u00bb@ET-DC@eyJkeW5hbWljIjp0cnVlLCJjb250ZW50IjoicG9zdF9saW5rX3VybF9wYWdlIiwic2V0dGluZ3MiOnsicG9zdF9pZCI6Ijg0NSJ9fQ==@\u00bb button_text=\u00bbHable con nosotros sobre los kits personalizados\u00bb _builder_version=\u00bb4.17.4&#8243; _dynamic_attributes=\u00bbbutton_url\u00bb _module_preset=\u00bbdefault\u00bb custom_margin=\u00bb|||0px|false|false\u00bb global_colors_info=\u00bb{}\u00bb][\/et_pb_button][\/et_pb_column][et_pb_column type=\u00bb1_2&#8243; _builder_version=\u00bb4.16&#8243; _module_preset=\u00bbdefault\u00bb global_colors_info=\u00bb{}\u00bb][et_pb_image src=\u00bbhttps:\/\/unika.co.uk\/wp-content\/uploads\/2022\/07\/image-carekits.jpg\u00bb title_text=\u00bbimage-carekits\u00bb _builder_version=\u00bb4.17.4&#8243; _module_preset=\u00bbdefault\u00bb global_colors_info=\u00bb{}\u00bb][\/et_pb_image][\/et_pb_column][\/et_pb_row][\/et_pb_section][et_pb_section fb_built=\u00bb1&#8243; _builder_version=\u00bb4.17.4&#8243; _module_preset=\u00bbdefault\u00bb background_color=\u00bb#EDECEB\u00bb hover_enabled=\u00bb0&#8243; global_colors_info=\u00bb{}\u00bb module_id=\u00bbproducto-caja\u00bb sticky_enabled=\u00bb0&#8243;][et_pb_row _builder_version=\u00bb4.16&#8243; _module_preset=\u00bbdefault\u00bb global_colors_info=\u00bb{}\u00bb][et_pb_column type=\u00bb4_4&#8243; _builder_version=\u00bb4.16&#8243; _module_preset=\u00bbdefault\u00bb global_colors_info=\u00bb{}\u00bb][et_pb_text _builder_version=\u00bb4.17.4&#8243; _module_preset=\u00bbdefault\u00bb header_2_text_align=\u00bbcenter\u00bb global_colors_info=\u00bb{}\u00bb]<\/p>\n<h2>Nuestros kits de cuidado est\u00e1ndar<\/h2>\n<p>[\/et_pb_text][et_pb_divider divider_position=\u00bbcenter\u00bb divider_weight=\u00bb8px\u00bb _builder_version=\u00bb4.16&#8243; _module_preset=\u00bbdefault\u00bb background_color=\u00bbrgba(0,0,0,0)\u00bb width=\u00bb100px\u00bb module_alignment=\u00bbcenter\u00bb global_colors_info=\u00bb{}\u00bb][\/et_pb_divider][\/et_pb_column][\/et_pb_row][et_pb_row _builder_version=\u00bb4.17.4&#8243; _module_preset=\u00bbdefault\u00bb global_colors_info=\u00bb{}\u00bb][et_pb_column type=\u00bb4_4&#8243; _builder_version=\u00bb4.17.4&#8243; _module_preset=\u00bbdefault\u00bb global_colors_info=\u00bb{}\u00bb][et_pb_portfolio fullwidth=\u00bboff\u00bb include_categories=\u00bb34&#8243; show_categories=\u00bboff\u00bb show_pagination=\u00bboff\u00bb zoom_icon_color=\u00bb#FFFFFF\u00bb hover_overlay_color=\u00bbrgba(249,0,29,0.7)\u00bb admin_label=\u00bbPortfolio\u00bb _builder_version=\u00bb4.17.4&#8243; _module_preset=\u00bbdefault\u00bb title_font=\u00bb||||||||\u00bb title_text_align=\u00bbcenter\u00bb title_text_color=\u00bb#FFFFFF\u00bb background_color=\u00bbrgba(255,255,255,0.4)\u00bb background_layout=\u00bbdark\u00bb width=\u00bb100%\u00bb max_width=\u00bb100%\u00bb module_alignment=\u00bbcenter\u00bb custom_margin=\u00bb||||false|false\u00bb custom_padding=\u00bb||||true|false\u00bb custom_css_portfolio_title=\u00bbbackground-color: #f9001d;||    padding-top: 20px;||    padding-bottom: 20px !important;||margin:0 !important;\u00bb locked=\u00bboff\u00bb global_colors_info=\u00bb{}\u00bb][\/et_pb_portfolio][\/et_pb_column][\/et_pb_row][\/et_pb_section]<\/p>\n","protected":false},"excerpt":{"rendered":"<p>Kits de cuidado de encimeras de cocina UnikaEl cuidado de la cocina y de la encimera es realmente importante para garantizar que se mantengan en el mejor estado posible y sigan luciendo como nuevas.El cuidado posterior consiste en asegurarse de que los derrames se eliminan y no se dejan manchar. Utilizar limpiadores que limpien y [&hellip;]<\/p>\n","protected":false},"author":1,"featured_media":0,"parent":4855,"menu_order":0,"comment_status":"closed","ping_status":"closed","template":"","meta":{"_et_pb_use_builder":"on","_et_pb_old_content":"","_et_gb_content_width":"","footnotes":""},"class_list":["post-4777","page","type-page","status-publish","hentry"],"yoast_head":"<!-- This site is optimized with the Yoast SEO plugin v25.6 - https:\/\/yoast.com\/wordpress\/plugins\/seo\/ -->\n<title>Kits de cuidados - Unika<\/title>\n<meta name=\"robots\" content=\"index, follow, max-snippet:-1, max-image-preview:large, max-video-preview:-1\" \/>\n<link rel=\"canonical\" href=\"https:\/\/unika.co.uk\/es\/cuidado-de-la-cocina\/kits-de-cuidados\/\" \/>\n<meta property=\"og:locale\" content=\"es_ES\" \/>\n<meta property=\"og:type\" content=\"article\" \/>\n<meta property=\"og:title\" content=\"Kits de cuidados - Unika\" \/>\n<meta property=\"og:description\" content=\"Kits de cuidado de encimeras de cocina UnikaEl cuidado de la cocina y de la encimera es realmente importante para garantizar que se mantengan en el mejor estado posible y sigan luciendo como nuevas.El cuidado posterior consiste en asegurarse de que los derrames se eliminan y no se dejan manchar. Utilizar limpiadores que limpien y [&hellip;]\" \/>\n<meta property=\"og:url\" content=\"https:\/\/unika.co.uk\/es\/cuidado-de-la-cocina\/kits-de-cuidados\/\" \/>\n<meta property=\"og:site_name\" content=\"Unika\" \/>\n<meta property=\"article:modified_time\" content=\"2022-10-21T12:39:08+00:00\" \/>\n<meta name=\"twitter:card\" content=\"summary_large_image\" \/>\n<meta name=\"twitter:label1\" content=\"Tiempo de lectura\" \/>\n\t<meta name=\"twitter:data1\" content=\"4 minutos\" \/>\n<script type=\"application\/ld+json\" class=\"yoast-schema-graph\">{\"@context\":\"https:\/\/schema.org\",\"@graph\":[{\"@type\":\"WebPage\",\"@id\":\"https:\/\/unika.co.uk\/es\/cuidado-de-la-cocina\/kits-de-cuidados\/\",\"url\":\"https:\/\/unika.co.uk\/es\/cuidado-de-la-cocina\/kits-de-cuidados\/\",\"name\":\"Kits de cuidados - Unika\",\"isPartOf\":{\"@id\":\"https:\/\/unika.co.uk\/es\/#website\"},\"datePublished\":\"2022-07-06T20:18:48+00:00\",\"dateModified\":\"2022-10-21T12:39:08+00:00\",\"breadcrumb\":{\"@id\":\"https:\/\/unika.co.uk\/es\/cuidado-de-la-cocina\/kits-de-cuidados\/#breadcrumb\"},\"inLanguage\":\"es\",\"potentialAction\":[{\"@type\":\"ReadAction\",\"target\":[\"https:\/\/unika.co.uk\/es\/cuidado-de-la-cocina\/kits-de-cuidados\/\"]}]},{\"@type\":\"BreadcrumbList\",\"@id\":\"https:\/\/unika.co.uk\/es\/cuidado-de-la-cocina\/kits-de-cuidados\/#breadcrumb\",\"itemListElement\":[{\"@type\":\"ListItem\",\"position\":1,\"name\":\"Home\",\"item\":\"https:\/\/unika.co.uk\/es\/inicio\/\"},{\"@type\":\"ListItem\",\"position\":2,\"name\":\"Kits de cuidados\"}]},{\"@type\":\"WebSite\",\"@id\":\"https:\/\/unika.co.uk\/es\/#website\",\"url\":\"https:\/\/unika.co.uk\/es\/\",\"name\":\"Unika\",\"description\":\"Kitchen fitting supplies from Unika\",\"publisher\":{\"@id\":\"https:\/\/unika.co.uk\/es\/#organization\"},\"potentialAction\":[{\"@type\":\"SearchAction\",\"target\":{\"@type\":\"EntryPoint\",\"urlTemplate\":\"https:\/\/unika.co.uk\/es\/?s={search_term_string}\"},\"query-input\":{\"@type\":\"PropertyValueSpecification\",\"valueRequired\":true,\"valueName\":\"search_term_string\"}}],\"inLanguage\":\"es\"},{\"@type\":\"Organization\",\"@id\":\"https:\/\/unika.co.uk\/es\/#organization\",\"name\":\"Unika\",\"url\":\"https:\/\/unika.co.uk\/es\/\",\"logo\":{\"@type\":\"ImageObject\",\"inLanguage\":\"es\",\"@id\":\"https:\/\/unika.co.uk\/es\/#\/schema\/logo\/image\/\",\"url\":\"https:\/\/unika.co.uk\/wp-content\/uploads\/2020\/11\/header-logo-unika-ips-e1612284206405.png\",\"contentUrl\":\"https:\/\/unika.co.uk\/wp-content\/uploads\/2020\/11\/header-logo-unika-ips-e1612284206405.png\",\"width\":512,\"height\":115,\"caption\":\"Unika\"},\"image\":{\"@id\":\"https:\/\/unika.co.uk\/es\/#\/schema\/logo\/image\/\"}}]}<\/script>\n<!-- \/ Yoast SEO plugin. -->","yoast_head_json":{"title":"Kits de cuidados - Unika","robots":{"index":"index","follow":"follow","max-snippet":"max-snippet:-1","max-image-preview":"max-image-preview:large","max-video-preview":"max-video-preview:-1"},"canonical":"https:\/\/unika.co.uk\/es\/cuidado-de-la-cocina\/kits-de-cuidados\/","og_locale":"es_ES","og_type":"article","og_title":"Kits de cuidados - Unika","og_description":"Kits de cuidado de encimeras de cocina UnikaEl cuidado de la cocina y de la encimera es realmente importante para garantizar que se mantengan en el mejor estado posible y sigan luciendo como nuevas.El cuidado posterior consiste en asegurarse de que los derrames se eliminan y no se dejan manchar. Utilizar limpiadores que limpien y [&hellip;]","og_url":"https:\/\/unika.co.uk\/es\/cuidado-de-la-cocina\/kits-de-cuidados\/","og_site_name":"Unika","article_modified_time":"2022-10-21T12:39:08+00:00","twitter_card":"summary_large_image","twitter_misc":{"Tiempo de lectura":"4 minutos"},"schema":{"@context":"https:\/\/schema.org","@graph":[{"@type":"WebPage","@id":"https:\/\/unika.co.uk\/es\/cuidado-de-la-cocina\/kits-de-cuidados\/","url":"https:\/\/unika.co.uk\/es\/cuidado-de-la-cocina\/kits-de-cuidados\/","name":"Kits de cuidados - Unika","isPartOf":{"@id":"https:\/\/unika.co.uk\/es\/#website"},"datePublished":"2022-07-06T20:18:48+00:00","dateModified":"2022-10-21T12:39:08+00:00","breadcrumb":{"@id":"https:\/\/unika.co.uk\/es\/cuidado-de-la-cocina\/kits-de-cuidados\/#breadcrumb"},"inLanguage":"es","potentialAction":[{"@type":"ReadAction","target":["https:\/\/unika.co.uk\/es\/cuidado-de-la-cocina\/kits-de-cuidados\/"]}]},{"@type":"BreadcrumbList","@id":"https:\/\/unika.co.uk\/es\/cuidado-de-la-cocina\/kits-de-cuidados\/#breadcrumb","itemListElement":[{"@type":"ListItem","position":1,"name":"Home","item":"https:\/\/unika.co.uk\/es\/inicio\/"},{"@type":"ListItem","position":2,"name":"Kits de cuidados"}]},{"@type":"WebSite","@id":"https:\/\/unika.co.uk\/es\/#website","url":"https:\/\/unika.co.uk\/es\/","name":"Unika","description":"Kitchen fitting supplies from Unika","publisher":{"@id":"https:\/\/unika.co.uk\/es\/#organization"},"potentialAction":[{"@type":"SearchAction","target":{"@type":"EntryPoint","urlTemplate":"https:\/\/unika.co.uk\/es\/?s={search_term_string}"},"query-input":{"@type":"PropertyValueSpecification","valueRequired":true,"valueName":"search_term_string"}}],"inLanguage":"es"},{"@type":"Organization","@id":"https:\/\/unika.co.uk\/es\/#organization","name":"Unika","url":"https:\/\/unika.co.uk\/es\/","logo":{"@type":"ImageObject","inLanguage":"es","@id":"https:\/\/unika.co.uk\/es\/#\/schema\/logo\/image\/","url":"https:\/\/unika.co.uk\/wp-content\/uploads\/2020\/11\/header-logo-unika-ips-e1612284206405.png","contentUrl":"https:\/\/unika.co.uk\/wp-content\/uploads\/2020\/11\/header-logo-unika-ips-e1612284206405.png","width":512,"height":115,"caption":"Unika"},"image":{"@id":"https:\/\/unika.co.uk\/es\/#\/schema\/logo\/image\/"}}]}},"_links":{"self":[{"href":"https:\/\/unika.co.uk\/es\/wp-json\/wp\/v2\/pages\/4777","targetHints":{"allow":["GET"]}}],"collection":[{"href":"https:\/\/unika.co.uk\/es\/wp-json\/wp\/v2\/pages"}],"about":[{"href":"https:\/\/unika.co.uk\/es\/wp-json\/wp\/v2\/types\/page"}],"author":[{"embeddable":true,"href":"https:\/\/unika.co.uk\/es\/wp-json\/wp\/v2\/users\/1"}],"replies":[{"embeddable":true,"href":"https:\/\/unika.co.uk\/es\/wp-json\/wp\/v2\/comments?post=4777"}],"version-history":[{"count":10,"href":"https:\/\/unika.co.uk\/es\/wp-json\/wp\/v2\/pages\/4777\/revisions"}],"predecessor-version":[{"id":4781,"href":"https:\/\/unika.co.uk\/es\/wp-json\/wp\/v2\/pages\/4777\/revisions\/4781"}],"up":[{"embeddable":true,"href":"https:\/\/unika.co.uk\/es\/wp-json\/wp\/v2\/pages\/4855"}],"wp:attachment":[{"href":"https:\/\/unika.co.uk\/es\/wp-json\/wp\/v2\/media?parent=4777"}],"curies":[{"name":"wp","href":"https:\/\/api.w.org\/{rel}","templated":true}]}}