{"id":5042,"date":"2022-06-30T15:43:58","date_gmt":"2022-06-30T14:43:58","guid":{"rendered":"https:\/\/unika.co.uk\/equipamiento-de-cocinas\/"},"modified":"2022-10-21T13:40:51","modified_gmt":"2022-10-21T12:40:51","slug":"equipamiento-de-cocinas","status":"publish","type":"page","link":"https:\/\/unika.co.uk\/es\/equipamiento-de-cocinas\/","title":{"rendered":"Equipamiento de cocinas"},"content":{"rendered":"<p>[et_pb_section fb_built=\u00bb1&#8243; admin_label=\u00bbHEADER\u00bb _builder_version=\u00bb4.17.4&#8243; _module_preset=\u00bbdefault\u00bb background_color=\u00bb#edeceb\u00bb background_image=\u00bbhttps:\/\/unika.co.uk\/wp-content\/uploads\/2020\/11\/home-bg-head-separator-scaled.jpg\u00bb background_size=\u00bbcontain\u00bb background_position=\u00bbbottom_center\u00bb custom_padding=\u00bb50px||0px||false|false\u00bb collapsed=\u00bboff\u00bb global_colors_info=\u00bb{}\u00bb][et_pb_row column_structure=\u00bb1_2,1_2&#8243; _builder_version=\u00bb4.17.4&#8243; _module_preset=\u00bbdefault\u00bb collapsed=\u00bboff\u00bb global_colors_info=\u00bb{}\u00bb][et_pb_column type=\u00bb1_2&#8243; _builder_version=\u00bb4.16&#8243; _module_preset=\u00bbdefault\u00bb global_colors_info=\u00bb{}\u00bb][et_pb_text _builder_version=\u00bb4.17.4&#8243; _module_preset=\u00bbdefault\u00bb custom_padding=\u00bb0px||0px|45px|false|false\u00bb border_width_left=\u00bb8px\u00bb border_color_left=\u00bb#f9001d\u00bb global_colors_info=\u00bb{}\u00bb]<\/p>\n<h1>Soluciones de equipamiento de cocinas de Unika<\/h1>\n<p>[\/et_pb_text][et_pb_text _builder_version=\u00bb4.17.4&#8243; _module_preset=\u00bbdefault\u00bb text_font_size=\u00bb18px\u00bb text_line_height=\u00bb1.5em\u00bb custom_padding=\u00bb|||50px|false|false\u00bb global_colors_info=\u00bb{}\u00bb]<\/p>\n<p>Desde adhesivos y selladores de color a juego hasta plantillas y accesorios para encimeras.<\/p>\n<p>[\/et_pb_text][et_pb_button button_url=\u00bb#caja-de-producto\u00bb button_text=\u00bbVer productos\u00bb disabled_on=\u00bboff|off|off\u00bb _builder_version=\u00bb4.17.4&#8243; _module_preset=\u00bbdefault\u00bb hover_enabled=\u00bb0&#8243; global_colors_info=\u00bb{}\u00bb sticky_enabled=\u00bb0&#8243;][\/et_pb_button][\/et_pb_column][et_pb_column type=\u00bb1_2&#8243; _builder_version=\u00bb4.16&#8243; _module_preset=\u00bbdefault\u00bb global_colors_info=\u00bb{}\u00bb][\/et_pb_column][\/et_pb_row][\/et_pb_section][et_pb_section fb_built=\u00bb1&#8243; _builder_version=\u00bb4.17.4&#8243; _module_preset=\u00bbdefault\u00bb background_enable_color=\u00bboff\u00bb global_colors_info=\u00bb{}\u00bb][et_pb_row column_structure=\u00bb1_2,1_2&#8243; gutter_width=\u00bb1&#8243; _builder_version=\u00bb4.17.4&#8243; _module_preset=\u00bbdefault\u00bb global_colors_info=\u00bb{}\u00bb][et_pb_column type=\u00bb1_2&#8243; _builder_version=\u00bb4.16&#8243; _module_preset=\u00bbdefault\u00bb global_colors_info=\u00bb{}\u00bb][et_pb_text _builder_version=\u00bb4.17.4&#8243; _module_preset=\u00bbdefault\u00bb custom_margin=\u00bb|40px|40px||false|false\u00bb custom_margin_tablet=\u00bb|0px|||false|false\u00bb custom_margin_phone=\u00bb|0px|||false|false\u00bb custom_margin_last_edited=\u00bbon|phone\u00bb global_colors_info=\u00bb{}\u00bb]<\/p>\n<p>La instalaci\u00f3n de una cocina suele correr a cargo de un instalador de cocinas profesional o de un carpintero experto. Por lo general, la instalaci\u00f3n de una cocina requiere un equipo de profesionales que incluya a un instalador de cocinas, un electricista y un fontanero. Estos comerciantes coordinan la instalaci\u00f3n para dar vida a todos los elementos de la cocina y al dise\u00f1o final.<\/p>\n<p>La complejidad de la instalaci\u00f3n de la cocina puede variar y depender\u00e1 del tama\u00f1o de la habitaci\u00f3n, los requisitos del dise\u00f1o, los tipos de encimera, si la casa es nueva o antigua, si los electrodom\u00e9sticos requieren ser trasladados, si las paredes y los suelos est\u00e1n fuera de escuadra, la lista es extensa.<\/p>\n<p>[\/et_pb_text][et_pb_text _builder_version=\u00bb4.17.4&#8243; _module_preset=\u00bbdefault\u00bb text_font=\u00bb|300||on|||||\u00bb text_font_size=\u00bb35px\u00bb text_line_height=\u00bb1.5em\u00bb background_color=\u00bb#EDECEB\u00bb custom_margin=\u00bb80px||||false|false\u00bb custom_padding=\u00bb50px|50px|50px|50px|true|true\u00bb text_font_size_tablet=\u00bb30px\u00bb text_font_size_phone=\u00bb22px\u00bb text_font_size_last_edited=\u00bbon|phone\u00bb global_colors_info=\u00bb{}\u00bb]<\/p>\n<p>una cocina mal montada puede arruinar todo el acabado. Igualmente, una cocina perfectamente instalada, sea cual sea su calidad, puede resultar realmente atractiva<\/p>\n<p>[\/et_pb_text][\/et_pb_column][et_pb_column type=\u00bb1_2&#8243; _builder_version=\u00bb4.16&#8243; _module_preset=\u00bbdefault\u00bb global_colors_info=\u00bb{}\u00bb][et_pb_image src=\u00bbhttps:\/\/unika.co.uk\/wp-content\/uploads\/2020\/11\/hp-nicekitchen-temp.jpg\u00bb title_text=\u00bbhp-nicekitchen-temp\u00bb _builder_version=\u00bb4.16&#8243; _module_preset=\u00bbdefault\u00bb global_colors_info=\u00bb{}\u00bb][\/et_pb_image][et_pb_text _builder_version=\u00bb4.17.4&#8243; _module_preset=\u00bbdefault\u00bb custom_margin=\u00bb40px||40px|40px|false|false\u00bb custom_margin_tablet=\u00bb|||0px|false|false\u00bb custom_margin_phone=\u00bb|||0px|false|false\u00bb custom_margin_last_edited=\u00bbon|phone\u00bb global_colors_info=\u00bb{}\u00bb]<\/p>\n<p>Los z\u00f3calos, los montantes, las juntas y el acabado son fundamentales para el aspecto final de la cocina y son muy importantes para la duraci\u00f3n de la misma.<\/p>\n<p>La entrada de agua es el principal problema que surge de una cocina mal instalada, y una bonita cocina nueva puede empezar a desmoronarse al cabo de unas semanas.<\/p>\n<p>La instalaci\u00f3n y el cuidado posterior son fundamentales para el \u00e9xito y la longevidad de un dise\u00f1o de cocina. Unika lleva m\u00e1s de 35 a\u00f1os desarrollando e investigando junto con los instaladores y dise\u00f1adores de cocinas, los proveedores de los elementos de la carcasa en bruto y las distintas encimeras para poder convertirnos en especialistas en el campo de la instalaci\u00f3n de cocinas. Especialistas en todos los productos que se requieren para completar la cocina y asegurarse de que es una instalaci\u00f3n de primera calidad, es de color a juego y construido para durar.<\/p>\n<p>[\/et_pb_text][\/et_pb_column][\/et_pb_row][\/et_pb_section][et_pb_section fb_built=\u00bb1&#8243; module_id=\u00bbproducto-caja\u00bb _builder_version=\u00bb4.17.4&#8243; _module_preset=\u00bbdefault\u00bb background_color=\u00bb#EDECEB\u00bb hover_enabled=\u00bb0&#8243; global_colors_info=\u00bb{}\u00bb sticky_enabled=\u00bb0&#8243;][et_pb_row _builder_version=\u00bb4.16&#8243; _module_preset=\u00bbdefault\u00bb global_colors_info=\u00bb{}\u00bb][et_pb_column type=\u00bb4_4&#8243; _builder_version=\u00bb4.16&#8243; _module_preset=\u00bbdefault\u00bb global_colors_info=\u00bb{}\u00bb][et_pb_text _builder_version=\u00bb4.17.4&#8243; _module_preset=\u00bbdefault\u00bb header_2_text_align=\u00bbcenter\u00bb global_colors_info=\u00bb{}\u00bb]<\/p>\n<h2>Nuestros productos de equipamiento de cocinas<\/h2>\n<p>[\/et_pb_text][et_pb_divider divider_position=\u00bbcenter\u00bb divider_weight=\u00bb8px\u00bb _builder_version=\u00bb4.16&#8243; _module_preset=\u00bbdefault\u00bb background_color=\u00bbrgba(0,0,0,0)\u00bb width=\u00bb100px\u00bb module_alignment=\u00bbcenter\u00bb global_colors_info=\u00bb{}\u00bb][\/et_pb_divider][\/et_pb_column][\/et_pb_row][et_pb_row _builder_version=\u00bb4.17.4&#8243; _module_preset=\u00bbdefault\u00bb global_colors_info=\u00bb{}\u00bb][et_pb_column type=\u00bb4_4&#8243; _builder_version=\u00bb4.17.4&#8243; _module_preset=\u00bbdefault\u00bb global_colors_info=\u00bb{}\u00bb][et_pb_portfolio fullwidth=\u00bboff\u00bb posts_number=\u00bb120&#8243; include_categories=\u00bb5&#8243; show_categories=\u00bboff\u00bb show_pagination=\u00bboff\u00bb zoom_icon_color=\u00bb#FFFFFF\u00bb hover_overlay_color=\u00bbrgba(249,0,29,0.7)\u00bb admin_label=\u00bbPortfolio\u00bb _builder_version=\u00bb4.17.4&#8243; _module_preset=\u00bbdefault\u00bb title_font=\u00bb||||||||\u00bb title_text_align=\u00bbcenter\u00bb title_text_color=\u00bb#FFFFFF\u00bb background_color=\u00bbrgba(255,255,255,0.4)\u00bb background_layout=\u00bbdark\u00bb width=\u00bb100%\u00bb max_width=\u00bb100%\u00bb module_alignment=\u00bbcenter\u00bb custom_margin=\u00bb||||false|false\u00bb custom_padding=\u00bb||||true|false\u00bb custom_css_portfolio_title=\u00bbbackground-color: #f9001d;||    padding-top: 20px;||    padding-bottom: 20px !important;||margin:0 !important;\u00bb locked=\u00bboff\u00bb global_colors_info=\u00bb{}\u00bb][\/et_pb_portfolio][\/et_pb_column][\/et_pb_row][\/et_pb_section]<\/p>\n","protected":false},"excerpt":{"rendered":"<p>Soluciones de equipamiento de cocinas de UnikaDesde adhesivos y selladores de color a juego hasta plantillas y accesorios para encimeras.La instalaci\u00f3n de una cocina suele correr a cargo de un instalador de cocinas profesional o de un carpintero experto. Por lo general, la instalaci\u00f3n de una cocina requiere un equipo de profesionales que incluya a [&hellip;]<\/p>\n","protected":false},"author":1,"featured_media":0,"parent":0,"menu_order":0,"comment_status":"closed","ping_status":"closed","template":"","meta":{"_et_pb_use_builder":"on","_et_pb_old_content":"","_et_gb_content_width":"","footnotes":""},"class_list":["post-5042","page","type-page","status-publish","hentry"],"yoast_head":"<!-- This site is optimized with the Yoast SEO plugin v25.6 - https:\/\/yoast.com\/wordpress\/plugins\/seo\/ -->\n<title>Equipamiento de cocinas - Unika<\/title>\n<meta name=\"robots\" content=\"index, follow, max-snippet:-1, max-image-preview:large, max-video-preview:-1\" \/>\n<link rel=\"canonical\" href=\"https:\/\/unika.co.uk\/es\/equipamiento-de-cocinas\/\" \/>\n<meta property=\"og:locale\" content=\"es_ES\" \/>\n<meta property=\"og:type\" content=\"article\" \/>\n<meta property=\"og:title\" content=\"Equipamiento de cocinas - Unika\" \/>\n<meta property=\"og:description\" content=\"Soluciones de equipamiento de cocinas de UnikaDesde adhesivos y selladores de color a juego hasta plantillas y accesorios para encimeras.La instalaci\u00f3n de una cocina suele correr a cargo de un instalador de cocinas profesional o de un carpintero experto. Por lo general, la instalaci\u00f3n de una cocina requiere un equipo de profesionales que incluya a [&hellip;]\" \/>\n<meta property=\"og:url\" content=\"https:\/\/unika.co.uk\/es\/equipamiento-de-cocinas\/\" \/>\n<meta property=\"og:site_name\" content=\"Unika\" \/>\n<meta property=\"article:modified_time\" content=\"2022-10-21T12:40:51+00:00\" \/>\n<meta name=\"twitter:card\" content=\"summary_large_image\" \/>\n<meta name=\"twitter:label1\" content=\"Tiempo de lectura\" \/>\n\t<meta name=\"twitter:data1\" content=\"5 minutos\" \/>\n<script type=\"application\/ld+json\" class=\"yoast-schema-graph\">{\"@context\":\"https:\/\/schema.org\",\"@graph\":[{\"@type\":\"WebPage\",\"@id\":\"https:\/\/unika.co.uk\/es\/equipamiento-de-cocinas\/\",\"url\":\"https:\/\/unika.co.uk\/es\/equipamiento-de-cocinas\/\",\"name\":\"Equipamiento de cocinas - Unika\",\"isPartOf\":{\"@id\":\"https:\/\/unika.co.uk\/es\/#website\"},\"datePublished\":\"2022-06-30T14:43:58+00:00\",\"dateModified\":\"2022-10-21T12:40:51+00:00\",\"breadcrumb\":{\"@id\":\"https:\/\/unika.co.uk\/es\/equipamiento-de-cocinas\/#breadcrumb\"},\"inLanguage\":\"es\",\"potentialAction\":[{\"@type\":\"ReadAction\",\"target\":[\"https:\/\/unika.co.uk\/es\/equipamiento-de-cocinas\/\"]}]},{\"@type\":\"BreadcrumbList\",\"@id\":\"https:\/\/unika.co.uk\/es\/equipamiento-de-cocinas\/#breadcrumb\",\"itemListElement\":[{\"@type\":\"ListItem\",\"position\":1,\"name\":\"Home\",\"item\":\"https:\/\/unika.co.uk\/es\/inicio\/\"},{\"@type\":\"ListItem\",\"position\":2,\"name\":\"Equipamiento de cocinas\"}]},{\"@type\":\"WebSite\",\"@id\":\"https:\/\/unika.co.uk\/es\/#website\",\"url\":\"https:\/\/unika.co.uk\/es\/\",\"name\":\"Unika\",\"description\":\"Kitchen fitting supplies from Unika\",\"publisher\":{\"@id\":\"https:\/\/unika.co.uk\/es\/#organization\"},\"potentialAction\":[{\"@type\":\"SearchAction\",\"target\":{\"@type\":\"EntryPoint\",\"urlTemplate\":\"https:\/\/unika.co.uk\/es\/?s={search_term_string}\"},\"query-input\":{\"@type\":\"PropertyValueSpecification\",\"valueRequired\":true,\"valueName\":\"search_term_string\"}}],\"inLanguage\":\"es\"},{\"@type\":\"Organization\",\"@id\":\"https:\/\/unika.co.uk\/es\/#organization\",\"name\":\"Unika\",\"url\":\"https:\/\/unika.co.uk\/es\/\",\"logo\":{\"@type\":\"ImageObject\",\"inLanguage\":\"es\",\"@id\":\"https:\/\/unika.co.uk\/es\/#\/schema\/logo\/image\/\",\"url\":\"https:\/\/unika.co.uk\/wp-content\/uploads\/2020\/11\/header-logo-unika-ips-e1612284206405.png\",\"contentUrl\":\"https:\/\/unika.co.uk\/wp-content\/uploads\/2020\/11\/header-logo-unika-ips-e1612284206405.png\",\"width\":512,\"height\":115,\"caption\":\"Unika\"},\"image\":{\"@id\":\"https:\/\/unika.co.uk\/es\/#\/schema\/logo\/image\/\"}}]}<\/script>\n<!-- \/ Yoast SEO plugin. -->","yoast_head_json":{"title":"Equipamiento de cocinas - Unika","robots":{"index":"index","follow":"follow","max-snippet":"max-snippet:-1","max-image-preview":"max-image-preview:large","max-video-preview":"max-video-preview:-1"},"canonical":"https:\/\/unika.co.uk\/es\/equipamiento-de-cocinas\/","og_locale":"es_ES","og_type":"article","og_title":"Equipamiento de cocinas - Unika","og_description":"Soluciones de equipamiento de cocinas de UnikaDesde adhesivos y selladores de color a juego hasta plantillas y accesorios para encimeras.La instalaci\u00f3n de una cocina suele correr a cargo de un instalador de cocinas profesional o de un carpintero experto. Por lo general, la instalaci\u00f3n de una cocina requiere un equipo de profesionales que incluya a [&hellip;]","og_url":"https:\/\/unika.co.uk\/es\/equipamiento-de-cocinas\/","og_site_name":"Unika","article_modified_time":"2022-10-21T12:40:51+00:00","twitter_card":"summary_large_image","twitter_misc":{"Tiempo de lectura":"5 minutos"},"schema":{"@context":"https:\/\/schema.org","@graph":[{"@type":"WebPage","@id":"https:\/\/unika.co.uk\/es\/equipamiento-de-cocinas\/","url":"https:\/\/unika.co.uk\/es\/equipamiento-de-cocinas\/","name":"Equipamiento de cocinas - Unika","isPartOf":{"@id":"https:\/\/unika.co.uk\/es\/#website"},"datePublished":"2022-06-30T14:43:58+00:00","dateModified":"2022-10-21T12:40:51+00:00","breadcrumb":{"@id":"https:\/\/unika.co.uk\/es\/equipamiento-de-cocinas\/#breadcrumb"},"inLanguage":"es","potentialAction":[{"@type":"ReadAction","target":["https:\/\/unika.co.uk\/es\/equipamiento-de-cocinas\/"]}]},{"@type":"BreadcrumbList","@id":"https:\/\/unika.co.uk\/es\/equipamiento-de-cocinas\/#breadcrumb","itemListElement":[{"@type":"ListItem","position":1,"name":"Home","item":"https:\/\/unika.co.uk\/es\/inicio\/"},{"@type":"ListItem","position":2,"name":"Equipamiento de cocinas"}]},{"@type":"WebSite","@id":"https:\/\/unika.co.uk\/es\/#website","url":"https:\/\/unika.co.uk\/es\/","name":"Unika","description":"Kitchen fitting supplies from Unika","publisher":{"@id":"https:\/\/unika.co.uk\/es\/#organization"},"potentialAction":[{"@type":"SearchAction","target":{"@type":"EntryPoint","urlTemplate":"https:\/\/unika.co.uk\/es\/?s={search_term_string}"},"query-input":{"@type":"PropertyValueSpecification","valueRequired":true,"valueName":"search_term_string"}}],"inLanguage":"es"},{"@type":"Organization","@id":"https:\/\/unika.co.uk\/es\/#organization","name":"Unika","url":"https:\/\/unika.co.uk\/es\/","logo":{"@type":"ImageObject","inLanguage":"es","@id":"https:\/\/unika.co.uk\/es\/#\/schema\/logo\/image\/","url":"https:\/\/unika.co.uk\/wp-content\/uploads\/2020\/11\/header-logo-unika-ips-e1612284206405.png","contentUrl":"https:\/\/unika.co.uk\/wp-content\/uploads\/2020\/11\/header-logo-unika-ips-e1612284206405.png","width":512,"height":115,"caption":"Unika"},"image":{"@id":"https:\/\/unika.co.uk\/es\/#\/schema\/logo\/image\/"}}]}},"_links":{"self":[{"href":"https:\/\/unika.co.uk\/es\/wp-json\/wp\/v2\/pages\/5042","targetHints":{"allow":["GET"]}}],"collection":[{"href":"https:\/\/unika.co.uk\/es\/wp-json\/wp\/v2\/pages"}],"about":[{"href":"https:\/\/unika.co.uk\/es\/wp-json\/wp\/v2\/types\/page"}],"author":[{"embeddable":true,"href":"https:\/\/unika.co.uk\/es\/wp-json\/wp\/v2\/users\/1"}],"replies":[{"embeddable":true,"href":"https:\/\/unika.co.uk\/es\/wp-json\/wp\/v2\/comments?post=5042"}],"version-history":[{"count":6,"href":"https:\/\/unika.co.uk\/es\/wp-json\/wp\/v2\/pages\/5042\/revisions"}],"predecessor-version":[{"id":5055,"href":"https:\/\/unika.co.uk\/es\/wp-json\/wp\/v2\/pages\/5042\/revisions\/5055"}],"wp:attachment":[{"href":"https:\/\/unika.co.uk\/es\/wp-json\/wp\/v2\/media?parent=5042"}],"curies":[{"name":"wp","href":"https:\/\/api.w.org\/{rel}","templated":true}]}}