{"id":3167,"date":"2022-07-08T21:47:44","date_gmt":"2022-07-08T20:47:44","guid":{"rendered":"https:\/\/unika.co.uk\/a-propos-dunika\/"},"modified":"2023-09-03T09:14:23","modified_gmt":"2023-09-03T08:14:23","slug":"a-propos-dunika","status":"publish","type":"page","link":"https:\/\/unika.co.uk\/fr\/a-propos-dunika\/","title":{"rendered":"\u00c0 propos d&rsquo;Unika"},"content":{"rendered":"<p>[et_pb_section fb_built=\u00a0\u00bb1&Prime; admin_label=\u00a0\u00bbHEADER\u00a0\u00bb _builder_version=\u00a0\u00bb4.17.4&Prime; _module_preset=\u00a0\u00bbdefault\u00a0\u00bb background_color=\u00a0\u00bb#edeceb\u00a0\u00bb background_image=\u00a0\u00bbhttps:\/\/unika.co.uk\/wp-content\/uploads\/2020\/11\/home-bg-head-separator-scaled.jpg\u00a0\u00bb background_size=\u00a0\u00bbcontain\u00a0\u00bb background_position=\u00a0\u00bbbottom_center\u00a0\u00bb custom_padding=\u00a0\u00bb50px||0px||false|false\u00a0\u00bb collapsed=\u00a0\u00bboff\u00a0\u00bb global_colors_info=\u00a0\u00bb{}\u00a0\u00bb][et_pb_row column_structure=\u00a0\u00bb3_5,2_5&Prime; _builder_version=\u00a0\u00bb4.17.4&Prime; _module_preset=\u00a0\u00bbdefault\u00a0\u00bb custom_padding=\u00a0\u00bb0px||||false|false\u00a0\u00bb collapsed=\u00a0\u00bboff\u00a0\u00bb global_colors_info=\u00a0\u00bb{}\u00a0\u00bb][et_pb_column type=\u00a0\u00bb3_5&Prime; _builder_version=\u00a0\u00bb4.17.4&Prime; _module_preset=\u00a0\u00bbdefault\u00a0\u00bb custom_padding=\u00a0\u00bb30px||30px||false|false\u00a0\u00bb global_colors_info=\u00a0\u00bb{}\u00a0\u00bb][et_pb_text _builder_version=\u00a0\u00bb4.17.4&Prime; _module_preset=\u00a0\u00bbdefault\u00a0\u00bb custom_margin=\u00a0\u00bb||||false|false\u00a0\u00bb custom_padding=\u00a0\u00bb0px||0px|45px|false|false\u00a0\u00bb border_width_left=\u00a0\u00bb8px\u00a0\u00bb border_color_left=\u00a0\u00bb#f9001d\u00a0\u00bb global_colors_info=\u00a0\u00bb{}\u00a0\u00bb]<\/p>\n<h1>Installation et entretien de qualit\u00e9 sup\u00e9rieure pour votre surface de travail<\/h1>\n<p>[\/et_pb_text][et_pb_text _builder_version=\u00a0\u00bb4.17.4&Prime; _module_preset=\u00a0\u00bbdefault\u00a0\u00bb text_font_size=\u00a0\u00bb18px\u00a0\u00bb text_line_height=\u00a0\u00bb1.5em\u00a0\u00bb custom_padding=\u00a0\u00bb|||50px|false|false\u00a0\u00bb global_colors_info=\u00a0\u00bb{}\u00a0\u00bb]<\/p>\n<p>Lorsque Unika a ouvert ses portes en 1987, l&rsquo;id\u00e9e \u00e9tait simple : fournir aux cuisinistes les meilleures solutions pour installer parfaitement un plan de travail stratifi\u00e9.  <\/p>\n<p>[\/et_pb_text][\/et_pb_column][et_pb_column type=\u00a0\u00bb2_5&Prime; _builder_version=\u00a0\u00bb4.16&Prime; _module_preset=\u00a0\u00bbdefault\u00a0\u00bb global_colors_info=\u00a0\u00bb{}\u00a0\u00bb][et_pb_image src=\u00a0\u00bbhttps:\/\/unika.co.uk\/wp-content\/uploads\/2022\/07\/about-drone.png\u00a0\u00bb title_text=\u00a0\u00bbsur-drone\u00a0\u00bb show_bottom_space=\u00a0\u00bboff\u00a0\u00bb align=\u00a0\u00bbcenter\u00a0\u00bb _builder_version=\u00a0\u00bb4.17.4&Prime; _module_preset=\u00a0\u00bbdefault\u00a0\u00bb width_tablet=\u00a0\u00bb80%\u00a0\u00bb width_phone=\u00a0\u00bb80%\u00a0\u00bb width_last_edited=\u00a0\u00bbon|tablet\u00a0\u00bb module_alignment=\u00a0\u00bbcenter\u00a0\u00bb global_colors_info=\u00a0\u00bb{}\u00a0\u00bb][\/et_pb_image][\/et_pb_column][\/et_pb_row][\/et_pb_section][et_pb_section fb_built=\u00a0\u00bb1&Prime; _builder_version=\u00a0\u00bb4.17.4&Prime; _module_preset=\u00a0\u00bbdefault\u00a0\u00bb background_color=\u00a0\u00bbRGBA(255,255,255,0)\u00a0\u00bb global_colors_info=\u00a0\u00bb{}\u00a0\u00bb][et_pb_row column_structure=\u00a0\u00bb1_2,1_2&Prime; gutter_width=\u00a0\u00bb1&Prime; _builder_version=\u00a0\u00bb4.17.4&Prime; _module_preset=\u00a0\u00bbdefault\u00a0\u00bb custom_padding=\u00a0\u00bb||74px|||\u00a0\u00bb global_colors_info=\u00a0\u00bb{}\u00a0\u00bb][et_pb_column type=\u00a0\u00bb1_2&Prime; _builder_version=\u00a0\u00bb4.16&Prime; _module_preset=\u00a0\u00bbdefault\u00a0\u00bb global_colors_info=\u00a0\u00bb{}\u00a0\u00bb][et_pb_text _builder_version=\u00a0\u00bb4.17.4&Prime; _module_preset=\u00a0\u00bbdefault\u00a0\u00bb custom_margin=\u00a0\u00bb|40px|40px||false|false\u00a0\u00bb custom_margin_tablet=\u00a0\u00bb|0px|0px||false|false\u00a0\u00bb custom_margin_phone=\u00a0\u00bb|0px|0px||false|false\u00a0\u00bb custom_margin_last_edited=\u00a0\u00bbon|tablet\u00a0\u00bb global_colors_info=\u00a0\u00bb{}\u00a0\u00bb]<\/p>\n<p><strong>ColorFill, MitreBond et Worktop Jigs ont marqu\u00e9 le d\u00e9but.<\/strong><\/p>\n<p>Plus de 30 ans plus tard, notre d\u00e9vouement au march\u00e9 de l&rsquo;installation et du suivi des cuisines n&rsquo;a pas chang\u00e9. Nous travaillons toujours avec les cuisinistes, les fabricants de plans de travail et les sp\u00e9cialistes du nettoyage afin de d\u00e9velopper les meilleures solutions pour chaque mat\u00e9riau et chaque mod\u00e8le de plan de travail. Au fur et \u00e0 mesure de notre croissance, notre portefeuille s&rsquo;est \u00e9largi pour inclure toutes les surfaces de travail &#8211; Solid Surface, Granite, Quartz, Compact Laminate, Porcelaine et bien plus encore.<\/p>\n<p>[\/et_pb_text][et_pb_text _builder_version=\u00a0\u00bb4.17.4&Prime; _module_preset=\u00a0\u00bbdefault\u00a0\u00bb text_font=\u00a0\u00bb|300||on|||||\u00a0\u00bb text_font_size=\u00a0\u00bb35px\u00a0\u00bb text_line_height=\u00a0\u00bb1.5em\u00a0\u00bb background_color=\u00a0\u00bb#EDECEB\u00a0\u00bb custom_margin=\u00a0\u00bb80px||||false|false\u00a0\u00bb custom_padding=\u00a0\u00bb50px|50px|50px|50px|true|true\u00a0\u00bb text_font_size_tablet=\u00a0\u00bb30px\u00a0\u00bb text_font_size_phone=\u00a0\u00bb22px\u00a0\u00bb text_font_size_last_edited=\u00a0\u00bbon|phone\u00a0\u00bb global_colors_info=\u00a0\u00bb{}\u00a0\u00bb]<\/p>\n<p>Notre kit d&rsquo;installation et d&rsquo;entretien personnalis\u00e9 haut de gamme pour les panneaux et les surfaces est en passe de devenir la norme du secteur pour garantir une installation aux couleurs parfaitement assorties.<\/p>\n<p>[\/et_pb_text][\/et_pb_column][et_pb_column type=\u00a0\u00bb1_2&Prime; _builder_version=\u00a0\u00bb4.16&Prime; _module_preset=\u00a0\u00bbdefault\u00a0\u00bb global_colors_info=\u00a0\u00bb{}\u00a0\u00bb][et_pb_image src=\u00a0\u00bbhttps:\/\/unika.co.uk\/wp-content\/uploads\/2022\/07\/image-fullrange.jpg\u00a0\u00bb title_text=\u00a0\u00bbimage-fullrange\u00a0\u00bb _builder_version=\u00a0\u00bb4.17.4&Prime; _module_preset=\u00a0\u00bbdefault\u00a0\u00bb global_colors_info=\u00a0\u00bb{}\u00a0\u00bb][\/et_pb_image][et_pb_text _builder_version=\u00a0\u00bb4.17.4&Prime; _module_preset=\u00a0\u00bbdefault\u00a0\u00bb custom_margin=\u00a0\u00bb40px||40px|40px|false|false\u00a0\u00bb custom_margin_tablet=\u00a0\u00bb|||0px|false|false\u00a0\u00bb custom_margin_phone=\u00a0\u00bb|||0px|false|false\u00a0\u00bb custom_margin_last_edited=\u00a0\u00bbon|tablet\u00a0\u00bb locked=\u00a0\u00bboff\u00a0\u00bb global_colors_info=\u00a0\u00bb{}\u00a0\u00bb]Tous les kits ont \u00e9t\u00e9 d\u00e9velopp\u00e9s en collaboration avec des installateurs et garantissent un joint de plan de travail \u00e9tanche et hygi\u00e9nique, con\u00e7u pour durer.<\/p>\n<p>Parall\u00e8lement \u00e0 notre portefeuille, notre mission s&rsquo;est \u00e9galement \u00e9largie pour fabriquer des produits qui s&rsquo;inscrivent dans notre politique claire de durabilit\u00e9 environnementale. Chaque ann\u00e9e, nous nous fixons des objectifs et des cibles stricts par le biais de notre syst\u00e8me de gestion environnementale ISO14001, afin de faire une diff\u00e9rence positive en termes d&rsquo;\u00e9nergie, de mat\u00e9riaux et de flux de d\u00e9chets que nous utilisons.[\/et_pb_text][\/et_pb_column][\/et_pb_row][\/et_pb_section]<\/p>\n","protected":false},"excerpt":{"rendered":"<p>Installation et entretien de qualit\u00e9 sup\u00e9rieure pour votre surface de travailLorsque Unika a ouvert ses portes en 1987, l&rsquo;id\u00e9e \u00e9tait simple : fournir aux cuisinistes les meilleures solutions pour installer parfaitement un plan de travail stratifi\u00e9. ColorFill, MitreBond et Worktop Jigs ont marqu\u00e9 le d\u00e9but. Plus de 30 ans plus tard, notre d\u00e9vouement au march\u00e9 [&hellip;]<\/p>\n","protected":false},"author":1,"featured_media":0,"parent":0,"menu_order":0,"comment_status":"closed","ping_status":"closed","template":"","meta":{"_et_pb_use_builder":"on","_et_pb_old_content":"","_et_gb_content_width":"","footnotes":""},"class_list":["post-3167","page","type-page","status-publish","hentry"],"yoast_head":"<!-- This site is optimized with the Yoast SEO plugin v25.6 - https:\/\/yoast.com\/wordpress\/plugins\/seo\/ -->\n<title>\u00c0 propos d&#039;Unika - Unika<\/title>\n<meta name=\"robots\" content=\"index, follow, max-snippet:-1, max-image-preview:large, max-video-preview:-1\" \/>\n<link rel=\"canonical\" href=\"https:\/\/unika.co.uk\/fr\/a-propos-dunika\/\" \/>\n<meta property=\"og:locale\" content=\"fr_FR\" \/>\n<meta property=\"og:type\" content=\"article\" \/>\n<meta property=\"og:title\" content=\"\u00c0 propos d&#039;Unika - Unika\" \/>\n<meta property=\"og:description\" content=\"Installation et entretien de qualit\u00e9 sup\u00e9rieure pour votre surface de travailLorsque Unika a ouvert ses portes en 1987, l&#039;id\u00e9e \u00e9tait simple : fournir aux cuisinistes les meilleures solutions pour installer parfaitement un plan de travail stratifi\u00e9. ColorFill, MitreBond et Worktop Jigs ont marqu\u00e9 le d\u00e9but. Plus de 30 ans plus tard, notre d\u00e9vouement au march\u00e9 [&hellip;]\" \/>\n<meta property=\"og:url\" content=\"https:\/\/unika.co.uk\/fr\/a-propos-dunika\/\" \/>\n<meta property=\"og:site_name\" content=\"Unika\" \/>\n<meta property=\"article:modified_time\" content=\"2023-09-03T08:14:23+00:00\" \/>\n<meta name=\"twitter:card\" content=\"summary_large_image\" \/>\n<meta name=\"twitter:label1\" content=\"Dur\u00e9e de lecture estim\u00e9e\" \/>\n\t<meta name=\"twitter:data1\" content=\"4 minutes\" \/>\n<script type=\"application\/ld+json\" class=\"yoast-schema-graph\">{\"@context\":\"https:\/\/schema.org\",\"@graph\":[{\"@type\":\"WebPage\",\"@id\":\"https:\/\/unika.co.uk\/fr\/a-propos-dunika\/\",\"url\":\"https:\/\/unika.co.uk\/fr\/a-propos-dunika\/\",\"name\":\"\u00c0 propos d'Unika - Unika\",\"isPartOf\":{\"@id\":\"https:\/\/unika.co.uk\/fr\/#website\"},\"datePublished\":\"2022-07-08T20:47:44+00:00\",\"dateModified\":\"2023-09-03T08:14:23+00:00\",\"breadcrumb\":{\"@id\":\"https:\/\/unika.co.uk\/fr\/a-propos-dunika\/#breadcrumb\"},\"inLanguage\":\"fr-FR\",\"potentialAction\":[{\"@type\":\"ReadAction\",\"target\":[\"https:\/\/unika.co.uk\/fr\/a-propos-dunika\/\"]}]},{\"@type\":\"BreadcrumbList\",\"@id\":\"https:\/\/unika.co.uk\/fr\/a-propos-dunika\/#breadcrumb\",\"itemListElement\":[{\"@type\":\"ListItem\",\"position\":1,\"name\":\"Home\",\"item\":\"https:\/\/unika.co.uk\/fr\/accueil\/\"},{\"@type\":\"ListItem\",\"position\":2,\"name\":\"\u00c0 propos d&rsquo;Unika\"}]},{\"@type\":\"WebSite\",\"@id\":\"https:\/\/unika.co.uk\/fr\/#website\",\"url\":\"https:\/\/unika.co.uk\/fr\/\",\"name\":\"Unika\",\"description\":\"Kitchen fitting supplies from Unika\",\"publisher\":{\"@id\":\"https:\/\/unika.co.uk\/fr\/#organization\"},\"potentialAction\":[{\"@type\":\"SearchAction\",\"target\":{\"@type\":\"EntryPoint\",\"urlTemplate\":\"https:\/\/unika.co.uk\/fr\/?s={search_term_string}\"},\"query-input\":{\"@type\":\"PropertyValueSpecification\",\"valueRequired\":true,\"valueName\":\"search_term_string\"}}],\"inLanguage\":\"fr-FR\"},{\"@type\":\"Organization\",\"@id\":\"https:\/\/unika.co.uk\/fr\/#organization\",\"name\":\"Unika\",\"url\":\"https:\/\/unika.co.uk\/fr\/\",\"logo\":{\"@type\":\"ImageObject\",\"inLanguage\":\"fr-FR\",\"@id\":\"https:\/\/unika.co.uk\/fr\/#\/schema\/logo\/image\/\",\"url\":\"https:\/\/unika.co.uk\/wp-content\/uploads\/2020\/11\/header-logo-unika-ips-e1612284206405.png\",\"contentUrl\":\"https:\/\/unika.co.uk\/wp-content\/uploads\/2020\/11\/header-logo-unika-ips-e1612284206405.png\",\"width\":512,\"height\":115,\"caption\":\"Unika\"},\"image\":{\"@id\":\"https:\/\/unika.co.uk\/fr\/#\/schema\/logo\/image\/\"}}]}<\/script>\n<!-- \/ Yoast SEO plugin. -->","yoast_head_json":{"title":"\u00c0 propos d'Unika - Unika","robots":{"index":"index","follow":"follow","max-snippet":"max-snippet:-1","max-image-preview":"max-image-preview:large","max-video-preview":"max-video-preview:-1"},"canonical":"https:\/\/unika.co.uk\/fr\/a-propos-dunika\/","og_locale":"fr_FR","og_type":"article","og_title":"\u00c0 propos d'Unika - Unika","og_description":"Installation et entretien de qualit\u00e9 sup\u00e9rieure pour votre surface de travailLorsque Unika a ouvert ses portes en 1987, l'id\u00e9e \u00e9tait simple : fournir aux cuisinistes les meilleures solutions pour installer parfaitement un plan de travail stratifi\u00e9. ColorFill, MitreBond et Worktop Jigs ont marqu\u00e9 le d\u00e9but. Plus de 30 ans plus tard, notre d\u00e9vouement au march\u00e9 [&hellip;]","og_url":"https:\/\/unika.co.uk\/fr\/a-propos-dunika\/","og_site_name":"Unika","article_modified_time":"2023-09-03T08:14:23+00:00","twitter_card":"summary_large_image","twitter_misc":{"Dur\u00e9e de lecture estim\u00e9e":"4 minutes"},"schema":{"@context":"https:\/\/schema.org","@graph":[{"@type":"WebPage","@id":"https:\/\/unika.co.uk\/fr\/a-propos-dunika\/","url":"https:\/\/unika.co.uk\/fr\/a-propos-dunika\/","name":"\u00c0 propos d'Unika - Unika","isPartOf":{"@id":"https:\/\/unika.co.uk\/fr\/#website"},"datePublished":"2022-07-08T20:47:44+00:00","dateModified":"2023-09-03T08:14:23+00:00","breadcrumb":{"@id":"https:\/\/unika.co.uk\/fr\/a-propos-dunika\/#breadcrumb"},"inLanguage":"fr-FR","potentialAction":[{"@type":"ReadAction","target":["https:\/\/unika.co.uk\/fr\/a-propos-dunika\/"]}]},{"@type":"BreadcrumbList","@id":"https:\/\/unika.co.uk\/fr\/a-propos-dunika\/#breadcrumb","itemListElement":[{"@type":"ListItem","position":1,"name":"Home","item":"https:\/\/unika.co.uk\/fr\/accueil\/"},{"@type":"ListItem","position":2,"name":"\u00c0 propos d&rsquo;Unika"}]},{"@type":"WebSite","@id":"https:\/\/unika.co.uk\/fr\/#website","url":"https:\/\/unika.co.uk\/fr\/","name":"Unika","description":"Kitchen fitting supplies from Unika","publisher":{"@id":"https:\/\/unika.co.uk\/fr\/#organization"},"potentialAction":[{"@type":"SearchAction","target":{"@type":"EntryPoint","urlTemplate":"https:\/\/unika.co.uk\/fr\/?s={search_term_string}"},"query-input":{"@type":"PropertyValueSpecification","valueRequired":true,"valueName":"search_term_string"}}],"inLanguage":"fr-FR"},{"@type":"Organization","@id":"https:\/\/unika.co.uk\/fr\/#organization","name":"Unika","url":"https:\/\/unika.co.uk\/fr\/","logo":{"@type":"ImageObject","inLanguage":"fr-FR","@id":"https:\/\/unika.co.uk\/fr\/#\/schema\/logo\/image\/","url":"https:\/\/unika.co.uk\/wp-content\/uploads\/2020\/11\/header-logo-unika-ips-e1612284206405.png","contentUrl":"https:\/\/unika.co.uk\/wp-content\/uploads\/2020\/11\/header-logo-unika-ips-e1612284206405.png","width":512,"height":115,"caption":"Unika"},"image":{"@id":"https:\/\/unika.co.uk\/fr\/#\/schema\/logo\/image\/"}}]}},"_links":{"self":[{"href":"https:\/\/unika.co.uk\/fr\/wp-json\/wp\/v2\/pages\/3167","targetHints":{"allow":["GET"]}}],"collection":[{"href":"https:\/\/unika.co.uk\/fr\/wp-json\/wp\/v2\/pages"}],"about":[{"href":"https:\/\/unika.co.uk\/fr\/wp-json\/wp\/v2\/types\/page"}],"author":[{"embeddable":true,"href":"https:\/\/unika.co.uk\/fr\/wp-json\/wp\/v2\/users\/1"}],"replies":[{"embeddable":true,"href":"https:\/\/unika.co.uk\/fr\/wp-json\/wp\/v2\/comments?post=3167"}],"version-history":[{"count":6,"href":"https:\/\/unika.co.uk\/fr\/wp-json\/wp\/v2\/pages\/3167\/revisions"}],"predecessor-version":[{"id":3195,"href":"https:\/\/unika.co.uk\/fr\/wp-json\/wp\/v2\/pages\/3167\/revisions\/3195"}],"wp:attachment":[{"href":"https:\/\/unika.co.uk\/fr\/wp-json\/wp\/v2\/media?parent=3167"}],"curies":[{"name":"wp","href":"https:\/\/api.w.org\/{rel}","templated":true}]}}