{"id":3204,"date":"2022-07-07T13:03:44","date_gmt":"2022-07-07T12:03:44","guid":{"rendered":"https:\/\/unika.co.uk\/nettoyeurs-de-surface-specialises\/"},"modified":"2022-08-24T21:06:04","modified_gmt":"2022-08-24T20:06:04","slug":"nettoyeurs-de-surface-specialises","status":"publish","type":"page","link":"https:\/\/unika.co.uk\/fr\/soins-de-cuisine\/nettoyeurs-de-surface-specialises\/","title":{"rendered":"Nettoyeurs de surface sp\u00e9cialis\u00e9s"},"content":{"rendered":"<p>[et_pb_section fb_built=\u00a0\u00bb1&Prime; admin_label=\u00a0\u00bbHEADER\u00a0\u00bb _builder_version=\u00a0\u00bb4.17.4&Prime; _module_preset=\u00a0\u00bbdefault\u00a0\u00bb background_color=\u00a0\u00bb#edeceb\u00a0\u00bb background_image=\u00a0\u00bbhttps:\/\/unika.co.uk\/wp-content\/uploads\/2020\/11\/home-bg-head-separator-scaled.jpg\u00a0\u00bb background_size=\u00a0\u00bbcontain\u00a0\u00bb background_position=\u00a0\u00bbbottom_center\u00a0\u00bb custom_padding=\u00a0\u00bb50px||0px||false|false\u00a0\u00bb collapsed=\u00a0\u00bboff\u00a0\u00bb global_colors_info=\u00a0\u00bb{}\u00a0\u00bb][et_pb_row column_structure=\u00a0\u00bb1_2,1_2&Prime; _builder_version=\u00a0\u00bb4.17.4&Prime; _module_preset=\u00a0\u00bbdefault\u00a0\u00bb collapsed=\u00a0\u00bboff\u00a0\u00bb global_colors_info=\u00a0\u00bb{}\u00a0\u00bb][et_pb_column type=\u00a0\u00bb1_2&Prime; _builder_version=\u00a0\u00bb4.16&Prime; _module_preset=\u00a0\u00bbdefault\u00a0\u00bb global_colors_info=\u00a0\u00bb{}\u00a0\u00bb][et_pb_text _builder_version=\u00a0\u00bb4.17.4&Prime; _module_preset=\u00a0\u00bbdefault\u00a0\u00bb custom_padding=\u00a0\u00bb0px||0px|45px|false|false\u00a0\u00bb border_width_left=\u00a0\u00bb8px\u00a0\u00bb border_color_left=\u00a0\u00bb#f9001d\u00a0\u00bb global_colors_info=\u00a0\u00bb{}\u00a0\u00bb]<\/p>\n<h1>Nettoyeurs de surface sp\u00e9cialis\u00e9s Unika<\/h1>\n<p>[\/et_pb_text][et_pb_text _builder_version=\u00a0\u00bb4.17.4&Prime; _module_preset=\u00a0\u00bbdefault\u00a0\u00bb text_font_size=\u00a0\u00bb18px\u00a0\u00bb text_line_height=\u00a0\u00bb1.5em\u00a0\u00bb custom_padding=\u00a0\u00bb|||50px|false|false\u00a0\u00bb global_colors_info=\u00a0\u00bb{}\u00a0\u00bb]Unika a pass\u00e9 des ann\u00e9es \u00e0 travailler avec les fabricants de surfaces, \u00e0 tester et \u00e0 formuler des nettoyants sp\u00e9cifiques au type de plan de travail afin d&rsquo;offrir le meilleur nettoyage et entretien possible.[\/et_pb_text][et_pb_button button_url=\u00a0\u00bb#product-box\u00a0\u00bb button_text=\u00a0\u00bbVoir les produits\u00a0\u00bb disabled_on=\u00a0\u00bboff|off|off\u00a0\u00bb _builder_version=\u00a0\u00bb4.17.4&Prime; _module_preset=\u00a0\u00bbdefault\u00a0\u00bb hover_enabled=\u00a0\u00bb0&Prime; global_colors_info=\u00a0\u00bb{}\u00a0\u00bb sticky_enabled=\u00a0\u00bb0&Prime;][\/et_pb_button][\/et_pb_column][et_pb_column type=\u00a0\u00bb1_2&Prime; _builder_version=\u00a0\u00bb4.16&Prime; _module_preset=\u00a0\u00bbdefault\u00a0\u00bb global_colors_info=\u00a0\u00bb{}\u00a0\u00bb][\/et_pb_column][\/et_pb_row][\/et_pb_section][et_pb_section fb_built=\u00a0\u00bb1&Prime; _builder_version=\u00a0\u00bb4.17.4&Prime; _module_preset=\u00a0\u00bbdefault\u00a0\u00bb background_enable_color=\u00a0\u00bboff\u00a0\u00bb global_colors_info=\u00a0\u00bb{}\u00a0\u00bb][et_pb_row column_structure=\u00a0\u00bb1_2,1_2&Prime; gutter_width=\u00a0\u00bb1&Prime; _builder_version=\u00a0\u00bb4.17.4&Prime; _module_preset=\u00a0\u00bbdefault\u00a0\u00bb global_colors_info=\u00a0\u00bb{}\u00a0\u00bb][et_pb_column type=\u00a0\u00bb1_2&Prime; _builder_version=\u00a0\u00bb4.16&Prime; _module_preset=\u00a0\u00bbdefault\u00a0\u00bb global_colors_info=\u00a0\u00bb{}\u00a0\u00bb][et_pb_text _builder_version=\u00a0\u00bb4.17.4&Prime; _module_preset=\u00a0\u00bbdefault\u00a0\u00bb custom_margin=\u00a0\u00bb|40px|40px||false|false\u00a0\u00bb custom_margin_tablet=\u00a0\u00bb|0px|||false|false\u00a0\u00bb custom_margin_phone=\u00a0\u00bb|0px|||false|false\u00a0\u00bb custom_margin_last_edited=\u00a0\u00bbon|phone\u00a0\u00bb global_colors_info=\u00a0\u00bb{}\u00a0\u00bb]Unika formule des nettoyants, des scellants et des huiles sp\u00e9cialis\u00e9s pour s&rsquo;adapter \u00e0 toutes les surfaces de travail &#8211; surfaces solides, stratifi\u00e9s, stratifi\u00e9s compacts, granit, quartz, porcelaine, bois et bien plus encore. Chaque surface est diff\u00e9rente et n\u00e9cessite donc un nettoyant adapt\u00e9 \u00e0 ses propri\u00e9t\u00e9s. Unika a pass\u00e9 des ann\u00e9es \u00e0 travailler avec les fabricants de surfaces, \u00e0 tester et \u00e0 formuler des nettoyants sp\u00e9cifiques au type de plan de travail afin d&rsquo;offrir le meilleur nettoyage et entretien possible.  <\/p>\n<p>La gamme de nettoyants Unika contient un pourcentage \u00e9lev\u00e9 d&rsquo;agents de surface ou de tensioactifs &#8211; plus de tensioactifs, cela signifie que plus de salet\u00e9 est collect\u00e9e et moins d&rsquo;eau est laiss\u00e9e derri\u00e8re. Il n&rsquo;y a donc pas de traces d&rsquo;eau apr\u00e8s le nettoyage, ce qui est id\u00e9al pour les surfaces sombres et brillantes. Toutes les formules sont respectueuses de l&rsquo;environnement, biod\u00e9gradables et sans solvant.[\/et_pb_text][et_pb_text _builder_version=\u00a0\u00bb4.17.4&Prime; _module_preset=\u00a0\u00bbdefault\u00a0\u00bb text_font=\u00a0\u00bb|300||on|||||\u00a0\u00bb text_font_size=\u00a0\u00bb35px\u00a0\u00bb text_line_height=\u00a0\u00bb1.5em\u00a0\u00bb background_color=\u00a0\u00bb#EDECEB\u00a0\u00bb custom_margin=\u00a0\u00bb80px||||false|false\u00a0\u00bb custom_padding=\u00a0\u00bb50px|50px|50px|50px|true|true\u00a0\u00bb text_font_size_tablet=\u00a0\u00bb30px\u00a0\u00bb text_font_size_phone=\u00a0\u00bb22px\u00a0\u00bb text_font_size_last_edited=\u00a0\u00bbon|phone\u00a0\u00bb global_colors_info=\u00a0\u00bb{}\u00a0\u00bb]<\/p>\n<p>Nous avons pass\u00e9 des ann\u00e9es \u00e0 tester et \u00e0 formuler des produits qui sont sp\u00e9cifiques \u00e0 chaque surface de travail et donnent les meilleurs r\u00e9sultats.<\/p>\n<p>[\/et_pb_text][\/et_pb_column][et_pb_column type=\u00a0\u00bb1_2&Prime; _builder_version=\u00a0\u00bb4.16&Prime; _module_preset=\u00a0\u00bbdefault\u00a0\u00bb global_colors_info=\u00a0\u00bb{}\u00a0\u00bb][et_pb_image src=\u00a0\u00bbhttps:\/\/unika.co.uk\/wp-content\/uploads\/2022\/07\/image-kitchen-care.jpg\u00a0\u00bb title_text=\u00a0\u00bbimage-cuisine-soins\u00a0\u00bb _builder_version=\u00a0\u00bb4.17.4&Prime; _module_preset=\u00a0\u00bbdefault\u00a0\u00bb global_colors_info=\u00a0\u00bb{}\u00a0\u00bb][\/et_pb_image][\/et_pb_column][\/et_pb_row][\/et_pb_section][et_pb_section fb_built=\u00a0\u00bb1&Prime; module_id=\u00a0\u00bbbo\u00eete de produit\u00a0\u00bb _builder_version=\u00a0\u00bb4.17.4&Prime; _module_preset=\u00a0\u00bbdefault\u00a0\u00bb background_color=\u00a0\u00bb#EDECEB\u00a0\u00bb global_colors_info=\u00a0\u00bb{}\u00a0\u00bb][et_pb_row _builder_version=\u00a0\u00bb4.16&Prime; _module_preset=\u00a0\u00bbdefault\u00a0\u00bb global_colors_info=\u00a0\u00bb{}\u00a0\u00bb][et_pb_column type=\u00a0\u00bb4_4&Prime; _builder_version=\u00a0\u00bb4.16&Prime; _module_preset=\u00a0\u00bbdefault\u00a0\u00bb global_colors_info=\u00a0\u00bb{}\u00a0\u00bb][et_pb_text _builder_version=\u00a0\u00bb4.17.4&Prime; _module_preset=\u00a0\u00bbdefault\u00a0\u00bb header_2_text_align=\u00a0\u00bbcenter\u00a0\u00bb global_colors_info=\u00a0\u00bb{}\u00a0\u00bb]<\/p>\n<h2>Nos produits d&rsquo;entretien de la cuisine<\/h2>\n<p>[\/et_pb_text][et_pb_divider divider_position=\u00a0\u00bbcenter\u00a0\u00bb divider_weight=\u00a0\u00bb8px\u00a0\u00bb _builder_version=\u00a0\u00bb4.16&Prime; _module_preset=\u00a0\u00bbdefault\u00a0\u00bb background_color=\u00a0\u00bbrgba(0,0,0,0)\u00a0\u00bb width=\u00a0\u00bb100px\u00a0\u00bb module_alignment=\u00a0\u00bbcenter\u00a0\u00bb global_colors_info=\u00a0\u00bb{}\u00a0\u00bb][\/et_pb_divider][\/et_pb_column][\/et_pb_row][et_pb_row _builder_version=\u00a0\u00bb4.17.4&Prime; _module_preset=\u00a0\u00bbdefault\u00a0\u00bb global_colors_info=\u00a0\u00bb{}\u00a0\u00bb][et_pb_column type=\u00a0\u00bb4_4&Prime; _builder_version=\u00a0\u00bb4.17.4&Prime; _module_preset=\u00a0\u00bbdefault\u00a0\u00bb global_colors_info=\u00a0\u00bb{}\u00a0\u00bb][et_pb_portfolio fullwidth=\u00a0\u00bboff\u00a0\u00bb posts_number=\u00a0\u00bb100&Prime; include_categories=\u00a0\u00bb35&Prime; show_categories=\u00a0\u00bboff\u00a0\u00bb show_pagination=\u00a0\u00bboff\u00a0\u00bb zoom_icon_color=\u00a0\u00bb#FFFFFF\u00a0\u00bb hover_overlay_color=\u00a0\u00bbrgba(249,0,29,0.7)\u00a0\u00bb admin_label=\u00a0\u00bbPortfolio\u00a0\u00bb _builder_version=\u00a0\u00bb4.17.4&Prime; _module_preset=\u00a0\u00bbdefault\u00a0\u00bb title_font=\u00a0\u00bb||||||||\u00a0\u00bb title_text_align=\u00a0\u00bbcenter\u00a0\u00bb title_text_color=\u00a0\u00bb#FFFFFF\u00a0\u00bb background_color=\u00a0\u00bbrgba(255,255,255,0.4)\u00a0\u00bb background_layout=\u00a0\u00bbdark\u00a0\u00bb width=\u00a0\u00bb100%\u00a0\u00bb max_width=\u00a0\u00bb100%\u00a0\u00bb module_alignment=\u00a0\u00bbcenter\u00a0\u00bb custom_margin=\u00a0\u00bb||||false|false\u00a0\u00bb custom_padding=\u00a0\u00bb||||true|false\u00a0\u00bb custom_css_portfolio_title=\u00a0\u00bbbackground-color: #f9001d;||    padding-top: 20px;||    padding-bottom: 20px !important;||margin:0 !important;\u00a0\u00bb locked=\u00a0\u00bboff\u00a0\u00bb global_colors_info=\u00a0\u00bb{}\u00a0\u00bb][\/et_pb_portfolio][\/et_pb_column][\/et_pb_row][\/et_pb_section]<\/p>\n","protected":false},"excerpt":{"rendered":"<p>Nettoyeurs de surface sp\u00e9cialis\u00e9s UnikaUnika a pass\u00e9 des ann\u00e9es \u00e0 travailler avec les fabricants de surfaces, \u00e0 tester et \u00e0 formuler des nettoyants sp\u00e9cifiques au type de plan de travail afin d&rsquo;offrir le meilleur nettoyage et entretien possible.Unika formule des nettoyants, des scellants et des huiles sp\u00e9cialis\u00e9s pour s&rsquo;adapter \u00e0 toutes les surfaces de travail [&hellip;]<\/p>\n","protected":false},"author":1,"featured_media":0,"parent":3241,"menu_order":0,"comment_status":"closed","ping_status":"closed","template":"","meta":{"_et_pb_use_builder":"on","_et_pb_old_content":"","_et_gb_content_width":"","footnotes":""},"class_list":["post-3204","page","type-page","status-publish","hentry"],"yoast_head":"<!-- This site is optimized with the Yoast SEO plugin v25.6 - https:\/\/yoast.com\/wordpress\/plugins\/seo\/ -->\n<title>Nettoyeurs de surface sp\u00e9cialis\u00e9s - Unika<\/title>\n<meta name=\"robots\" content=\"index, follow, max-snippet:-1, max-image-preview:large, max-video-preview:-1\" \/>\n<link rel=\"canonical\" href=\"https:\/\/unika.co.uk\/fr\/soins-de-cuisine\/nettoyeurs-de-surface-specialises\/\" \/>\n<meta property=\"og:locale\" content=\"fr_FR\" \/>\n<meta property=\"og:type\" content=\"article\" \/>\n<meta property=\"og:title\" content=\"Nettoyeurs de surface sp\u00e9cialis\u00e9s - Unika\" \/>\n<meta property=\"og:description\" content=\"Nettoyeurs de surface sp\u00e9cialis\u00e9s UnikaUnika a pass\u00e9 des ann\u00e9es \u00e0 travailler avec les fabricants de surfaces, \u00e0 tester et \u00e0 formuler des nettoyants sp\u00e9cifiques au type de plan de travail afin d&#039;offrir le meilleur nettoyage et entretien possible.Unika formule des nettoyants, des scellants et des huiles sp\u00e9cialis\u00e9s pour s&#039;adapter \u00e0 toutes les surfaces de travail [&hellip;]\" \/>\n<meta property=\"og:url\" content=\"https:\/\/unika.co.uk\/fr\/soins-de-cuisine\/nettoyeurs-de-surface-specialises\/\" \/>\n<meta property=\"og:site_name\" content=\"Unika\" \/>\n<meta property=\"article:modified_time\" content=\"2022-08-24T20:06:04+00:00\" \/>\n<meta name=\"twitter:card\" content=\"summary_large_image\" \/>\n<meta name=\"twitter:label1\" content=\"Dur\u00e9e de lecture estim\u00e9e\" \/>\n\t<meta name=\"twitter:data1\" content=\"4 minutes\" \/>\n<script type=\"application\/ld+json\" class=\"yoast-schema-graph\">{\"@context\":\"https:\/\/schema.org\",\"@graph\":[{\"@type\":\"WebPage\",\"@id\":\"https:\/\/unika.co.uk\/fr\/soins-de-cuisine\/nettoyeurs-de-surface-specialises\/\",\"url\":\"https:\/\/unika.co.uk\/fr\/soins-de-cuisine\/nettoyeurs-de-surface-specialises\/\",\"name\":\"Nettoyeurs de surface sp\u00e9cialis\u00e9s - Unika\",\"isPartOf\":{\"@id\":\"https:\/\/unika.co.uk\/fr\/#website\"},\"datePublished\":\"2022-07-07T12:03:44+00:00\",\"dateModified\":\"2022-08-24T20:06:04+00:00\",\"breadcrumb\":{\"@id\":\"https:\/\/unika.co.uk\/fr\/soins-de-cuisine\/nettoyeurs-de-surface-specialises\/#breadcrumb\"},\"inLanguage\":\"fr-FR\",\"potentialAction\":[{\"@type\":\"ReadAction\",\"target\":[\"https:\/\/unika.co.uk\/fr\/soins-de-cuisine\/nettoyeurs-de-surface-specialises\/\"]}]},{\"@type\":\"BreadcrumbList\",\"@id\":\"https:\/\/unika.co.uk\/fr\/soins-de-cuisine\/nettoyeurs-de-surface-specialises\/#breadcrumb\",\"itemListElement\":[{\"@type\":\"ListItem\",\"position\":1,\"name\":\"Home\",\"item\":\"https:\/\/unika.co.uk\/fr\/accueil\/\"},{\"@type\":\"ListItem\",\"position\":2,\"name\":\"Nettoyeurs de surface sp\u00e9cialis\u00e9s\"}]},{\"@type\":\"WebSite\",\"@id\":\"https:\/\/unika.co.uk\/fr\/#website\",\"url\":\"https:\/\/unika.co.uk\/fr\/\",\"name\":\"Unika\",\"description\":\"Kitchen fitting supplies from Unika\",\"publisher\":{\"@id\":\"https:\/\/unika.co.uk\/fr\/#organization\"},\"potentialAction\":[{\"@type\":\"SearchAction\",\"target\":{\"@type\":\"EntryPoint\",\"urlTemplate\":\"https:\/\/unika.co.uk\/fr\/?s={search_term_string}\"},\"query-input\":{\"@type\":\"PropertyValueSpecification\",\"valueRequired\":true,\"valueName\":\"search_term_string\"}}],\"inLanguage\":\"fr-FR\"},{\"@type\":\"Organization\",\"@id\":\"https:\/\/unika.co.uk\/fr\/#organization\",\"name\":\"Unika\",\"url\":\"https:\/\/unika.co.uk\/fr\/\",\"logo\":{\"@type\":\"ImageObject\",\"inLanguage\":\"fr-FR\",\"@id\":\"https:\/\/unika.co.uk\/fr\/#\/schema\/logo\/image\/\",\"url\":\"https:\/\/unika.co.uk\/wp-content\/uploads\/2020\/11\/header-logo-unika-ips-e1612284206405.png\",\"contentUrl\":\"https:\/\/unika.co.uk\/wp-content\/uploads\/2020\/11\/header-logo-unika-ips-e1612284206405.png\",\"width\":512,\"height\":115,\"caption\":\"Unika\"},\"image\":{\"@id\":\"https:\/\/unika.co.uk\/fr\/#\/schema\/logo\/image\/\"}}]}<\/script>\n<!-- \/ Yoast SEO plugin. -->","yoast_head_json":{"title":"Nettoyeurs de surface sp\u00e9cialis\u00e9s - Unika","robots":{"index":"index","follow":"follow","max-snippet":"max-snippet:-1","max-image-preview":"max-image-preview:large","max-video-preview":"max-video-preview:-1"},"canonical":"https:\/\/unika.co.uk\/fr\/soins-de-cuisine\/nettoyeurs-de-surface-specialises\/","og_locale":"fr_FR","og_type":"article","og_title":"Nettoyeurs de surface sp\u00e9cialis\u00e9s - Unika","og_description":"Nettoyeurs de surface sp\u00e9cialis\u00e9s UnikaUnika a pass\u00e9 des ann\u00e9es \u00e0 travailler avec les fabricants de surfaces, \u00e0 tester et \u00e0 formuler des nettoyants sp\u00e9cifiques au type de plan de travail afin d'offrir le meilleur nettoyage et entretien possible.Unika formule des nettoyants, des scellants et des huiles sp\u00e9cialis\u00e9s pour s'adapter \u00e0 toutes les surfaces de travail [&hellip;]","og_url":"https:\/\/unika.co.uk\/fr\/soins-de-cuisine\/nettoyeurs-de-surface-specialises\/","og_site_name":"Unika","article_modified_time":"2022-08-24T20:06:04+00:00","twitter_card":"summary_large_image","twitter_misc":{"Dur\u00e9e de lecture estim\u00e9e":"4 minutes"},"schema":{"@context":"https:\/\/schema.org","@graph":[{"@type":"WebPage","@id":"https:\/\/unika.co.uk\/fr\/soins-de-cuisine\/nettoyeurs-de-surface-specialises\/","url":"https:\/\/unika.co.uk\/fr\/soins-de-cuisine\/nettoyeurs-de-surface-specialises\/","name":"Nettoyeurs de surface sp\u00e9cialis\u00e9s - Unika","isPartOf":{"@id":"https:\/\/unika.co.uk\/fr\/#website"},"datePublished":"2022-07-07T12:03:44+00:00","dateModified":"2022-08-24T20:06:04+00:00","breadcrumb":{"@id":"https:\/\/unika.co.uk\/fr\/soins-de-cuisine\/nettoyeurs-de-surface-specialises\/#breadcrumb"},"inLanguage":"fr-FR","potentialAction":[{"@type":"ReadAction","target":["https:\/\/unika.co.uk\/fr\/soins-de-cuisine\/nettoyeurs-de-surface-specialises\/"]}]},{"@type":"BreadcrumbList","@id":"https:\/\/unika.co.uk\/fr\/soins-de-cuisine\/nettoyeurs-de-surface-specialises\/#breadcrumb","itemListElement":[{"@type":"ListItem","position":1,"name":"Home","item":"https:\/\/unika.co.uk\/fr\/accueil\/"},{"@type":"ListItem","position":2,"name":"Nettoyeurs de surface sp\u00e9cialis\u00e9s"}]},{"@type":"WebSite","@id":"https:\/\/unika.co.uk\/fr\/#website","url":"https:\/\/unika.co.uk\/fr\/","name":"Unika","description":"Kitchen fitting supplies from Unika","publisher":{"@id":"https:\/\/unika.co.uk\/fr\/#organization"},"potentialAction":[{"@type":"SearchAction","target":{"@type":"EntryPoint","urlTemplate":"https:\/\/unika.co.uk\/fr\/?s={search_term_string}"},"query-input":{"@type":"PropertyValueSpecification","valueRequired":true,"valueName":"search_term_string"}}],"inLanguage":"fr-FR"},{"@type":"Organization","@id":"https:\/\/unika.co.uk\/fr\/#organization","name":"Unika","url":"https:\/\/unika.co.uk\/fr\/","logo":{"@type":"ImageObject","inLanguage":"fr-FR","@id":"https:\/\/unika.co.uk\/fr\/#\/schema\/logo\/image\/","url":"https:\/\/unika.co.uk\/wp-content\/uploads\/2020\/11\/header-logo-unika-ips-e1612284206405.png","contentUrl":"https:\/\/unika.co.uk\/wp-content\/uploads\/2020\/11\/header-logo-unika-ips-e1612284206405.png","width":512,"height":115,"caption":"Unika"},"image":{"@id":"https:\/\/unika.co.uk\/fr\/#\/schema\/logo\/image\/"}}]}},"_links":{"self":[{"href":"https:\/\/unika.co.uk\/fr\/wp-json\/wp\/v2\/pages\/3204","targetHints":{"allow":["GET"]}}],"collection":[{"href":"https:\/\/unika.co.uk\/fr\/wp-json\/wp\/v2\/pages"}],"about":[{"href":"https:\/\/unika.co.uk\/fr\/wp-json\/wp\/v2\/types\/page"}],"author":[{"embeddable":true,"href":"https:\/\/unika.co.uk\/fr\/wp-json\/wp\/v2\/users\/1"}],"replies":[{"embeddable":true,"href":"https:\/\/unika.co.uk\/fr\/wp-json\/wp\/v2\/comments?post=3204"}],"version-history":[{"count":1,"href":"https:\/\/unika.co.uk\/fr\/wp-json\/wp\/v2\/pages\/3204\/revisions"}],"predecessor-version":[{"id":3227,"href":"https:\/\/unika.co.uk\/fr\/wp-json\/wp\/v2\/pages\/3204\/revisions\/3227"}],"up":[{"embeddable":true,"href":"https:\/\/unika.co.uk\/fr\/wp-json\/wp\/v2\/pages\/3241"}],"wp:attachment":[{"href":"https:\/\/unika.co.uk\/fr\/wp-json\/wp\/v2\/media?parent=3204"}],"curies":[{"name":"wp","href":"https:\/\/api.w.org\/{rel}","templated":true}]}}