{"id":4988,"date":"2022-06-30T15:43:58","date_gmt":"2022-06-30T14:43:58","guid":{"rendered":"https:\/\/unika.co.uk\/arredamento-cucina\/"},"modified":"2022-10-21T13:40:51","modified_gmt":"2022-10-21T12:40:51","slug":"arredamento-cucina","status":"publish","type":"page","link":"https:\/\/unika.co.uk\/it\/arredamento-cucina\/","title":{"rendered":"Arredamento cucina"},"content":{"rendered":"<p>[et_pb_section fb_built=&#8221;1&#8243; admin_label=&#8221;HEADER&#8221; _builder_version=&#8221;4.17.4&#8243; _module_preset=&#8221;default&#8221; background_color=&#8221;#edeceb&#8221; background_image=&#8221;https:\/\/unika.co.uk\/wp-content\/uploads\/2020\/11\/home-bg-head-separator-scaled.jpg&#8221; background_size=&#8221;contain&#8221; background_position=&#8221;bottom_center&#8221; custom_padding=&#8221;50px||0px||false|false&#8221; collapsed=&#8221;off&#8221; global_colors_info=&#8221;{}&#8221;][et_pb_row column_structure=&#8221;1_2,1_2&#8243; _builder_version=&#8221;4.17.4&#8243; _module_preset=&#8221;default&#8221; collapsed=&#8221;off&#8221; global_colors_info=&#8221;{}&#8221;][et_pb_column type=&#8221;1_2&#8243; _builder_version=&#8221;4.16&#8243; _module_preset=&#8221;default&#8221; global_colors_info=&#8221;{}&#8221;][et_pb_text _builder_version=&#8221;4.17.4&#8243; _module_preset=&#8221;default&#8221; custom_padding=&#8221;0px||0px|45px|false|false&#8221; border_width_left=&#8221;8px&#8221; border_color_left=&#8221;#f9001d&#8221; global_colors_info=&#8221;{}&#8221;]<\/p>\n<h1>Soluzioni per la cucina di Unika<\/h1>\n<p>[\/et_pb_text][et_pb_text _builder_version=&#8221;4.17.4&#8243; _module_preset=&#8221;default&#8221; text_font_size=&#8221;18px&#8221; text_line_height=&#8221;1.5em&#8221; custom_padding=&#8221;|||50px|false|false&#8221; global_colors_info=&#8221;{}&#8221;]<\/p>\n<p>Da adesivi e sigillanti in tinta a dime e accessori per piani di lavoro.<\/p>\n<p>[\/et_pb_text][et_pb_button button_url=&#8221;#product-box&#8221; button_text=&#8221;Vedi prodotti&#8221; disabled_on=&#8221;off|off|off&#8221; _builder_version=&#8221;4.17.4&#8243; _module_preset=&#8221;default&#8221; hover_enabled=&#8221;0&#8243; global_colors_info=&#8221;{}&#8221; sticky_enabled=&#8221;0&#8243;][\/et_pb_button][\/et_pb_column][et_pb_column type=&#8221;1_2&#8243; _builder_version=&#8221;4.16&#8243; _module_preset=&#8221;default&#8221; global_colors_info=&#8221;{}&#8221;][\/et_pb_column][\/et_pb_row][\/et_pb_section][et_pb_section fb_built=&#8221;1&#8243; _builder_version=&#8221;4.17.4&#8243; _module_preset=&#8221;default&#8221; background_enable_color=&#8221;off&#8221; global_colors_info=&#8221;{}&#8221;][et_pb_row column_structure=&#8221;1_2,1_2&#8243; gutter_width=&#8221;1&#8243; _builder_version=&#8221;4.17.4&#8243; _module_preset=&#8221;default&#8221; global_colors_info=&#8221;{}&#8221;][et_pb_column type=&#8221;1_2&#8243; _builder_version=&#8221;4.16&#8243; _module_preset=&#8221;default&#8221; global_colors_info=&#8221;{}&#8221;][et_pb_text _builder_version=&#8221;4.17.4&#8243; _module_preset=&#8221;default&#8221; custom_margin=&#8221;|40px|40px||false|false&#8221; custom_margin_tablet=&#8221;|0px|||false|false&#8221; custom_margin_phone=&#8221;|0px|||false|false&#8221; custom_margin_last_edited=&#8221;on|phone&#8221; global_colors_info=&#8221;{}&#8221;]<\/p>\n<p>L&#8217;installazione di una cucina \u00e8 di solito completata da un montatore di cucine professionista o da un falegname esperto. In genere l&#8217;allestimento di una cucina prevede un team di artigiani, tra cui il montatore\/ falegname della cucina, l&#8217;elettricista e l&#8217;idraulico. Questi artigiani coordinano l&#8217;installazione per riunire tutti gli elementi della cucina e dare vita al progetto finale.<\/p>\n<p>La complessit\u00e0 dell&#8217;allestimento della cucina pu\u00f2 variare e dipender\u00e0 dalle dimensioni della stanza, dai requisiti del progetto, dai tipi di piano di lavoro, dal fatto che la casa sia nuova o vecchia, dal fatto che gli elettrodomestici debbano essere spostati, dalle pareti e dai pavimenti fuori squadra, l&#8217;elenco \u00e8 lungo.<\/p>\n<p>[\/et_pb_text][et_pb_text _builder_version=&#8221;4.17.4&#8243; _module_preset=&#8221;default&#8221; text_font=&#8221;|300||on|||||&#8221; text_font_size=&#8221;35px&#8221; text_line_height=&#8221;1.5em&#8221; background_color=&#8221;#EDECEB&#8221; custom_margin=&#8221;80px||||false|false&#8221; custom_padding=&#8221;50px|50px|50px|50px|true|true&#8221; text_font_size_tablet=&#8221;30px&#8221; text_font_size_phone=&#8221;22px&#8221; text_font_size_last_edited=&#8221;on|phone&#8221; global_colors_info=&#8221;{}&#8221;]<\/p>\n<p>una cucina montata male pu\u00f2 rovinare l&#8217;intera finitura. Allo stesso modo, una cucina installata a regola d&#8217;arte, indipendentemente dalla qualit\u00e0, pu\u00f2 essere davvero bella da vedere.<\/p>\n<p>[\/et_pb_text][\/et_pb_column][et_pb_column type=&#8221;1_2&#8243; _builder_version=&#8221;4.16&#8243; _module_preset=&#8221;default&#8221; global_colors_info=&#8221;{}&#8221;][et_pb_image src=&#8221;https:\/\/unika.co.uk\/wp-content\/uploads\/2020\/11\/hp-nicekitchen-temp.jpg&#8221; title_text=&#8221;hp-nicekitchen-temp&#8221; _builder_version=&#8221;4.16&#8243; _module_preset=&#8221;default&#8221; global_colors_info=&#8221;{}&#8221;][\/et_pb_image][et_pb_text _builder_version=&#8221;4.17.4&#8243; _module_preset=&#8221;default&#8221; custom_margin=&#8221;40px||40px|40px|false|false&#8221; custom_margin_tablet=&#8221;|||0px|false|false&#8221; custom_margin_phone=&#8221;|||0px|false|false&#8221; custom_margin_last_edited=&#8221;on|phone&#8221; global_colors_info=&#8221;{}&#8221;]<\/p>\n<p>Gli zoccoli, le alzate, le giunzioni e la finitura sono fondamentali per l&#8217;aspetto finale della cucina e sono estremamente importanti per la durata della cucina stessa.<\/p>\n<p>Le infiltrazioni d&#8217;acqua sono il problema principale di una cucina montata male e una bella cucina nuova pu\u00f2 iniziare a cadere a pezzi dopo qualche settimana.<\/p>\n<p>L&#8217;installazione e la manutenzione sono fondamentali per il successo e la durata di un progetto di cucina. Unika ha dedicato oltre 35 anni allo sviluppo e alla ricerca, in collaborazione con arredatori e progettisti di cucine, fornitori di elementi grezzi e di vari piani di lavoro, per diventare specialisti nel campo dell&#8217;installazione di cucine. Specialisti in tutti i prodotti necessari a completare la cucina e ad assicurarsi che si tratti di un&#8217;installazione di alta qualit\u00e0, abbinata ai colori e costruita per durare nel tempo.<\/p>\n<p>[\/et_pb_text][\/et_pb_column][\/et_pb_row][\/et_pb_section][et_pb_section fb_built=&#8221;1&#8243; module_id=&#8221;prodotto-box&#8221; _builder_version=&#8221;4.17.4&#8243; _module_preset=&#8221;default&#8221; background_color=&#8221;#EDECEB&#8221; hover_enabled=&#8221;0&#8243; global_colors_info=&#8221;{}&#8221; sticky_enabled=&#8221;0&#8243;][et_pb_row _builder_version=&#8221;4.16&#8243; _module_preset=&#8221;default&#8221; global_colors_info=&#8221;{}&#8221;][et_pb_column type=&#8221;4_4&#8243; _builder_version=&#8221;4.16&#8243; _module_preset=&#8221;default&#8221; global_colors_info=&#8221;{}&#8221;][et_pb_text _builder_version=&#8221;4.17.4&#8243; _module_preset=&#8221;default&#8221; header_2_text_align=&#8221;center&#8221; global_colors_info=&#8221;{}&#8221;]<\/p>\n<h2>I nostri prodotti per la cucina<\/h2>\n<p>[\/et_pb_text][et_pb_divider divider_position=&#8221;center&#8221; divider_weight=&#8221;8px&#8221; _builder_version=&#8221;4.16&#8243; _module_preset=&#8221;default&#8221; background_color=&#8221;rgba(0,0,0,0)&#8221; width=&#8221;100px&#8221; module_alignment=&#8221;center&#8221; global_colors_info=&#8221;{}&#8221;][\/et_pb_divider][\/et_pb_column][\/et_pb_row][et_pb_row _builder_version=&#8221;4.17.4&#8243; _module_preset=&#8221;default&#8221; global_colors_info=&#8221;{}&#8221;][et_pb_column type=&#8221;4_4&#8243; _builder_version=&#8221;4.17.4&#8243; _module_preset=&#8221;default&#8221; global_colors_info=&#8221;{}&#8221;][et_pb_portfolio fullwidth=&#8221;off&#8221; posts_number=&#8221;120&#8243; include_categories=&#8221;5&#8243; show_categories=&#8221;off&#8221; show_pagination=&#8221;off&#8221; zoom_icon_color=&#8221;#FFFFFF&#8221; hover_overlay_color=&#8221;rgba(249,0,29,0.7)&#8221; admin_label=&#8221;Portfolio&#8221; _builder_version=&#8221;4.17.4&#8243; _module_preset=&#8221;default&#8221; title_font=&#8221;||||||||&#8221; title_text_align=&#8221;center&#8221; title_text_color=&#8221;#FFFFFF&#8221; background_color=&#8221;rgba(255,255,255,0.4)&#8221; background_layout=&#8221;dark&#8221; width=&#8221;100%&#8221; max_width=&#8221;100%&#8221; module_alignment=&#8221;center&#8221; custom_margin=&#8221;||||false|false&#8221; custom_padding=&#8221;||||true|false&#8221; custom_css_portfolio_title=&#8221;background-color: #f9001d;||    padding-top: 20px;||    padding-bottom: 20px !important;||margin:0 !important;&#8221; locked=&#8221;off&#8221; global_colors_info=&#8221;{}&#8221;][\/et_pb_portfolio][\/et_pb_column][\/et_pb_row][\/et_pb_section]<\/p>\n","protected":false},"excerpt":{"rendered":"<p>Soluzioni per la cucina di UnikaDa adesivi e sigillanti in tinta a dime e accessori per piani di lavoro.L&#8217;installazione di una cucina \u00e8 di solito completata da un montatore di cucine professionista o da un falegname esperto. In genere l&#8217;allestimento di una cucina prevede un team di artigiani, tra cui il montatore\/ falegname della cucina, [&hellip;]<\/p>\n","protected":false},"author":1,"featured_media":0,"parent":0,"menu_order":0,"comment_status":"closed","ping_status":"closed","template":"","meta":{"_et_pb_use_builder":"on","_et_pb_old_content":"","_et_gb_content_width":"","footnotes":""},"class_list":["post-4988","page","type-page","status-publish","hentry"],"yoast_head":"<!-- This site is optimized with the Yoast SEO plugin v25.6 - https:\/\/yoast.com\/wordpress\/plugins\/seo\/ -->\n<title>Arredamento cucina - Unika<\/title>\n<meta name=\"robots\" content=\"index, follow, max-snippet:-1, max-image-preview:large, max-video-preview:-1\" \/>\n<link rel=\"canonical\" href=\"https:\/\/unika.co.uk\/it\/arredamento-cucina\/\" \/>\n<meta property=\"og:locale\" content=\"it_IT\" \/>\n<meta property=\"og:type\" content=\"article\" \/>\n<meta property=\"og:title\" content=\"Arredamento cucina - Unika\" \/>\n<meta property=\"og:description\" content=\"Soluzioni per la cucina di UnikaDa adesivi e sigillanti in tinta a dime e accessori per piani di lavoro.L&#039;installazione di una cucina \u00e8 di solito completata da un montatore di cucine professionista o da un falegname esperto. In genere l&#039;allestimento di una cucina prevede un team di artigiani, tra cui il montatore\/ falegname della cucina, [&hellip;]\" \/>\n<meta property=\"og:url\" content=\"https:\/\/unika.co.uk\/it\/arredamento-cucina\/\" \/>\n<meta property=\"og:site_name\" content=\"Unika\" \/>\n<meta property=\"article:modified_time\" content=\"2022-10-21T12:40:51+00:00\" \/>\n<meta name=\"twitter:card\" content=\"summary_large_image\" \/>\n<meta name=\"twitter:label1\" content=\"Tempo di lettura stimato\" \/>\n\t<meta name=\"twitter:data1\" content=\"5 minuti\" \/>\n<script type=\"application\/ld+json\" class=\"yoast-schema-graph\">{\"@context\":\"https:\/\/schema.org\",\"@graph\":[{\"@type\":\"WebPage\",\"@id\":\"https:\/\/unika.co.uk\/it\/arredamento-cucina\/\",\"url\":\"https:\/\/unika.co.uk\/it\/arredamento-cucina\/\",\"name\":\"Arredamento cucina - Unika\",\"isPartOf\":{\"@id\":\"https:\/\/unika.co.uk\/it\/#website\"},\"datePublished\":\"2022-06-30T14:43:58+00:00\",\"dateModified\":\"2022-10-21T12:40:51+00:00\",\"breadcrumb\":{\"@id\":\"https:\/\/unika.co.uk\/it\/arredamento-cucina\/#breadcrumb\"},\"inLanguage\":\"it-IT\",\"potentialAction\":[{\"@type\":\"ReadAction\",\"target\":[\"https:\/\/unika.co.uk\/it\/arredamento-cucina\/\"]}]},{\"@type\":\"BreadcrumbList\",\"@id\":\"https:\/\/unika.co.uk\/it\/arredamento-cucina\/#breadcrumb\",\"itemListElement\":[{\"@type\":\"ListItem\",\"position\":1,\"name\":\"Home\",\"item\":\"https:\/\/unika.co.uk\/it\/casa\/\"},{\"@type\":\"ListItem\",\"position\":2,\"name\":\"Arredamento cucina\"}]},{\"@type\":\"WebSite\",\"@id\":\"https:\/\/unika.co.uk\/it\/#website\",\"url\":\"https:\/\/unika.co.uk\/it\/\",\"name\":\"Unika\",\"description\":\"Kitchen fitting supplies from Unika\",\"publisher\":{\"@id\":\"https:\/\/unika.co.uk\/it\/#organization\"},\"potentialAction\":[{\"@type\":\"SearchAction\",\"target\":{\"@type\":\"EntryPoint\",\"urlTemplate\":\"https:\/\/unika.co.uk\/it\/?s={search_term_string}\"},\"query-input\":{\"@type\":\"PropertyValueSpecification\",\"valueRequired\":true,\"valueName\":\"search_term_string\"}}],\"inLanguage\":\"it-IT\"},{\"@type\":\"Organization\",\"@id\":\"https:\/\/unika.co.uk\/it\/#organization\",\"name\":\"Unika\",\"url\":\"https:\/\/unika.co.uk\/it\/\",\"logo\":{\"@type\":\"ImageObject\",\"inLanguage\":\"it-IT\",\"@id\":\"https:\/\/unika.co.uk\/it\/#\/schema\/logo\/image\/\",\"url\":\"https:\/\/unika.co.uk\/wp-content\/uploads\/2020\/11\/header-logo-unika-ips-e1612284206405.png\",\"contentUrl\":\"https:\/\/unika.co.uk\/wp-content\/uploads\/2020\/11\/header-logo-unika-ips-e1612284206405.png\",\"width\":512,\"height\":115,\"caption\":\"Unika\"},\"image\":{\"@id\":\"https:\/\/unika.co.uk\/it\/#\/schema\/logo\/image\/\"}}]}<\/script>\n<!-- \/ Yoast SEO plugin. -->","yoast_head_json":{"title":"Arredamento cucina - Unika","robots":{"index":"index","follow":"follow","max-snippet":"max-snippet:-1","max-image-preview":"max-image-preview:large","max-video-preview":"max-video-preview:-1"},"canonical":"https:\/\/unika.co.uk\/it\/arredamento-cucina\/","og_locale":"it_IT","og_type":"article","og_title":"Arredamento cucina - Unika","og_description":"Soluzioni per la cucina di UnikaDa adesivi e sigillanti in tinta a dime e accessori per piani di lavoro.L'installazione di una cucina \u00e8 di solito completata da un montatore di cucine professionista o da un falegname esperto. In genere l'allestimento di una cucina prevede un team di artigiani, tra cui il montatore\/ falegname della cucina, [&hellip;]","og_url":"https:\/\/unika.co.uk\/it\/arredamento-cucina\/","og_site_name":"Unika","article_modified_time":"2022-10-21T12:40:51+00:00","twitter_card":"summary_large_image","twitter_misc":{"Tempo di lettura stimato":"5 minuti"},"schema":{"@context":"https:\/\/schema.org","@graph":[{"@type":"WebPage","@id":"https:\/\/unika.co.uk\/it\/arredamento-cucina\/","url":"https:\/\/unika.co.uk\/it\/arredamento-cucina\/","name":"Arredamento cucina - Unika","isPartOf":{"@id":"https:\/\/unika.co.uk\/it\/#website"},"datePublished":"2022-06-30T14:43:58+00:00","dateModified":"2022-10-21T12:40:51+00:00","breadcrumb":{"@id":"https:\/\/unika.co.uk\/it\/arredamento-cucina\/#breadcrumb"},"inLanguage":"it-IT","potentialAction":[{"@type":"ReadAction","target":["https:\/\/unika.co.uk\/it\/arredamento-cucina\/"]}]},{"@type":"BreadcrumbList","@id":"https:\/\/unika.co.uk\/it\/arredamento-cucina\/#breadcrumb","itemListElement":[{"@type":"ListItem","position":1,"name":"Home","item":"https:\/\/unika.co.uk\/it\/casa\/"},{"@type":"ListItem","position":2,"name":"Arredamento cucina"}]},{"@type":"WebSite","@id":"https:\/\/unika.co.uk\/it\/#website","url":"https:\/\/unika.co.uk\/it\/","name":"Unika","description":"Kitchen fitting supplies from Unika","publisher":{"@id":"https:\/\/unika.co.uk\/it\/#organization"},"potentialAction":[{"@type":"SearchAction","target":{"@type":"EntryPoint","urlTemplate":"https:\/\/unika.co.uk\/it\/?s={search_term_string}"},"query-input":{"@type":"PropertyValueSpecification","valueRequired":true,"valueName":"search_term_string"}}],"inLanguage":"it-IT"},{"@type":"Organization","@id":"https:\/\/unika.co.uk\/it\/#organization","name":"Unika","url":"https:\/\/unika.co.uk\/it\/","logo":{"@type":"ImageObject","inLanguage":"it-IT","@id":"https:\/\/unika.co.uk\/it\/#\/schema\/logo\/image\/","url":"https:\/\/unika.co.uk\/wp-content\/uploads\/2020\/11\/header-logo-unika-ips-e1612284206405.png","contentUrl":"https:\/\/unika.co.uk\/wp-content\/uploads\/2020\/11\/header-logo-unika-ips-e1612284206405.png","width":512,"height":115,"caption":"Unika"},"image":{"@id":"https:\/\/unika.co.uk\/it\/#\/schema\/logo\/image\/"}}]}},"_links":{"self":[{"href":"https:\/\/unika.co.uk\/it\/wp-json\/wp\/v2\/pages\/4988","targetHints":{"allow":["GET"]}}],"collection":[{"href":"https:\/\/unika.co.uk\/it\/wp-json\/wp\/v2\/pages"}],"about":[{"href":"https:\/\/unika.co.uk\/it\/wp-json\/wp\/v2\/types\/page"}],"author":[{"embeddable":true,"href":"https:\/\/unika.co.uk\/it\/wp-json\/wp\/v2\/users\/1"}],"replies":[{"embeddable":true,"href":"https:\/\/unika.co.uk\/it\/wp-json\/wp\/v2\/comments?post=4988"}],"version-history":[{"count":10,"href":"https:\/\/unika.co.uk\/it\/wp-json\/wp\/v2\/pages\/4988\/revisions"}],"predecessor-version":[{"id":4992,"href":"https:\/\/unika.co.uk\/it\/wp-json\/wp\/v2\/pages\/4988\/revisions\/4992"}],"wp:attachment":[{"href":"https:\/\/unika.co.uk\/it\/wp-json\/wp\/v2\/media?parent=4988"}],"curies":[{"name":"wp","href":"https:\/\/api.w.org\/{rel}","templated":true}]}}