{"id":4547,"date":"2022-07-07T13:03:44","date_gmt":"2022-07-07T12:03:44","guid":{"rendered":"https:\/\/unika.co.uk\/specjalistyczne-srodki-do-czyszczenia-powierzchni\/"},"modified":"2022-10-21T13:37:38","modified_gmt":"2022-10-21T12:37:38","slug":"specjalistyczne-srodki-do-czyszczenia-powierzchni","status":"publish","type":"page","link":"https:\/\/unika.co.uk\/pl\/pielegnacja-kuchni\/specjalistyczne-srodki-do-czyszczenia-powierzchni\/","title":{"rendered":"Specjalistyczne \u015brodki do czyszczenia powierzchni"},"content":{"rendered":"<p>[et_pb_section fb_built=&#8221;1&#8243; admin_label=&#8221;HEADER&#8221; _builder_version=&#8221;4.17.4&#8243; _module_preset=&#8221;default&#8221; background_color=&#8221;#edeceb&#8221; background_image=&#8221;https:\/\/unika.co.uk\/wp-content\/uploads\/2020\/11\/home-bg-head-separator-scaled.jpg&#8221; background_size=&#8221;contain&#8221; background_position=&#8221;bottom_center&#8221; custom_padding=&#8221;50px||0px||false|false&#8221; collapsed=&#8221;off&#8221; global_colors_info=&#8221;{}&#8221;][et_pb_row column_structure=&#8221;1_2,1_2&#8243; _builder_version=&#8221;4.17.4&#8243; _module_preset=&#8221;default&#8221; collapsed=&#8221;off&#8221; global_colors_info=&#8221;{}&#8221;][et_pb_column type=&#8221;1_2&#8243; _builder_version=&#8221;4.16&#8243; _module_preset=&#8221;default&#8221; global_colors_info=&#8221;{}&#8221;][et_pb_text _builder_version=&#8221;4.17.4&#8243; _module_preset=&#8221;default&#8221; custom_padding=&#8221;0px||0px|45px|false|false&#8221; border_width_left=&#8221;8px&#8221; border_color_left=&#8221;#f9001d&#8221; global_colors_info=&#8221;{}&#8221;]<\/p>\n<h1>Specjalistyczne \u015brodki do czyszczenia powierzchni firmy Unika<\/h1>\n<p>[\/et_pb_text][et_pb_text _builder_version=&#8221;4.17.4&#8243; _module_preset=&#8221;default&#8221; text_font_size=&#8221;18px&#8221; text_line_height=&#8221;1.5em&#8221; custom_padding=&#8221;|||50px|false|false&#8221; global_colors_info=&#8221;{}&#8221;]Firma Unika sp\u0119dzi\u0142a lata na wsp\u00f3\u0142pracy z producentami powierzchni, testuj\u0105c i formu\u0142uj\u0105c \u015brodki czyszcz\u0105ce specyficzne dla danego typu blatu, aby zapewni\u0107 najlepsze czyszczenie i piel\u0119gnacj\u0119.[\/et_pb_text][et_pb_button button_url=&#8221;#product-box&#8221; button_text=&#8221;Zobacz produkty&#8221; disabled_on=&#8221;off|off|off&#8221; _builder_version=&#8221;4.17.4&#8243; _module_preset=&#8221;default&#8221; hover_enabled=&#8221;0&#8243; global_colors_info=&#8221;{}&#8221; sticky_enabled=&#8221;0&#8243;][\/et_pb_button][\/et_pb_column][et_pb_column type=&#8221;1_2&#8243; _builder_version=&#8221;4.16&#8243; _module_preset=&#8221;default&#8221; global_colors_info=&#8221;{}&#8221;][\/et_pb_column][\/et_pb_row][\/et_pb_section][et_pb_section fb_built=&#8221;1&#8243; _builder_version=&#8221;4.17.4&#8243; _module_preset=&#8221;default&#8221; background_enable_color=&#8221;off&#8221; global_colors_info=&#8221;{}&#8221;][et_pb_row column_structure=&#8221;1_2,1_2&#8243; gutter_width=&#8221;1&#8243; _builder_version=&#8221;4.17.4&#8243; _module_preset=&#8221;default&#8221; global_colors_info=&#8221;{}&#8221;][et_pb_column type=&#8221;1_2&#8243; _builder_version=&#8221;4.16&#8243; _module_preset=&#8221;default&#8221; global_colors_info=&#8221;{}&#8221;][et_pb_text _builder_version=&#8221;4.17.4&#8243; _module_preset=&#8221;default&#8221; custom_margin=&#8221;|40px|40px||false|false&#8221; custom_margin_tablet=&#8221;|0px|||false|false&#8221; custom_margin_phone=&#8221;|0px|||false|false&#8221; custom_margin_last_edited=&#8221;on|phone&#8221; global_colors_info=&#8221;{}&#8221;]Firma Unika opracowa\u0142a specjalistyczne \u015brodki czyszcz\u0105ce, uszczelniaj\u0105ce i oleje do ka\u017cdej powierzchni roboczej &#8211; Solid Surface, Laminate, Compact Laminate, Granite, Quartz, Porcelain, Wood i wiele innych. Ka\u017cda powierzchnia jest inna i dlatego wymaga \u015brodka czyszcz\u0105cego dopasowanego do jej w\u0142a\u015bciwo\u015bci. Firma Unika sp\u0119dzi\u0142a lata na wsp\u00f3\u0142pracy z producentami powierzchni, testuj\u0105c i formu\u0142uj\u0105c \u015brodki czyszcz\u0105ce specyficzne dla danego typu blatu, aby zapewni\u0107 najlepsze czyszczenie i piel\u0119gnacj\u0119.  <\/p>\n<p>\u015arodki czyszcz\u0105ce firmy Unika zawieraj\u0105 wysoki procent substancji powierzchniowo czynnych lub \u015brodk\u00f3w powierzchniowo czynnych &#8211; wi\u0119cej substancji powierzchniowo czynnych, oznacza, \u017ce wi\u0119cej brudu jest zbierane, a mniej wody pozostaje. Dzi\u0119ki temu po czyszczeniu nie ma \u015blad\u00f3w wody, co jest \u015bwietnym rozwi\u0105zaniem w przypadku ciemnych, b\u0142yszcz\u0105cych powierzchni. Wszystkie formu\u0142y s\u0105 przyjazne dla \u015brodowiska, ulegaj\u0105 biodegradacji i nie zawieraj\u0105 rozpuszczalnik\u00f3w.[\/et_pb_text][et_pb_text _builder_version=&#8221;4.17.4&#8243; _module_preset=&#8221;default&#8221; text_font=&#8221;|300||on|||||&#8221; text_font_size=&#8221;35px&#8221; text_line_height=&#8221;1.5em&#8221; background_color=&#8221;#EDECEB&#8221; custom_margin=&#8221;80px||||false|false&#8221; custom_padding=&#8221;50px|50px|50px|50px|true|true&#8221; text_font_size_tablet=&#8221;30px&#8221; text_font_size_phone=&#8221;22px&#8221; text_font_size_last_edited=&#8221;on|phone&#8221; global_colors_info=&#8221;{}&#8221;]<\/p>\n<p>Sp\u0119dzili\u015bmy lata na testowaniu i tworzeniu produkt\u00f3w, kt\u00f3re s\u0105 specyficzne dla ka\u017cdej powierzchni roboczej i daj\u0105 najlepsze rezultaty.<\/p>\n<p>[\/et_pb_text][\/et_pb_column][et_pb_column type=&#8221;1_2&#8243; _builder_version=&#8221;4.16&#8243; _module_preset=&#8221;default&#8221; global_colors_info=&#8221;{}&#8221;][et_pb_image src=&#8221;https:\/\/unika.co.uk\/wp-content\/uploads\/2022\/07\/image-kitchen-care.jpg&#8221; title_text=&#8221;image-kitchen-care&#8221; _builder_version=&#8221;4.17.4&#8243; _module_preset=&#8221;default&#8221; global_colors_info=&#8221;{}&#8221;][\/et_pb_image][\/et_pb_column][\/et_pb_row][\/et_pb_section][et_pb_section fb_built=&#8221;1&#8243; module_id=&#8221;product-box&#8221; _builder_version=&#8221;4.17.4&#8243; _module_preset=&#8221;default&#8221; background_color=&#8221;#EDECEB&#8221; global_colors_info=&#8221;{}&#8221;][et_pb_row _builder_version=&#8221;4.16&#8243; _module_preset=&#8221;default&#8221; global_colors_info=&#8221;{}&#8221;][et_pb_column type=&#8221;4_4&#8243; _builder_version=&#8221;4.16&#8243; _module_preset=&#8221;default&#8221; global_colors_info=&#8221;{}&#8221;][et_pb_text _builder_version=&#8221;4.17.4&#8243; _module_preset=&#8221;default&#8221; header_2_text_align=&#8221;center&#8221; global_colors_info=&#8221;{}&#8221;]<\/p>\n<h2>Nasze produkty do piel\u0119gnacji kuchni<\/h2>\n<p>[\/et_pb_text][et_pb_divider divider_position=&#8221;center&#8221; divider_weight=&#8221;8px&#8221; _builder_version=&#8221;4.16&#8243; _module_preset=&#8221;default&#8221; background_color=&#8221;rgba(0,0,0,0)&#8221; width=&#8221;100px&#8221; module_alignment=&#8221;center&#8221; global_colors_info=&#8221;{}&#8221;][\/et_pb_divider][\/et_pb_column][\/et_pb_row][et_pb_row _builder_version=&#8221;4.17.4&#8243; _module_preset=&#8221;default&#8221; global_colors_info=&#8221;{}&#8221;][et_pb_column type=&#8221;4_4&#8243; _builder_version=&#8221;4.17.4&#8243; _module_preset=&#8221;default&#8221; global_colors_info=&#8221;{}&#8221;][et_pb_portfolio fullwidth=&#8221;off&#8221; posts_number=&#8221;100&#8243; include_categories=&#8221;35&#8243; show_categories=&#8221;off&#8221; show_pagination=&#8221;off&#8221; zoom_icon_color=&#8221;#FFFFFF&#8221; hover_overlay_color=&#8221;rgba(249,0,29,0.7)&#8221; admin_label=&#8221;Portfolio&#8221; _builder_version=&#8221;4.17.4&#8243; _module_preset=&#8221;default&#8221; title_font=&#8221;||||||||&#8221; title_text_align=&#8221;center&#8221; title_text_color=&#8221;#FFFFFF&#8221; background_color=&#8221;rgba(255,255,255,0.4)&#8221; background_layout=&#8221;dark&#8221; width=&#8221;100%&#8221; max_width=&#8221;100%&#8221; module_alignment=&#8221;center&#8221; custom_margin=&#8221;||||false|false&#8221; custom_padding=&#8221;||||true|false&#8221; custom_css_portfolio_title=&#8221;background-color: #f9001d;||    padding-top: 20px;||    padding-bottom: 20px !important;||margin:0 !important;&#8221; locked=&#8221;off&#8221; global_colors_info=&#8221;{}&#8221;][\/et_pb_portfolio][\/et_pb_column][\/et_pb_row][\/et_pb_section]<\/p>\n","protected":false},"excerpt":{"rendered":"<p>Specjalistyczne \u015brodki do czyszczenia powierzchni firmy UnikaFirma Unika sp\u0119dzi\u0142a lata na wsp\u00f3\u0142pracy z producentami powierzchni, testuj\u0105c i formu\u0142uj\u0105c \u015brodki czyszcz\u0105ce specyficzne dla danego typu blatu, aby zapewni\u0107 najlepsze czyszczenie i piel\u0119gnacj\u0119.Firma Unika opracowa\u0142a specjalistyczne \u015brodki czyszcz\u0105ce, uszczelniaj\u0105ce i oleje do ka\u017cdej powierzchni roboczej &#8211; Solid Surface, Laminate, Compact Laminate, Granite, Quartz, Porcelain, Wood i wiele [&hellip;]<\/p>\n","protected":false},"author":1,"featured_media":0,"parent":4829,"menu_order":0,"comment_status":"closed","ping_status":"closed","template":"","meta":{"_et_pb_use_builder":"on","_et_pb_old_content":"","_et_gb_content_width":"","footnotes":""},"class_list":["post-4547","page","type-page","status-publish","hentry"],"yoast_head":"<!-- This site is optimized with the Yoast SEO plugin v25.6 - https:\/\/yoast.com\/wordpress\/plugins\/seo\/ -->\n<title>Specjalistyczne \u015brodki do czyszczenia powierzchni - Unika<\/title>\n<meta name=\"robots\" content=\"index, follow, max-snippet:-1, max-image-preview:large, max-video-preview:-1\" \/>\n<link rel=\"canonical\" href=\"https:\/\/unika.co.uk\/pl\/pielegnacja-kuchni\/specjalistyczne-srodki-do-czyszczenia-powierzchni\/\" \/>\n<meta property=\"og:locale\" content=\"pl_PL\" \/>\n<meta property=\"og:type\" content=\"article\" \/>\n<meta property=\"og:title\" content=\"Specjalistyczne \u015brodki do czyszczenia powierzchni - Unika\" \/>\n<meta property=\"og:description\" content=\"Specjalistyczne \u015brodki do czyszczenia powierzchni firmy UnikaFirma Unika sp\u0119dzi\u0142a lata na wsp\u00f3\u0142pracy z producentami powierzchni, testuj\u0105c i formu\u0142uj\u0105c \u015brodki czyszcz\u0105ce specyficzne dla danego typu blatu, aby zapewni\u0107 najlepsze czyszczenie i piel\u0119gnacj\u0119.Firma Unika opracowa\u0142a specjalistyczne \u015brodki czyszcz\u0105ce, uszczelniaj\u0105ce i oleje do ka\u017cdej powierzchni roboczej - Solid Surface, Laminate, Compact Laminate, Granite, Quartz, Porcelain, Wood i wiele [&hellip;]\" \/>\n<meta property=\"og:url\" content=\"https:\/\/unika.co.uk\/pl\/pielegnacja-kuchni\/specjalistyczne-srodki-do-czyszczenia-powierzchni\/\" \/>\n<meta property=\"og:site_name\" content=\"Unika\" \/>\n<meta property=\"article:modified_time\" content=\"2022-10-21T12:37:38+00:00\" \/>\n<meta name=\"twitter:card\" content=\"summary_large_image\" \/>\n<meta name=\"twitter:label1\" content=\"Szacowany czas czytania\" \/>\n\t<meta name=\"twitter:data1\" content=\"4 minuty\" \/>\n<script type=\"application\/ld+json\" class=\"yoast-schema-graph\">{\"@context\":\"https:\/\/schema.org\",\"@graph\":[{\"@type\":\"WebPage\",\"@id\":\"https:\/\/unika.co.uk\/pl\/pielegnacja-kuchni\/specjalistyczne-srodki-do-czyszczenia-powierzchni\/\",\"url\":\"https:\/\/unika.co.uk\/pl\/pielegnacja-kuchni\/specjalistyczne-srodki-do-czyszczenia-powierzchni\/\",\"name\":\"Specjalistyczne \u015brodki do czyszczenia powierzchni - Unika\",\"isPartOf\":{\"@id\":\"https:\/\/unika.co.uk\/pl\/#website\"},\"datePublished\":\"2022-07-07T12:03:44+00:00\",\"dateModified\":\"2022-10-21T12:37:38+00:00\",\"breadcrumb\":{\"@id\":\"https:\/\/unika.co.uk\/pl\/pielegnacja-kuchni\/specjalistyczne-srodki-do-czyszczenia-powierzchni\/#breadcrumb\"},\"inLanguage\":\"pl-PL\",\"potentialAction\":[{\"@type\":\"ReadAction\",\"target\":[\"https:\/\/unika.co.uk\/pl\/pielegnacja-kuchni\/specjalistyczne-srodki-do-czyszczenia-powierzchni\/\"]}]},{\"@type\":\"BreadcrumbList\",\"@id\":\"https:\/\/unika.co.uk\/pl\/pielegnacja-kuchni\/specjalistyczne-srodki-do-czyszczenia-powierzchni\/#breadcrumb\",\"itemListElement\":[{\"@type\":\"ListItem\",\"position\":1,\"name\":\"Home\",\"item\":\"https:\/\/unika.co.uk\/pl\/strona-glowna\/\"},{\"@type\":\"ListItem\",\"position\":2,\"name\":\"Specjalistyczne \u015brodki do czyszczenia powierzchni\"}]},{\"@type\":\"WebSite\",\"@id\":\"https:\/\/unika.co.uk\/pl\/#website\",\"url\":\"https:\/\/unika.co.uk\/pl\/\",\"name\":\"Unika\",\"description\":\"Kitchen fitting supplies from Unika\",\"publisher\":{\"@id\":\"https:\/\/unika.co.uk\/pl\/#organization\"},\"potentialAction\":[{\"@type\":\"SearchAction\",\"target\":{\"@type\":\"EntryPoint\",\"urlTemplate\":\"https:\/\/unika.co.uk\/pl\/?s={search_term_string}\"},\"query-input\":{\"@type\":\"PropertyValueSpecification\",\"valueRequired\":true,\"valueName\":\"search_term_string\"}}],\"inLanguage\":\"pl-PL\"},{\"@type\":\"Organization\",\"@id\":\"https:\/\/unika.co.uk\/pl\/#organization\",\"name\":\"Unika\",\"url\":\"https:\/\/unika.co.uk\/pl\/\",\"logo\":{\"@type\":\"ImageObject\",\"inLanguage\":\"pl-PL\",\"@id\":\"https:\/\/unika.co.uk\/pl\/#\/schema\/logo\/image\/\",\"url\":\"https:\/\/unika.co.uk\/wp-content\/uploads\/2020\/11\/header-logo-unika-ips-e1612284206405.png\",\"contentUrl\":\"https:\/\/unika.co.uk\/wp-content\/uploads\/2020\/11\/header-logo-unika-ips-e1612284206405.png\",\"width\":512,\"height\":115,\"caption\":\"Unika\"},\"image\":{\"@id\":\"https:\/\/unika.co.uk\/pl\/#\/schema\/logo\/image\/\"}}]}<\/script>\n<!-- \/ Yoast SEO plugin. -->","yoast_head_json":{"title":"Specjalistyczne \u015brodki do czyszczenia powierzchni - Unika","robots":{"index":"index","follow":"follow","max-snippet":"max-snippet:-1","max-image-preview":"max-image-preview:large","max-video-preview":"max-video-preview:-1"},"canonical":"https:\/\/unika.co.uk\/pl\/pielegnacja-kuchni\/specjalistyczne-srodki-do-czyszczenia-powierzchni\/","og_locale":"pl_PL","og_type":"article","og_title":"Specjalistyczne \u015brodki do czyszczenia powierzchni - Unika","og_description":"Specjalistyczne \u015brodki do czyszczenia powierzchni firmy UnikaFirma Unika sp\u0119dzi\u0142a lata na wsp\u00f3\u0142pracy z producentami powierzchni, testuj\u0105c i formu\u0142uj\u0105c \u015brodki czyszcz\u0105ce specyficzne dla danego typu blatu, aby zapewni\u0107 najlepsze czyszczenie i piel\u0119gnacj\u0119.Firma Unika opracowa\u0142a specjalistyczne \u015brodki czyszcz\u0105ce, uszczelniaj\u0105ce i oleje do ka\u017cdej powierzchni roboczej - Solid Surface, Laminate, Compact Laminate, Granite, Quartz, Porcelain, Wood i wiele [&hellip;]","og_url":"https:\/\/unika.co.uk\/pl\/pielegnacja-kuchni\/specjalistyczne-srodki-do-czyszczenia-powierzchni\/","og_site_name":"Unika","article_modified_time":"2022-10-21T12:37:38+00:00","twitter_card":"summary_large_image","twitter_misc":{"Szacowany czas czytania":"4 minuty"},"schema":{"@context":"https:\/\/schema.org","@graph":[{"@type":"WebPage","@id":"https:\/\/unika.co.uk\/pl\/pielegnacja-kuchni\/specjalistyczne-srodki-do-czyszczenia-powierzchni\/","url":"https:\/\/unika.co.uk\/pl\/pielegnacja-kuchni\/specjalistyczne-srodki-do-czyszczenia-powierzchni\/","name":"Specjalistyczne \u015brodki do czyszczenia powierzchni - Unika","isPartOf":{"@id":"https:\/\/unika.co.uk\/pl\/#website"},"datePublished":"2022-07-07T12:03:44+00:00","dateModified":"2022-10-21T12:37:38+00:00","breadcrumb":{"@id":"https:\/\/unika.co.uk\/pl\/pielegnacja-kuchni\/specjalistyczne-srodki-do-czyszczenia-powierzchni\/#breadcrumb"},"inLanguage":"pl-PL","potentialAction":[{"@type":"ReadAction","target":["https:\/\/unika.co.uk\/pl\/pielegnacja-kuchni\/specjalistyczne-srodki-do-czyszczenia-powierzchni\/"]}]},{"@type":"BreadcrumbList","@id":"https:\/\/unika.co.uk\/pl\/pielegnacja-kuchni\/specjalistyczne-srodki-do-czyszczenia-powierzchni\/#breadcrumb","itemListElement":[{"@type":"ListItem","position":1,"name":"Home","item":"https:\/\/unika.co.uk\/pl\/strona-glowna\/"},{"@type":"ListItem","position":2,"name":"Specjalistyczne \u015brodki do czyszczenia powierzchni"}]},{"@type":"WebSite","@id":"https:\/\/unika.co.uk\/pl\/#website","url":"https:\/\/unika.co.uk\/pl\/","name":"Unika","description":"Kitchen fitting supplies from Unika","publisher":{"@id":"https:\/\/unika.co.uk\/pl\/#organization"},"potentialAction":[{"@type":"SearchAction","target":{"@type":"EntryPoint","urlTemplate":"https:\/\/unika.co.uk\/pl\/?s={search_term_string}"},"query-input":{"@type":"PropertyValueSpecification","valueRequired":true,"valueName":"search_term_string"}}],"inLanguage":"pl-PL"},{"@type":"Organization","@id":"https:\/\/unika.co.uk\/pl\/#organization","name":"Unika","url":"https:\/\/unika.co.uk\/pl\/","logo":{"@type":"ImageObject","inLanguage":"pl-PL","@id":"https:\/\/unika.co.uk\/pl\/#\/schema\/logo\/image\/","url":"https:\/\/unika.co.uk\/wp-content\/uploads\/2020\/11\/header-logo-unika-ips-e1612284206405.png","contentUrl":"https:\/\/unika.co.uk\/wp-content\/uploads\/2020\/11\/header-logo-unika-ips-e1612284206405.png","width":512,"height":115,"caption":"Unika"},"image":{"@id":"https:\/\/unika.co.uk\/pl\/#\/schema\/logo\/image\/"}}]}},"_links":{"self":[{"href":"https:\/\/unika.co.uk\/pl\/wp-json\/wp\/v2\/pages\/4547","targetHints":{"allow":["GET"]}}],"collection":[{"href":"https:\/\/unika.co.uk\/pl\/wp-json\/wp\/v2\/pages"}],"about":[{"href":"https:\/\/unika.co.uk\/pl\/wp-json\/wp\/v2\/types\/page"}],"author":[{"embeddable":true,"href":"https:\/\/unika.co.uk\/pl\/wp-json\/wp\/v2\/users\/1"}],"replies":[{"embeddable":true,"href":"https:\/\/unika.co.uk\/pl\/wp-json\/wp\/v2\/comments?post=4547"}],"version-history":[{"count":10,"href":"https:\/\/unika.co.uk\/pl\/wp-json\/wp\/v2\/pages\/4547\/revisions"}],"predecessor-version":[{"id":4557,"href":"https:\/\/unika.co.uk\/pl\/wp-json\/wp\/v2\/pages\/4547\/revisions\/4557"}],"up":[{"embeddable":true,"href":"https:\/\/unika.co.uk\/pl\/wp-json\/wp\/v2\/pages\/4829"}],"wp:attachment":[{"href":"https:\/\/unika.co.uk\/pl\/wp-json\/wp\/v2\/media?parent=4547"}],"curies":[{"name":"wp","href":"https:\/\/api.w.org\/{rel}","templated":true}]}}