{"id":4613,"date":"2022-07-08T21:47:44","date_gmt":"2022-07-08T20:47:44","guid":{"rendered":"https:\/\/unika.co.uk\/o-unika\/"},"modified":"2023-09-03T09:18:38","modified_gmt":"2023-09-03T08:18:38","slug":"o-unika","status":"publish","type":"page","link":"https:\/\/unika.co.uk\/pl\/o-unika\/","title":{"rendered":"O Unika"},"content":{"rendered":"<p>[et_pb_section fb_built=&#8221;1&#8243; admin_label=&#8221;HEADER&#8221; _builder_version=&#8221;4.17.4&#8243; _module_preset=&#8221;default&#8221; background_color=&#8221;#edeceb&#8221; background_image=&#8221;https:\/\/unika.co.uk\/wp-content\/uploads\/2020\/11\/home-bg-head-separator-scaled.jpg&#8221; background_size=&#8221;contain&#8221; background_position=&#8221;bottom_center&#8221; custom_padding=&#8221;50px||0px||false|false&#8221; collapsed=&#8221;off&#8221; global_colors_info=&#8221;{}&#8221;][et_pb_row column_structure=&#8221;3_5,2_5&#8243; _builder_version=&#8221;4.17.4&#8243; _module_preset=&#8221;default&#8221; custom_padding=&#8221;0px||||false|false&#8221; collapsed=&#8221;off&#8221; global_colors_info=&#8221;{}&#8221;][et_pb_column type=&#8221;3_5&#8243; _builder_version=&#8221;4.17.4&#8243; _module_preset=&#8221;default&#8221; custom_padding=&#8221;30px||30px||false|false&#8221; global_colors_info=&#8221;{}&#8221;][et_pb_text _builder_version=&#8221;4.17.4&#8243; _module_preset=&#8221;default&#8221; custom_margin=&#8221;||||false|false&#8221; custom_padding=&#8221;0px||0px|45px|false|false&#8221; border_width_left=&#8221;8px&#8221; border_color_left=&#8221;#f9001d&#8221; global_colors_info=&#8221;{}&#8221;]<\/p>\n<h1>Wysokiej jako\u015bci monta\u017c i piel\u0119gnacja powierzchni roboczej<\/h1>\n<p>[\/et_pb_text][et_pb_text _builder_version=&#8221;4.17.4&#8243; _module_preset=&#8221;default&#8221; text_font_size=&#8221;18px&#8221; text_line_height=&#8221;1.5em&#8221; custom_padding=&#8221;|||50px|false|false&#8221; global_colors_info=&#8221;{}&#8221;]<\/p>\n<p>Kiedy firma Unika otworzy\u0142a swoj\u0105 dzia\u0142alno\u015b\u0107 w 1987 roku, pomys\u0142 by\u0142 prosty &#8211; dostarczy\u0107 monterom kuchni najlepsze rozwi\u0105zania do perfekcyjnego monta\u017cu laminowanych powierzchni roboczych.  <\/p>\n<p>[\/et_pb_text][\/et_pb_column][et_pb_column type=&#8221;2_5&#8243; _builder_version=&#8221;4.16&#8243; _module_preset=&#8221;default&#8221; global_colors_info=&#8221;{}&#8221;][et_pb_image src=&#8221;https:\/\/unika.co.uk\/wp-content\/uploads\/2022\/07\/about-drone.png&#8221; title_text=&#8221;o dronie&#8221; show_bottom_space=&#8221;off&#8221; align=&#8221;center&#8221; _builder_version=&#8221;4.17.4&#8243; _module_preset=&#8221;default&#8221; width_tablet=&#8221;80%&#8221; width_phone=&#8221;80%&#8221; width_last_edited=&#8221;on|tablet&#8221; module_alignment=&#8221;center&#8221; global_colors_info=&#8221;{}&#8221;][\/et_pb_image][\/et_pb_column][\/et_pb_row][\/et_pb_section][et_pb_section fb_built=&#8221;1&#8243; _builder_version=&#8221;4.17.4&#8243; _module_preset=&#8221;default&#8221; background_color=&#8221;RGBA(255,255,255,0)&#8221; global_colors_info=&#8221;{}&#8221;][et_pb_row column_structure=&#8221;1_2,1_2&#8243; gutter_width=&#8221;1&#8243; _builder_version=&#8221;4.17.4&#8243; _module_preset=&#8221;default&#8221; custom_padding=&#8221;||74px|||&#8221; global_colors_info=&#8221;{}&#8221;][et_pb_column type=&#8221;1_2&#8243; _builder_version=&#8221;4.16&#8243; _module_preset=&#8221;default&#8221; global_colors_info=&#8221;{}&#8221;][et_pb_text _builder_version=&#8221;4.17.4&#8243; _module_preset=&#8221;default&#8221; custom_margin=&#8221;|40px|40px||false|false&#8221; custom_margin_tablet=&#8221;|0px|0px||false|false&#8221; custom_margin_phone=&#8221;|0px|0px||false|false&#8221; custom_margin_last_edited=&#8221;on|tablet&#8221; global_colors_info=&#8221;{}&#8221;]<\/p>\n<p><strong>Na pocz\u0105tku by\u0142y ColorFill, MitreBond i Worktop Jigs.<\/strong><\/p>\n<p>Ponad 30 lat p\u00f3\u017aniej nasze oddanie rynkowi monta\u017cu i piel\u0119gnacji kuchni nie uleg\u0142o zmianie. Nadal wsp\u00f3\u0142pracujemy z monterami kuchni, producentami blat\u00f3w i specjalistami od czyszczenia, aby opracowa\u0107 najlepsze rozwi\u0105zania dla ka\u017cdego materia\u0142u i wzoru blatu. Wraz z rozwojem, nasze portfolio poszerzy\u0142o si\u0119 o wszystkie powierzchnie robocze &#8211; Solid Surface, Granit, Kwarc, Compact Laminate, Porcelana i wiele innych.<\/p>\n<p>[\/et_pb_text][et_pb_text _builder_version=&#8221;4.17.4&#8243; _module_preset=&#8221;default&#8221; text_font=&#8221;|300||on|||||&#8221; text_font_size=&#8221;35px&#8221; text_line_height=&#8221;1.5em&#8221; background_color=&#8221;#EDECEB&#8221; custom_margin=&#8221;80px||||false|false&#8221; custom_padding=&#8221;50px|50px|50px|50px|true|true&#8221; text_font_size_tablet=&#8221;30px&#8221; text_font_size_phone=&#8221;22px&#8221; text_font_size_last_edited=&#8221;on|phone&#8221; global_colors_info=&#8221;{}&#8221;]<\/p>\n<p>Nasz zestaw do monta\u017cu i piel\u0119gnacji paneli i powierzchni szybko staje si\u0119 standardem w bran\u017cy, gwarantuj\u0105c perfekcyjne dopasowanie koloru instalacji.<\/p>\n<p>[\/et_pb_text][\/et_pb_column][et_pb_column type=&#8221;1_2&#8243; _builder_version=&#8221;4.16&#8243; _module_preset=&#8221;default&#8221; global_colors_info=&#8221;{}&#8221;][et_pb_image src=&#8221;https:\/\/unika.co.uk\/wp-content\/uploads\/2022\/07\/image-fullrange.jpg&#8221; title_text=&#8221;image-fullrange&#8221; _builder_version=&#8221;4.17.4&#8243; _module_preset=&#8221;default&#8221; global_colors_info=&#8221;{}&#8221;][\/et_pb_image][et_pb_text _builder_version=&#8221;4.17.4&#8243; _module_preset=&#8221;default&#8221; custom_margin=&#8221;40px||40px|40px|false|false&#8221; custom_margin_tablet=&#8221;|||0px|false|false&#8221; custom_margin_phone=&#8221;|||0px|false|false&#8221; custom_margin_last_edited=&#8221;on|tablet&#8221; locked=&#8221;off&#8221; global_colors_info=&#8221;{}&#8221;]Wszystkie zestawy zosta\u0142y opracowane we wsp\u00f3\u0142pracy z monterami i gwarantuj\u0105 wodoodporne, higieniczne po\u0142\u0105czenie blat\u00f3w, kt\u00f3re jest trwa\u0142e.<\/p>\n<p>Wraz z naszym portfolio nasza misja poszerzy\u0142a si\u0119 r\u00f3wnie\u017c o wytwarzanie produkt\u00f3w, kt\u00f3re wsp\u00f3\u0142pracuj\u0105 z nasz\u0105 jasn\u0105 polityk\u0105 zr\u00f3wnowa\u017conego rozwoju \u015brodowiska. Ka\u017cdego roku wyznaczamy sobie trudne cele i zadania w ramach naszego systemu zarz\u0105dzania \u015brodowiskiem ISO14001, aby dokona\u0107 pozytywnych zmian w zakresie wykorzystywanej przez nas energii, materia\u0142\u00f3w i strumieni odpad\u00f3w.[\/et_pb_text][\/et_pb_column][\/et_pb_row][\/et_pb_section]<\/p>\n","protected":false},"excerpt":{"rendered":"<p>Wysokiej jako\u015bci monta\u017c i piel\u0119gnacja powierzchni roboczejKiedy firma Unika otworzy\u0142a swoj\u0105 dzia\u0142alno\u015b\u0107 w 1987 roku, pomys\u0142 by\u0142 prosty &#8211; dostarczy\u0107 monterom kuchni najlepsze rozwi\u0105zania do perfekcyjnego monta\u017cu laminowanych powierzchni roboczych. Na pocz\u0105tku by\u0142y ColorFill, MitreBond i Worktop Jigs. Ponad 30 lat p\u00f3\u017aniej nasze oddanie rynkowi monta\u017cu i piel\u0119gnacji kuchni nie uleg\u0142o zmianie. Nadal wsp\u00f3\u0142pracujemy z [&hellip;]<\/p>\n","protected":false},"author":1,"featured_media":0,"parent":0,"menu_order":0,"comment_status":"closed","ping_status":"closed","template":"","meta":{"_et_pb_use_builder":"on","_et_pb_old_content":"","_et_gb_content_width":"","footnotes":""},"class_list":["post-4613","page","type-page","status-publish","hentry"],"yoast_head":"<!-- This site is optimized with the Yoast SEO plugin v25.6 - https:\/\/yoast.com\/wordpress\/plugins\/seo\/ -->\n<title>O Unika - Unika<\/title>\n<meta name=\"robots\" content=\"index, follow, max-snippet:-1, max-image-preview:large, max-video-preview:-1\" \/>\n<link rel=\"canonical\" href=\"https:\/\/unika.co.uk\/pl\/o-unika\/\" \/>\n<meta property=\"og:locale\" content=\"pl_PL\" \/>\n<meta property=\"og:type\" content=\"article\" \/>\n<meta property=\"og:title\" content=\"O Unika - Unika\" \/>\n<meta property=\"og:description\" content=\"Wysokiej jako\u015bci monta\u017c i piel\u0119gnacja powierzchni roboczejKiedy firma Unika otworzy\u0142a swoj\u0105 dzia\u0142alno\u015b\u0107 w 1987 roku, pomys\u0142 by\u0142 prosty - dostarczy\u0107 monterom kuchni najlepsze rozwi\u0105zania do perfekcyjnego monta\u017cu laminowanych powierzchni roboczych. Na pocz\u0105tku by\u0142y ColorFill, MitreBond i Worktop Jigs. Ponad 30 lat p\u00f3\u017aniej nasze oddanie rynkowi monta\u017cu i piel\u0119gnacji kuchni nie uleg\u0142o zmianie. Nadal wsp\u00f3\u0142pracujemy z [&hellip;]\" \/>\n<meta property=\"og:url\" content=\"https:\/\/unika.co.uk\/pl\/o-unika\/\" \/>\n<meta property=\"og:site_name\" content=\"Unika\" \/>\n<meta property=\"article:modified_time\" content=\"2023-09-03T08:18:38+00:00\" \/>\n<meta name=\"twitter:card\" content=\"summary_large_image\" \/>\n<meta name=\"twitter:label1\" content=\"Szacowany czas czytania\" \/>\n\t<meta name=\"twitter:data1\" content=\"3 minuty\" \/>\n<script type=\"application\/ld+json\" class=\"yoast-schema-graph\">{\"@context\":\"https:\/\/schema.org\",\"@graph\":[{\"@type\":\"WebPage\",\"@id\":\"https:\/\/unika.co.uk\/pl\/o-unika\/\",\"url\":\"https:\/\/unika.co.uk\/pl\/o-unika\/\",\"name\":\"O Unika - Unika\",\"isPartOf\":{\"@id\":\"https:\/\/unika.co.uk\/pl\/#website\"},\"datePublished\":\"2022-07-08T20:47:44+00:00\",\"dateModified\":\"2023-09-03T08:18:38+00:00\",\"breadcrumb\":{\"@id\":\"https:\/\/unika.co.uk\/pl\/o-unika\/#breadcrumb\"},\"inLanguage\":\"pl-PL\",\"potentialAction\":[{\"@type\":\"ReadAction\",\"target\":[\"https:\/\/unika.co.uk\/pl\/o-unika\/\"]}]},{\"@type\":\"BreadcrumbList\",\"@id\":\"https:\/\/unika.co.uk\/pl\/o-unika\/#breadcrumb\",\"itemListElement\":[{\"@type\":\"ListItem\",\"position\":1,\"name\":\"Home\",\"item\":\"https:\/\/unika.co.uk\/pl\/strona-glowna\/\"},{\"@type\":\"ListItem\",\"position\":2,\"name\":\"O Unika\"}]},{\"@type\":\"WebSite\",\"@id\":\"https:\/\/unika.co.uk\/pl\/#website\",\"url\":\"https:\/\/unika.co.uk\/pl\/\",\"name\":\"Unika\",\"description\":\"Kitchen fitting supplies from Unika\",\"publisher\":{\"@id\":\"https:\/\/unika.co.uk\/pl\/#organization\"},\"potentialAction\":[{\"@type\":\"SearchAction\",\"target\":{\"@type\":\"EntryPoint\",\"urlTemplate\":\"https:\/\/unika.co.uk\/pl\/?s={search_term_string}\"},\"query-input\":{\"@type\":\"PropertyValueSpecification\",\"valueRequired\":true,\"valueName\":\"search_term_string\"}}],\"inLanguage\":\"pl-PL\"},{\"@type\":\"Organization\",\"@id\":\"https:\/\/unika.co.uk\/pl\/#organization\",\"name\":\"Unika\",\"url\":\"https:\/\/unika.co.uk\/pl\/\",\"logo\":{\"@type\":\"ImageObject\",\"inLanguage\":\"pl-PL\",\"@id\":\"https:\/\/unika.co.uk\/pl\/#\/schema\/logo\/image\/\",\"url\":\"https:\/\/unika.co.uk\/wp-content\/uploads\/2020\/11\/header-logo-unika-ips-e1612284206405.png\",\"contentUrl\":\"https:\/\/unika.co.uk\/wp-content\/uploads\/2020\/11\/header-logo-unika-ips-e1612284206405.png\",\"width\":512,\"height\":115,\"caption\":\"Unika\"},\"image\":{\"@id\":\"https:\/\/unika.co.uk\/pl\/#\/schema\/logo\/image\/\"}}]}<\/script>\n<!-- \/ Yoast SEO plugin. -->","yoast_head_json":{"title":"O Unika - Unika","robots":{"index":"index","follow":"follow","max-snippet":"max-snippet:-1","max-image-preview":"max-image-preview:large","max-video-preview":"max-video-preview:-1"},"canonical":"https:\/\/unika.co.uk\/pl\/o-unika\/","og_locale":"pl_PL","og_type":"article","og_title":"O Unika - Unika","og_description":"Wysokiej jako\u015bci monta\u017c i piel\u0119gnacja powierzchni roboczejKiedy firma Unika otworzy\u0142a swoj\u0105 dzia\u0142alno\u015b\u0107 w 1987 roku, pomys\u0142 by\u0142 prosty - dostarczy\u0107 monterom kuchni najlepsze rozwi\u0105zania do perfekcyjnego monta\u017cu laminowanych powierzchni roboczych. Na pocz\u0105tku by\u0142y ColorFill, MitreBond i Worktop Jigs. Ponad 30 lat p\u00f3\u017aniej nasze oddanie rynkowi monta\u017cu i piel\u0119gnacji kuchni nie uleg\u0142o zmianie. Nadal wsp\u00f3\u0142pracujemy z [&hellip;]","og_url":"https:\/\/unika.co.uk\/pl\/o-unika\/","og_site_name":"Unika","article_modified_time":"2023-09-03T08:18:38+00:00","twitter_card":"summary_large_image","twitter_misc":{"Szacowany czas czytania":"3 minuty"},"schema":{"@context":"https:\/\/schema.org","@graph":[{"@type":"WebPage","@id":"https:\/\/unika.co.uk\/pl\/o-unika\/","url":"https:\/\/unika.co.uk\/pl\/o-unika\/","name":"O Unika - Unika","isPartOf":{"@id":"https:\/\/unika.co.uk\/pl\/#website"},"datePublished":"2022-07-08T20:47:44+00:00","dateModified":"2023-09-03T08:18:38+00:00","breadcrumb":{"@id":"https:\/\/unika.co.uk\/pl\/o-unika\/#breadcrumb"},"inLanguage":"pl-PL","potentialAction":[{"@type":"ReadAction","target":["https:\/\/unika.co.uk\/pl\/o-unika\/"]}]},{"@type":"BreadcrumbList","@id":"https:\/\/unika.co.uk\/pl\/o-unika\/#breadcrumb","itemListElement":[{"@type":"ListItem","position":1,"name":"Home","item":"https:\/\/unika.co.uk\/pl\/strona-glowna\/"},{"@type":"ListItem","position":2,"name":"O Unika"}]},{"@type":"WebSite","@id":"https:\/\/unika.co.uk\/pl\/#website","url":"https:\/\/unika.co.uk\/pl\/","name":"Unika","description":"Kitchen fitting supplies from Unika","publisher":{"@id":"https:\/\/unika.co.uk\/pl\/#organization"},"potentialAction":[{"@type":"SearchAction","target":{"@type":"EntryPoint","urlTemplate":"https:\/\/unika.co.uk\/pl\/?s={search_term_string}"},"query-input":{"@type":"PropertyValueSpecification","valueRequired":true,"valueName":"search_term_string"}}],"inLanguage":"pl-PL"},{"@type":"Organization","@id":"https:\/\/unika.co.uk\/pl\/#organization","name":"Unika","url":"https:\/\/unika.co.uk\/pl\/","logo":{"@type":"ImageObject","inLanguage":"pl-PL","@id":"https:\/\/unika.co.uk\/pl\/#\/schema\/logo\/image\/","url":"https:\/\/unika.co.uk\/wp-content\/uploads\/2020\/11\/header-logo-unika-ips-e1612284206405.png","contentUrl":"https:\/\/unika.co.uk\/wp-content\/uploads\/2020\/11\/header-logo-unika-ips-e1612284206405.png","width":512,"height":115,"caption":"Unika"},"image":{"@id":"https:\/\/unika.co.uk\/pl\/#\/schema\/logo\/image\/"}}]}},"_links":{"self":[{"href":"https:\/\/unika.co.uk\/pl\/wp-json\/wp\/v2\/pages\/4613","targetHints":{"allow":["GET"]}}],"collection":[{"href":"https:\/\/unika.co.uk\/pl\/wp-json\/wp\/v2\/pages"}],"about":[{"href":"https:\/\/unika.co.uk\/pl\/wp-json\/wp\/v2\/types\/page"}],"author":[{"embeddable":true,"href":"https:\/\/unika.co.uk\/pl\/wp-json\/wp\/v2\/users\/1"}],"replies":[{"embeddable":true,"href":"https:\/\/unika.co.uk\/pl\/wp-json\/wp\/v2\/comments?post=4613"}],"version-history":[{"count":6,"href":"https:\/\/unika.co.uk\/pl\/wp-json\/wp\/v2\/pages\/4613\/revisions"}],"predecessor-version":[{"id":4642,"href":"https:\/\/unika.co.uk\/pl\/wp-json\/wp\/v2\/pages\/4613\/revisions\/4642"}],"wp:attachment":[{"href":"https:\/\/unika.co.uk\/pl\/wp-json\/wp\/v2\/media?parent=4613"}],"curies":[{"name":"wp","href":"https:\/\/api.w.org\/{rel}","templated":true}]}}