{"id":4941,"date":"2022-07-06T21:18:48","date_gmt":"2022-07-06T20:18:48","guid":{"rendered":"https:\/\/unika.co.uk\/pielegnacja-kuchni\/zestawy-pielegnacyjne\/"},"modified":"2022-10-21T13:39:13","modified_gmt":"2022-10-21T12:39:13","slug":"zestawy-pielegnacyjne","status":"publish","type":"page","link":"https:\/\/unika.co.uk\/pl\/pielegnacja-kuchni\/zestawy-pielegnacyjne\/","title":{"rendered":"Zestawy piel\u0119gnacyjne"},"content":{"rendered":"<p>[et_pb_section fb_built=&#8221;1&#8243; admin_label=&#8221;HEADER&#8221; _builder_version=&#8221;4.17.4&#8243; _module_preset=&#8221;default&#8221; background_color=&#8221;#edeceb&#8221; background_image=&#8221;https:\/\/unika.co.uk\/wp-content\/uploads\/2020\/11\/home-bg-head-separator-scaled.jpg&#8221; background_size=&#8221;contain&#8221; background_position=&#8221;bottom_center&#8221; custom_padding=&#8221;50px||0px||false|false&#8221; collapsed=&#8221;off&#8221; global_colors_info=&#8221;{}&#8221;][et_pb_row column_structure=&#8221;1_2,1_2&#8243; _builder_version=&#8221;4.17.4&#8243; _module_preset=&#8221;default&#8221; collapsed=&#8221;off&#8221; global_colors_info=&#8221;{}&#8221;][et_pb_column type=&#8221;1_2&#8243; _builder_version=&#8221;4.16&#8243; _module_preset=&#8221;default&#8221; global_colors_info=&#8221;{}&#8221;][et_pb_text _builder_version=&#8221;4.17.4&#8243; _module_preset=&#8221;default&#8221; custom_padding=&#8221;0px||0px|45px|false|false&#8221; border_width_left=&#8221;8px&#8221; border_color_left=&#8221;#f9001d&#8221; global_colors_info=&#8221;{}&#8221;]<\/p>\n<h1>Zestawy do piel\u0119gnacji blat\u00f3w kuchennych firmy Unika<\/h1>\n<p>[\/et_pb_text][et_pb_text _builder_version=&#8221;4.17.4&#8243; _module_preset=&#8221;default&#8221; text_font_size=&#8221;18px&#8221; text_line_height=&#8221;1.5em&#8221; custom_padding=&#8221;|||50px|false|false&#8221; global_colors_info=&#8221;{}&#8221;]<\/p>\n<p>Dbanie o swoj\u0105 kuchni\u0119 i powierzchni\u0119 robocz\u0105 jest naprawd\u0119 wa\u017cne, aby zapewni\u0107, \u017ce pozostanie ona w jak najlepszym stanie i b\u0119dzie wygl\u0105da\u0107 jak nowa.<\/p>\n<p>[\/et_pb_text][et_pb_button button_url=&#8221;#product-box&#8221; button_text=&#8221;Zobacz produkty&#8221; disabled_on=&#8221;off|off|off&#8221; _builder_version=&#8221;4.17.4&#8243; _module_preset=&#8221;default&#8221; hover_enabled=&#8221;0&#8243; global_colors_info=&#8221;{}&#8221; sticky_enabled=&#8221;0&#8243; locked=&#8221;off&#8221;][\/et_pb_button][\/et_pb_column][et_pb_column type=&#8221;1_2&#8243; _builder_version=&#8221;4.16&#8243; _module_preset=&#8221;default&#8221; global_colors_info=&#8221;{}&#8221;][\/et_pb_column][\/et_pb_row][\/et_pb_section][et_pb_section fb_built=&#8221;1&#8243; _builder_version=&#8221;4.17.4&#8243; _module_preset=&#8221;default&#8221; background_enable_color=&#8221;off&#8221; global_colors_info=&#8221;{}&#8221;][et_pb_row column_structure=&#8221;1_2,1_2&#8243; gutter_width=&#8221;1&#8243; _builder_version=&#8221;4.17.4&#8243; _module_preset=&#8221;default&#8221; global_colors_info=&#8221;{}&#8221;][et_pb_column type=&#8221;1_2&#8243; _builder_version=&#8221;4.16&#8243; _module_preset=&#8221;default&#8221; global_colors_info=&#8221;{}&#8221;][et_pb_text _builder_version=&#8221;4.17.4&#8243; _module_preset=&#8221;default&#8221; custom_margin=&#8221;|40px|40px||false|false&#8221; custom_margin_tablet=&#8221;|0px|||false|false&#8221; custom_margin_phone=&#8221;|0px|||false|false&#8221; custom_margin_last_edited=&#8221;on|phone&#8221; global_colors_info=&#8221;{}&#8221;]<\/p>\n<p>Opieka poremontowa polega na upewnieniu si\u0119, \u017ce rozlane p\u0142yny s\u0105 usuwane i nie pozostawiaj\u0105 plam. U\u017cywanie \u015brodk\u00f3w czyszcz\u0105cych, kt\u00f3re skutecznie czyszcz\u0105 i poleruj\u0105 bez \u015bcierania powierzchni i potencjalnego pozostawiania ich matowymi. W przypadku niekt\u00f3rych powierzchni piel\u0119gnacja polega na uszczelnieniu powierzchni przed plamami, a w przypadku innych na delikatnym usuni\u0119ciu \u015blad\u00f3w i odm\u0142odzeniu powierzchni do stanu nowego.<\/p>\n<p>Poni\u017cej przedstawiamy kilka przyk\u0142ad\u00f3w oferowanych przez nas standardowych zestaw\u00f3w piel\u0119gnacyjnych. Mo\u017cesz z nami wsp\u00f3\u0142pracowa\u0107, aby dostosowa\u0107 szereg zestaw\u00f3w do swoich powierzchni i potrzeb zwi\u0105zanych z piel\u0119gnacj\u0105.<\/p>\n<p>[\/et_pb_text][et_pb_button button_url=&#8221;@ET-DC@eyJkeW5hbWljIjp0cnVlLCJjb250ZW50IjoicG9zdF9saW5rX3VybF9wYWdlIiwic2V0dGluZ3MiOnsicG9zdF9pZCI6Ijg0NSJ9fQ==@&#8221; button_text=&#8221;Porozmawiaj z nami o zestawach niestandardowych&#8221; _builder_version=&#8221;4.17.4&#8243; _dynamic_attributes=&#8221;button_url&#8221; _module_preset=&#8221;default&#8221; custom_margin=&#8221;|||0px|false|false&#8221; global_colors_info=&#8221;{}&#8221;][\/et_pb_button][\/et_pb_column][et_pb_column type=&#8221;1_2&#8243; _builder_version=&#8221;4.16&#8243; _module_preset=&#8221;default&#8221; global_colors_info=&#8221;{}&#8221;][et_pb_image src=&#8221;https:\/\/unika.co.uk\/wp-content\/uploads\/2022\/07\/image-carekits.jpg&#8221; title_text=&#8221;image-carekits&#8221; _builder_version=&#8221;4.17.4&#8243; _module_preset=&#8221;default&#8221; global_colors_info=&#8221;{}&#8221;][\/et_pb_image][\/et_pb_column][\/et_pb_row][\/et_pb_section][et_pb_section fb_built=&#8221;1&#8243; _builder_version=&#8221;4.17.4&#8243; _module_preset=&#8221;default&#8221; background_color=&#8221;#EDECEB&#8221; hover_enabled=&#8221;0&#8243; global_colors_info=&#8221;{}&#8221; module_id=&#8221;product-box&#8221; sticky_enabled=&#8221;0&#8243;][et_pb_row _builder_version=&#8221;4.16&#8243; _module_preset=&#8221;default&#8221; global_colors_info=&#8221;{}&#8221;][et_pb_column type=&#8221;4_4&#8243; _builder_version=&#8221;4.16&#8243; _module_preset=&#8221;default&#8221; global_colors_info=&#8221;{}&#8221;][et_pb_text _builder_version=&#8221;4.17.4&#8243; _module_preset=&#8221;default&#8221; header_2_text_align=&#8221;center&#8221; global_colors_info=&#8221;{}&#8221;]<\/p>\n<h2>Nasze standardowe zestawy piel\u0119gnacyjne<\/h2>\n<p>[\/et_pb_text][et_pb_divider divider_position=&#8221;center&#8221; divider_weight=&#8221;8px&#8221; _builder_version=&#8221;4.16&#8243; _module_preset=&#8221;default&#8221; background_color=&#8221;rgba(0,0,0,0)&#8221; width=&#8221;100px&#8221; module_alignment=&#8221;center&#8221; global_colors_info=&#8221;{}&#8221;][\/et_pb_divider][\/et_pb_column][\/et_pb_row][et_pb_row _builder_version=&#8221;4.17.4&#8243; _module_preset=&#8221;default&#8221; global_colors_info=&#8221;{}&#8221;][et_pb_column type=&#8221;4_4&#8243; _builder_version=&#8221;4.17.4&#8243; _module_preset=&#8221;default&#8221; global_colors_info=&#8221;{}&#8221;][et_pb_portfolio fullwidth=&#8221;off&#8221; include_categories=&#8221;34&#8243; show_categories=&#8221;off&#8221; show_pagination=&#8221;off&#8221; zoom_icon_color=&#8221;#FFFFFF&#8221; hover_overlay_color=&#8221;rgba(249,0,29,0.7)&#8221; admin_label=&#8221;Portfolio&#8221; _builder_version=&#8221;4.17.4&#8243; _module_preset=&#8221;default&#8221; title_font=&#8221;||||||||&#8221; title_text_align=&#8221;center&#8221; title_text_color=&#8221;#FFFFFF&#8221; background_color=&#8221;rgba(255,255,255,0.4)&#8221; background_layout=&#8221;dark&#8221; width=&#8221;100%&#8221; max_width=&#8221;100%&#8221; module_alignment=&#8221;center&#8221; custom_margin=&#8221;||||false|false&#8221; custom_padding=&#8221;||||true|false&#8221; custom_css_portfolio_title=&#8221;background-color: #f9001d;||    padding-top: 20px;||    padding-bottom: 20px !important;||margin:0 !important;&#8221; locked=&#8221;off&#8221; global_colors_info=&#8221;{}&#8221;][\/et_pb_portfolio][\/et_pb_column][\/et_pb_row][\/et_pb_section]<\/p>\n","protected":false},"excerpt":{"rendered":"<p>Zestawy do piel\u0119gnacji blat\u00f3w kuchennych firmy UnikaDbanie o swoj\u0105 kuchni\u0119 i powierzchni\u0119 robocz\u0105 jest naprawd\u0119 wa\u017cne, aby zapewni\u0107, \u017ce pozostanie ona w jak najlepszym stanie i b\u0119dzie wygl\u0105da\u0107 jak nowa.Opieka poremontowa polega na upewnieniu si\u0119, \u017ce rozlane p\u0142yny s\u0105 usuwane i nie pozostawiaj\u0105 plam. U\u017cywanie \u015brodk\u00f3w czyszcz\u0105cych, kt\u00f3re skutecznie czyszcz\u0105 i poleruj\u0105 bez \u015bcierania powierzchni [&hellip;]<\/p>\n","protected":false},"author":1,"featured_media":0,"parent":4829,"menu_order":0,"comment_status":"closed","ping_status":"closed","template":"","meta":{"_et_pb_use_builder":"on","_et_pb_old_content":"","_et_gb_content_width":"","footnotes":""},"class_list":["post-4941","page","type-page","status-publish","hentry"],"yoast_head":"<!-- This site is optimized with the Yoast SEO plugin v25.6 - https:\/\/yoast.com\/wordpress\/plugins\/seo\/ -->\n<title>Zestawy piel\u0119gnacyjne - Unika<\/title>\n<meta name=\"robots\" content=\"index, follow, max-snippet:-1, max-image-preview:large, max-video-preview:-1\" \/>\n<link rel=\"canonical\" href=\"https:\/\/unika.co.uk\/pl\/pielegnacja-kuchni\/zestawy-pielegnacyjne\/\" \/>\n<meta property=\"og:locale\" content=\"pl_PL\" \/>\n<meta property=\"og:type\" content=\"article\" \/>\n<meta property=\"og:title\" content=\"Zestawy piel\u0119gnacyjne - Unika\" \/>\n<meta property=\"og:description\" content=\"Zestawy do piel\u0119gnacji blat\u00f3w kuchennych firmy UnikaDbanie o swoj\u0105 kuchni\u0119 i powierzchni\u0119 robocz\u0105 jest naprawd\u0119 wa\u017cne, aby zapewni\u0107, \u017ce pozostanie ona w jak najlepszym stanie i b\u0119dzie wygl\u0105da\u0107 jak nowa.Opieka poremontowa polega na upewnieniu si\u0119, \u017ce rozlane p\u0142yny s\u0105 usuwane i nie pozostawiaj\u0105 plam. U\u017cywanie \u015brodk\u00f3w czyszcz\u0105cych, kt\u00f3re skutecznie czyszcz\u0105 i poleruj\u0105 bez \u015bcierania powierzchni [&hellip;]\" \/>\n<meta property=\"og:url\" content=\"https:\/\/unika.co.uk\/pl\/pielegnacja-kuchni\/zestawy-pielegnacyjne\/\" \/>\n<meta property=\"og:site_name\" content=\"Unika\" \/>\n<meta property=\"article:modified_time\" content=\"2022-10-21T12:39:13+00:00\" \/>\n<meta name=\"twitter:card\" content=\"summary_large_image\" \/>\n<meta name=\"twitter:label1\" content=\"Szacowany czas czytania\" \/>\n\t<meta name=\"twitter:data1\" content=\"4 minuty\" \/>\n<script type=\"application\/ld+json\" class=\"yoast-schema-graph\">{\"@context\":\"https:\/\/schema.org\",\"@graph\":[{\"@type\":\"WebPage\",\"@id\":\"https:\/\/unika.co.uk\/pl\/pielegnacja-kuchni\/zestawy-pielegnacyjne\/\",\"url\":\"https:\/\/unika.co.uk\/pl\/pielegnacja-kuchni\/zestawy-pielegnacyjne\/\",\"name\":\"Zestawy piel\u0119gnacyjne - Unika\",\"isPartOf\":{\"@id\":\"https:\/\/unika.co.uk\/pl\/#website\"},\"datePublished\":\"2022-07-06T20:18:48+00:00\",\"dateModified\":\"2022-10-21T12:39:13+00:00\",\"breadcrumb\":{\"@id\":\"https:\/\/unika.co.uk\/pl\/pielegnacja-kuchni\/zestawy-pielegnacyjne\/#breadcrumb\"},\"inLanguage\":\"pl-PL\",\"potentialAction\":[{\"@type\":\"ReadAction\",\"target\":[\"https:\/\/unika.co.uk\/pl\/pielegnacja-kuchni\/zestawy-pielegnacyjne\/\"]}]},{\"@type\":\"BreadcrumbList\",\"@id\":\"https:\/\/unika.co.uk\/pl\/pielegnacja-kuchni\/zestawy-pielegnacyjne\/#breadcrumb\",\"itemListElement\":[{\"@type\":\"ListItem\",\"position\":1,\"name\":\"Home\",\"item\":\"https:\/\/unika.co.uk\/pl\/strona-glowna\/\"},{\"@type\":\"ListItem\",\"position\":2,\"name\":\"Piel\u0119gnacja kuchni\",\"item\":\"https:\/\/unika.co.uk\/pl\/pielegnacja-kuchni\/\"},{\"@type\":\"ListItem\",\"position\":3,\"name\":\"Zestawy piel\u0119gnacyjne\"}]},{\"@type\":\"WebSite\",\"@id\":\"https:\/\/unika.co.uk\/pl\/#website\",\"url\":\"https:\/\/unika.co.uk\/pl\/\",\"name\":\"Unika\",\"description\":\"Kitchen fitting supplies from Unika\",\"publisher\":{\"@id\":\"https:\/\/unika.co.uk\/pl\/#organization\"},\"potentialAction\":[{\"@type\":\"SearchAction\",\"target\":{\"@type\":\"EntryPoint\",\"urlTemplate\":\"https:\/\/unika.co.uk\/pl\/?s={search_term_string}\"},\"query-input\":{\"@type\":\"PropertyValueSpecification\",\"valueRequired\":true,\"valueName\":\"search_term_string\"}}],\"inLanguage\":\"pl-PL\"},{\"@type\":\"Organization\",\"@id\":\"https:\/\/unika.co.uk\/pl\/#organization\",\"name\":\"Unika\",\"url\":\"https:\/\/unika.co.uk\/pl\/\",\"logo\":{\"@type\":\"ImageObject\",\"inLanguage\":\"pl-PL\",\"@id\":\"https:\/\/unika.co.uk\/pl\/#\/schema\/logo\/image\/\",\"url\":\"https:\/\/unika.co.uk\/wp-content\/uploads\/2020\/11\/header-logo-unika-ips-e1612284206405.png\",\"contentUrl\":\"https:\/\/unika.co.uk\/wp-content\/uploads\/2020\/11\/header-logo-unika-ips-e1612284206405.png\",\"width\":512,\"height\":115,\"caption\":\"Unika\"},\"image\":{\"@id\":\"https:\/\/unika.co.uk\/pl\/#\/schema\/logo\/image\/\"}}]}<\/script>\n<!-- \/ Yoast SEO plugin. -->","yoast_head_json":{"title":"Zestawy piel\u0119gnacyjne - Unika","robots":{"index":"index","follow":"follow","max-snippet":"max-snippet:-1","max-image-preview":"max-image-preview:large","max-video-preview":"max-video-preview:-1"},"canonical":"https:\/\/unika.co.uk\/pl\/pielegnacja-kuchni\/zestawy-pielegnacyjne\/","og_locale":"pl_PL","og_type":"article","og_title":"Zestawy piel\u0119gnacyjne - Unika","og_description":"Zestawy do piel\u0119gnacji blat\u00f3w kuchennych firmy UnikaDbanie o swoj\u0105 kuchni\u0119 i powierzchni\u0119 robocz\u0105 jest naprawd\u0119 wa\u017cne, aby zapewni\u0107, \u017ce pozostanie ona w jak najlepszym stanie i b\u0119dzie wygl\u0105da\u0107 jak nowa.Opieka poremontowa polega na upewnieniu si\u0119, \u017ce rozlane p\u0142yny s\u0105 usuwane i nie pozostawiaj\u0105 plam. U\u017cywanie \u015brodk\u00f3w czyszcz\u0105cych, kt\u00f3re skutecznie czyszcz\u0105 i poleruj\u0105 bez \u015bcierania powierzchni [&hellip;]","og_url":"https:\/\/unika.co.uk\/pl\/pielegnacja-kuchni\/zestawy-pielegnacyjne\/","og_site_name":"Unika","article_modified_time":"2022-10-21T12:39:13+00:00","twitter_card":"summary_large_image","twitter_misc":{"Szacowany czas czytania":"4 minuty"},"schema":{"@context":"https:\/\/schema.org","@graph":[{"@type":"WebPage","@id":"https:\/\/unika.co.uk\/pl\/pielegnacja-kuchni\/zestawy-pielegnacyjne\/","url":"https:\/\/unika.co.uk\/pl\/pielegnacja-kuchni\/zestawy-pielegnacyjne\/","name":"Zestawy piel\u0119gnacyjne - Unika","isPartOf":{"@id":"https:\/\/unika.co.uk\/pl\/#website"},"datePublished":"2022-07-06T20:18:48+00:00","dateModified":"2022-10-21T12:39:13+00:00","breadcrumb":{"@id":"https:\/\/unika.co.uk\/pl\/pielegnacja-kuchni\/zestawy-pielegnacyjne\/#breadcrumb"},"inLanguage":"pl-PL","potentialAction":[{"@type":"ReadAction","target":["https:\/\/unika.co.uk\/pl\/pielegnacja-kuchni\/zestawy-pielegnacyjne\/"]}]},{"@type":"BreadcrumbList","@id":"https:\/\/unika.co.uk\/pl\/pielegnacja-kuchni\/zestawy-pielegnacyjne\/#breadcrumb","itemListElement":[{"@type":"ListItem","position":1,"name":"Home","item":"https:\/\/unika.co.uk\/pl\/strona-glowna\/"},{"@type":"ListItem","position":2,"name":"Piel\u0119gnacja kuchni","item":"https:\/\/unika.co.uk\/pl\/pielegnacja-kuchni\/"},{"@type":"ListItem","position":3,"name":"Zestawy piel\u0119gnacyjne"}]},{"@type":"WebSite","@id":"https:\/\/unika.co.uk\/pl\/#website","url":"https:\/\/unika.co.uk\/pl\/","name":"Unika","description":"Kitchen fitting supplies from Unika","publisher":{"@id":"https:\/\/unika.co.uk\/pl\/#organization"},"potentialAction":[{"@type":"SearchAction","target":{"@type":"EntryPoint","urlTemplate":"https:\/\/unika.co.uk\/pl\/?s={search_term_string}"},"query-input":{"@type":"PropertyValueSpecification","valueRequired":true,"valueName":"search_term_string"}}],"inLanguage":"pl-PL"},{"@type":"Organization","@id":"https:\/\/unika.co.uk\/pl\/#organization","name":"Unika","url":"https:\/\/unika.co.uk\/pl\/","logo":{"@type":"ImageObject","inLanguage":"pl-PL","@id":"https:\/\/unika.co.uk\/pl\/#\/schema\/logo\/image\/","url":"https:\/\/unika.co.uk\/wp-content\/uploads\/2020\/11\/header-logo-unika-ips-e1612284206405.png","contentUrl":"https:\/\/unika.co.uk\/wp-content\/uploads\/2020\/11\/header-logo-unika-ips-e1612284206405.png","width":512,"height":115,"caption":"Unika"},"image":{"@id":"https:\/\/unika.co.uk\/pl\/#\/schema\/logo\/image\/"}}]}},"_links":{"self":[{"href":"https:\/\/unika.co.uk\/pl\/wp-json\/wp\/v2\/pages\/4941","targetHints":{"allow":["GET"]}}],"collection":[{"href":"https:\/\/unika.co.uk\/pl\/wp-json\/wp\/v2\/pages"}],"about":[{"href":"https:\/\/unika.co.uk\/pl\/wp-json\/wp\/v2\/types\/page"}],"author":[{"embeddable":true,"href":"https:\/\/unika.co.uk\/pl\/wp-json\/wp\/v2\/users\/1"}],"replies":[{"embeddable":true,"href":"https:\/\/unika.co.uk\/pl\/wp-json\/wp\/v2\/comments?post=4941"}],"version-history":[{"count":1,"href":"https:\/\/unika.co.uk\/pl\/wp-json\/wp\/v2\/pages\/4941\/revisions"}],"predecessor-version":[{"id":4971,"href":"https:\/\/unika.co.uk\/pl\/wp-json\/wp\/v2\/pages\/4941\/revisions\/4971"}],"up":[{"embeddable":true,"href":"https:\/\/unika.co.uk\/pl\/wp-json\/wp\/v2\/pages\/4829"}],"wp:attachment":[{"href":"https:\/\/unika.co.uk\/pl\/wp-json\/wp\/v2\/media?parent=4941"}],"curies":[{"name":"wp","href":"https:\/\/api.w.org\/{rel}","templated":true}]}}