{"id":5009,"date":"2022-06-30T15:43:58","date_gmt":"2022-06-30T14:43:58","guid":{"rendered":"https:\/\/unika.co.uk\/wyposazenie-kuchni\/"},"modified":"2022-10-21T13:40:51","modified_gmt":"2022-10-21T12:40:51","slug":"wyposazenie-kuchni","status":"publish","type":"page","link":"https:\/\/unika.co.uk\/pl\/wyposazenie-kuchni\/","title":{"rendered":"Wyposa\u017cenie kuchni"},"content":{"rendered":"<p>[et_pb_section fb_built=&#8221;1&#8243; admin_label=&#8221;HEADER&#8221; _builder_version=&#8221;4.17.4&#8243; _module_preset=&#8221;default&#8221; background_color=&#8221;#edeceb&#8221; background_image=&#8221;https:\/\/unika.co.uk\/wp-content\/uploads\/2020\/11\/home-bg-head-separator-scaled.jpg&#8221; background_size=&#8221;contain&#8221; background_position=&#8221;bottom_center&#8221; custom_padding=&#8221;50px||0px||false|false&#8221; collapsed=&#8221;off&#8221; global_colors_info=&#8221;{}&#8221;][et_pb_row column_structure=&#8221;1_2,1_2&#8243; _builder_version=&#8221;4.17.4&#8243; _module_preset=&#8221;default&#8221; collapsed=&#8221;off&#8221; global_colors_info=&#8221;{}&#8221;][et_pb_column type=&#8221;1_2&#8243; _builder_version=&#8221;4.16&#8243; _module_preset=&#8221;default&#8221; global_colors_info=&#8221;{}&#8221;][et_pb_text _builder_version=&#8221;4.17.4&#8243; _module_preset=&#8221;default&#8221; custom_padding=&#8221;0px||0px|45px|false|false&#8221; border_width_left=&#8221;8px&#8221; border_color_left=&#8221;#f9001d&#8221; global_colors_info=&#8221;{}&#8221;]<\/p>\n<h1>Rozwi\u0105zania w zakresie zabudowy kuchennej od firmy Unika<\/h1>\n<p>[\/et_pb_text][et_pb_text _builder_version=&#8221;4.17.4&#8243; _module_preset=&#8221;default&#8221; text_font_size=&#8221;18px&#8221; text_line_height=&#8221;1.5em&#8221; custom_padding=&#8221;|||50px|false|false&#8221; global_colors_info=&#8221;{}&#8221;]<\/p>\n<p>Od dopasowanych kolorystycznie klej\u00f3w i uszczelniaczy po przyrz\u0105dy i akcesoria do blat\u00f3w kuchennych.<\/p>\n<p>[\/et_pb_text][et_pb_button button_url=&#8221;#product-box&#8221; button_text=&#8221;Zobacz produkty&#8221; disabled_on=&#8221;off|off|off&#8221; _builder_version=&#8221;4.17.4&#8243; _module_preset=&#8221;default&#8221; hover_enabled=&#8221;0&#8243; global_colors_info=&#8221;{}&#8221; sticky_enabled=&#8221;0&#8243;][\/et_pb_button][\/et_pb_column][et_pb_column type=&#8221;1_2&#8243; _builder_version=&#8221;4.16&#8243; _module_preset=&#8221;default&#8221; global_colors_info=&#8221;{}&#8221;][\/et_pb_column][\/et_pb_row][\/et_pb_section][et_pb_section fb_built=&#8221;1&#8243; _builder_version=&#8221;4.17.4&#8243; _module_preset=&#8221;default&#8221; background_enable_color=&#8221;off&#8221; global_colors_info=&#8221;{}&#8221;][et_pb_row column_structure=&#8221;1_2,1_2&#8243; gutter_width=&#8221;1&#8243; _builder_version=&#8221;4.17.4&#8243; _module_preset=&#8221;default&#8221; global_colors_info=&#8221;{}&#8221;][et_pb_column type=&#8221;1_2&#8243; _builder_version=&#8221;4.16&#8243; _module_preset=&#8221;default&#8221; global_colors_info=&#8221;{}&#8221;][et_pb_text _builder_version=&#8221;4.17.4&#8243; _module_preset=&#8221;default&#8221; custom_margin=&#8221;|40px|40px||false|false&#8221; custom_margin_tablet=&#8221;|0px|||false|false&#8221; custom_margin_phone=&#8221;|0px|||false|false&#8221; custom_margin_last_edited=&#8221;on|phone&#8221; global_colors_info=&#8221;{}&#8221;]<\/p>\n<p>Monta\u017c kuchni jest zazwyczaj zako\u0144czony przez profesjonalnego montera kuchni lub wykwalifikowanego stolarza. Generalnie monta\u017c kuchni obejmuje zesp\u00f3\u0142 handlowc\u00f3w, w tym montera kuchni\/spawacza, elektryka i hydraulika. Ci handlowcy koordynuj\u0105 instalacj\u0119, aby doprowadzi\u0107 wszystkie elementy kuchni razem i ostateczny projekt do \u017cycia.<\/p>\n<p>Z\u0142o\u017cono\u015b\u0107 kuchennego dopasowania mo\u017ce zmienia\u0107 si\u0119 i zale\u017ce\u0107 b\u0119dzie od wielko\u015bci pomieszczenia, wymaga\u0144 projektu, rodzaj\u00f3w blatu, je\u015bli dom jest nowy lub stary, je\u015bli urz\u0105dzenia wymagaj\u0105 przeniesienia, poza kwadratowymi \u015bcianami i pod\u0142ogami lista jest obszerna.<\/p>\n<p>[\/et_pb_text][et_pb_text _builder_version=&#8221;4.17.4&#8243; _module_preset=&#8221;default&#8221; text_font=&#8221;|300||on|||||&#8221; text_font_size=&#8221;35px&#8221; text_line_height=&#8221;1.5em&#8221; background_color=&#8221;#EDECEB&#8221; custom_margin=&#8221;80px||||false|false&#8221; custom_padding=&#8221;50px|50px|50px|50px|true|true&#8221; text_font_size_tablet=&#8221;30px&#8221; text_font_size_phone=&#8221;22px&#8221; text_font_size_last_edited=&#8221;on|phone&#8221; global_colors_info=&#8221;{}&#8221;]<\/p>\n<p>\u017ale dopasowana kuchnia mo\u017ce zrujnowa\u0107 ca\u0142e wyko\u0144czenie. Podobnie, doskonale zainstalowana kuchnia, bez wzgl\u0119du na jako\u015b\u0107, mo\u017ce naprawd\u0119 wygl\u0105da\u0107 cz\u0119\u015b\u0107<\/p>\n<p>[\/et_pb_text][\/et_pb_column][et_pb_column type=&#8221;1_2&#8243; _builder_version=&#8221;4.16&#8243; _module_preset=&#8221;default&#8221; global_colors_info=&#8221;{}&#8221;][et_pb_image src=&#8221;https:\/\/unika.co.uk\/wp-content\/uploads\/2020\/11\/hp-nicekitchen-temp.jpg&#8221; title_text=&#8221;hp-nicekitchen-temp&#8221; _builder_version=&#8221;4.16&#8243; _module_preset=&#8221;default&#8221; global_colors_info=&#8221;{}&#8221;][\/et_pb_image][et_pb_text _builder_version=&#8221;4.17.4&#8243; _module_preset=&#8221;default&#8221; custom_margin=&#8221;40px||40px|40px|false|false&#8221; custom_margin_tablet=&#8221;|||0px|false|false&#8221; custom_margin_phone=&#8221;|||0px|false|false&#8221; custom_margin_last_edited=&#8221;on|phone&#8221; global_colors_info=&#8221;{}&#8221;]<\/p>\n<p>Coko\u0142y, podstawki, fugi i wyko\u0144czenie s\u0105 kluczowe dla tego, jak b\u0119dzie wygl\u0105da\u0107 ostateczna kuchnia i s\u0105 niezwykle wa\u017cne dla tego, jak d\u0142ugo kuchnia b\u0119dzie trwa\u0142a.<\/p>\n<p>Woda ingress jest g\u0142\u00f3wnym problemem wynikaj\u0105cym z \u017ale zamontowanej kuchni i pi\u0119kna nowa kuchnia mo\u017ce po kilku tygodniach zacz\u0105\u0107 si\u0119 rozpada\u0107.<\/p>\n<p>Instalacja i opieka posprzeda\u017cowa s\u0105 kluczem do sukcesu i d\u0142ugowieczno\u015bci projektu kuchni. Firma Unika przez ponad 35 lat rozwija\u0142a si\u0119 i prowadzi\u0142a badania we wsp\u00f3\u0142pracy z monterami i projektantami kuchni, dostawcami surowych element\u00f3w korpusu i r\u00f3\u017cnych blat\u00f3w, aby sta\u0107 si\u0119 specjalistami w dziedzinie instalacji kuchennych. Specjali\u015bci w zakresie wszystkich produkt\u00f3w, kt\u00f3re s\u0105 wymagane do uko\u0144czenia kuchni i upewni\u0107 si\u0119, \u017ce jest to instalacja premium, jest dopasowany kolor i zbudowany, aby trwa\u0107.<\/p>\n<p>[\/et_pb_text][\/et_pb_column][\/et_pb_row][\/et_pb_section][et_pb_section fb_built=&#8221;1&#8243; module_id=&#8221;product-box&#8221; _builder_version=&#8221;4.17.4&#8243; _module_preset=&#8221;default&#8221; background_color=&#8221;#EDECEB&#8221; hover_enabled=&#8221;0&#8243; global_colors_info=&#8221;{}&#8221; sticky_enabled=&#8221;0&#8243;][et_pb_row _builder_version=&#8221;4.16&#8243; _module_preset=&#8221;default&#8221; global_colors_info=&#8221;{}&#8221;][et_pb_column type=&#8221;4_4&#8243; _builder_version=&#8221;4.16&#8243; _module_preset=&#8221;default&#8221; global_colors_info=&#8221;{}&#8221;][et_pb_text _builder_version=&#8221;4.17.4&#8243; _module_preset=&#8221;default&#8221; header_2_text_align=&#8221;center&#8221; global_colors_info=&#8221;{}&#8221;]<\/p>\n<h2>Nasze produkty do zabudowy kuchennej<\/h2>\n<p>[\/et_pb_text][et_pb_divider divider_position=&#8221;center&#8221; divider_weight=&#8221;8px&#8221; _builder_version=&#8221;4.16&#8243; _module_preset=&#8221;default&#8221; background_color=&#8221;rgba(0,0,0,0)&#8221; width=&#8221;100px&#8221; module_alignment=&#8221;center&#8221; global_colors_info=&#8221;{}&#8221;][\/et_pb_divider][\/et_pb_column][\/et_pb_row][et_pb_row _builder_version=&#8221;4.17.4&#8243; _module_preset=&#8221;default&#8221; global_colors_info=&#8221;{}&#8221;][et_pb_column type=&#8221;4_4&#8243; _builder_version=&#8221;4.17.4&#8243; _module_preset=&#8221;default&#8221; global_colors_info=&#8221;{}&#8221;][et_pb_portfolio fullwidth=&#8221;off&#8221; posts_number=&#8221;120&#8243; include_categories=&#8221;5&#8243; show_categories=&#8221;off&#8221; show_pagination=&#8221;off&#8221; zoom_icon_color=&#8221;#FFFFFF&#8221; hover_overlay_color=&#8221;rgba(249,0,29,0.7)&#8221; admin_label=&#8221;Portfolio&#8221; _builder_version=&#8221;4.17.4&#8243; _module_preset=&#8221;default&#8221; title_font=&#8221;||||||||&#8221; title_text_align=&#8221;center&#8221; title_text_color=&#8221;#FFFFFF&#8221; background_color=&#8221;rgba(255,255,255,0.4)&#8221; background_layout=&#8221;dark&#8221; width=&#8221;100%&#8221; max_width=&#8221;100%&#8221; module_alignment=&#8221;center&#8221; custom_margin=&#8221;||||false|false&#8221; custom_padding=&#8221;||||true|false&#8221; custom_css_portfolio_title=&#8221;background-color: #f9001d;||    padding-top: 20px;||    padding-bottom: 20px !important;||margin:0 !important;&#8221; locked=&#8221;off&#8221; global_colors_info=&#8221;{}&#8221;][\/et_pb_portfolio][\/et_pb_column][\/et_pb_row][\/et_pb_section]<\/p>\n","protected":false},"excerpt":{"rendered":"<p>Rozwi\u0105zania w zakresie zabudowy kuchennej od firmy UnikaOd dopasowanych kolorystycznie klej\u00f3w i uszczelniaczy po przyrz\u0105dy i akcesoria do blat\u00f3w kuchennych.Monta\u017c kuchni jest zazwyczaj zako\u0144czony przez profesjonalnego montera kuchni lub wykwalifikowanego stolarza. Generalnie monta\u017c kuchni obejmuje zesp\u00f3\u0142 handlowc\u00f3w, w tym montera kuchni\/spawacza, elektryka i hydraulika. Ci handlowcy koordynuj\u0105 instalacj\u0119, aby doprowadzi\u0107 wszystkie elementy kuchni razem i [&hellip;]<\/p>\n","protected":false},"author":1,"featured_media":0,"parent":0,"menu_order":0,"comment_status":"closed","ping_status":"closed","template":"","meta":{"_et_pb_use_builder":"on","_et_pb_old_content":"","_et_gb_content_width":"","footnotes":""},"class_list":["post-5009","page","type-page","status-publish","hentry"],"yoast_head":"<!-- This site is optimized with the Yoast SEO plugin v25.6 - https:\/\/yoast.com\/wordpress\/plugins\/seo\/ -->\n<title>Wyposa\u017cenie kuchni - Unika<\/title>\n<meta name=\"robots\" content=\"index, follow, max-snippet:-1, max-image-preview:large, max-video-preview:-1\" \/>\n<link rel=\"canonical\" href=\"https:\/\/unika.co.uk\/pl\/wyposazenie-kuchni\/\" \/>\n<meta property=\"og:locale\" content=\"pl_PL\" \/>\n<meta property=\"og:type\" content=\"article\" \/>\n<meta property=\"og:title\" content=\"Wyposa\u017cenie kuchni - Unika\" \/>\n<meta property=\"og:description\" content=\"Rozwi\u0105zania w zakresie zabudowy kuchennej od firmy UnikaOd dopasowanych kolorystycznie klej\u00f3w i uszczelniaczy po przyrz\u0105dy i akcesoria do blat\u00f3w kuchennych.Monta\u017c kuchni jest zazwyczaj zako\u0144czony przez profesjonalnego montera kuchni lub wykwalifikowanego stolarza. Generalnie monta\u017c kuchni obejmuje zesp\u00f3\u0142 handlowc\u00f3w, w tym montera kuchni\/spawacza, elektryka i hydraulika. Ci handlowcy koordynuj\u0105 instalacj\u0119, aby doprowadzi\u0107 wszystkie elementy kuchni razem i [&hellip;]\" \/>\n<meta property=\"og:url\" content=\"https:\/\/unika.co.uk\/pl\/wyposazenie-kuchni\/\" \/>\n<meta property=\"og:site_name\" content=\"Unika\" \/>\n<meta property=\"article:modified_time\" content=\"2022-10-21T12:40:51+00:00\" \/>\n<meta name=\"twitter:card\" content=\"summary_large_image\" \/>\n<meta name=\"twitter:label1\" content=\"Szacowany czas czytania\" \/>\n\t<meta name=\"twitter:data1\" content=\"5 minut\" \/>\n<script type=\"application\/ld+json\" class=\"yoast-schema-graph\">{\"@context\":\"https:\/\/schema.org\",\"@graph\":[{\"@type\":\"WebPage\",\"@id\":\"https:\/\/unika.co.uk\/pl\/wyposazenie-kuchni\/\",\"url\":\"https:\/\/unika.co.uk\/pl\/wyposazenie-kuchni\/\",\"name\":\"Wyposa\u017cenie kuchni - Unika\",\"isPartOf\":{\"@id\":\"https:\/\/unika.co.uk\/pl\/#website\"},\"datePublished\":\"2022-06-30T14:43:58+00:00\",\"dateModified\":\"2022-10-21T12:40:51+00:00\",\"breadcrumb\":{\"@id\":\"https:\/\/unika.co.uk\/pl\/wyposazenie-kuchni\/#breadcrumb\"},\"inLanguage\":\"pl-PL\",\"potentialAction\":[{\"@type\":\"ReadAction\",\"target\":[\"https:\/\/unika.co.uk\/pl\/wyposazenie-kuchni\/\"]}]},{\"@type\":\"BreadcrumbList\",\"@id\":\"https:\/\/unika.co.uk\/pl\/wyposazenie-kuchni\/#breadcrumb\",\"itemListElement\":[{\"@type\":\"ListItem\",\"position\":1,\"name\":\"Home\",\"item\":\"https:\/\/unika.co.uk\/pl\/strona-glowna\/\"},{\"@type\":\"ListItem\",\"position\":2,\"name\":\"Wyposa\u017cenie kuchni\"}]},{\"@type\":\"WebSite\",\"@id\":\"https:\/\/unika.co.uk\/pl\/#website\",\"url\":\"https:\/\/unika.co.uk\/pl\/\",\"name\":\"Unika\",\"description\":\"Kitchen fitting supplies from Unika\",\"publisher\":{\"@id\":\"https:\/\/unika.co.uk\/pl\/#organization\"},\"potentialAction\":[{\"@type\":\"SearchAction\",\"target\":{\"@type\":\"EntryPoint\",\"urlTemplate\":\"https:\/\/unika.co.uk\/pl\/?s={search_term_string}\"},\"query-input\":{\"@type\":\"PropertyValueSpecification\",\"valueRequired\":true,\"valueName\":\"search_term_string\"}}],\"inLanguage\":\"pl-PL\"},{\"@type\":\"Organization\",\"@id\":\"https:\/\/unika.co.uk\/pl\/#organization\",\"name\":\"Unika\",\"url\":\"https:\/\/unika.co.uk\/pl\/\",\"logo\":{\"@type\":\"ImageObject\",\"inLanguage\":\"pl-PL\",\"@id\":\"https:\/\/unika.co.uk\/pl\/#\/schema\/logo\/image\/\",\"url\":\"https:\/\/unika.co.uk\/wp-content\/uploads\/2020\/11\/header-logo-unika-ips-e1612284206405.png\",\"contentUrl\":\"https:\/\/unika.co.uk\/wp-content\/uploads\/2020\/11\/header-logo-unika-ips-e1612284206405.png\",\"width\":512,\"height\":115,\"caption\":\"Unika\"},\"image\":{\"@id\":\"https:\/\/unika.co.uk\/pl\/#\/schema\/logo\/image\/\"}}]}<\/script>\n<!-- \/ Yoast SEO plugin. -->","yoast_head_json":{"title":"Wyposa\u017cenie kuchni - Unika","robots":{"index":"index","follow":"follow","max-snippet":"max-snippet:-1","max-image-preview":"max-image-preview:large","max-video-preview":"max-video-preview:-1"},"canonical":"https:\/\/unika.co.uk\/pl\/wyposazenie-kuchni\/","og_locale":"pl_PL","og_type":"article","og_title":"Wyposa\u017cenie kuchni - Unika","og_description":"Rozwi\u0105zania w zakresie zabudowy kuchennej od firmy UnikaOd dopasowanych kolorystycznie klej\u00f3w i uszczelniaczy po przyrz\u0105dy i akcesoria do blat\u00f3w kuchennych.Monta\u017c kuchni jest zazwyczaj zako\u0144czony przez profesjonalnego montera kuchni lub wykwalifikowanego stolarza. Generalnie monta\u017c kuchni obejmuje zesp\u00f3\u0142 handlowc\u00f3w, w tym montera kuchni\/spawacza, elektryka i hydraulika. Ci handlowcy koordynuj\u0105 instalacj\u0119, aby doprowadzi\u0107 wszystkie elementy kuchni razem i [&hellip;]","og_url":"https:\/\/unika.co.uk\/pl\/wyposazenie-kuchni\/","og_site_name":"Unika","article_modified_time":"2022-10-21T12:40:51+00:00","twitter_card":"summary_large_image","twitter_misc":{"Szacowany czas czytania":"5 minut"},"schema":{"@context":"https:\/\/schema.org","@graph":[{"@type":"WebPage","@id":"https:\/\/unika.co.uk\/pl\/wyposazenie-kuchni\/","url":"https:\/\/unika.co.uk\/pl\/wyposazenie-kuchni\/","name":"Wyposa\u017cenie kuchni - Unika","isPartOf":{"@id":"https:\/\/unika.co.uk\/pl\/#website"},"datePublished":"2022-06-30T14:43:58+00:00","dateModified":"2022-10-21T12:40:51+00:00","breadcrumb":{"@id":"https:\/\/unika.co.uk\/pl\/wyposazenie-kuchni\/#breadcrumb"},"inLanguage":"pl-PL","potentialAction":[{"@type":"ReadAction","target":["https:\/\/unika.co.uk\/pl\/wyposazenie-kuchni\/"]}]},{"@type":"BreadcrumbList","@id":"https:\/\/unika.co.uk\/pl\/wyposazenie-kuchni\/#breadcrumb","itemListElement":[{"@type":"ListItem","position":1,"name":"Home","item":"https:\/\/unika.co.uk\/pl\/strona-glowna\/"},{"@type":"ListItem","position":2,"name":"Wyposa\u017cenie kuchni"}]},{"@type":"WebSite","@id":"https:\/\/unika.co.uk\/pl\/#website","url":"https:\/\/unika.co.uk\/pl\/","name":"Unika","description":"Kitchen fitting supplies from Unika","publisher":{"@id":"https:\/\/unika.co.uk\/pl\/#organization"},"potentialAction":[{"@type":"SearchAction","target":{"@type":"EntryPoint","urlTemplate":"https:\/\/unika.co.uk\/pl\/?s={search_term_string}"},"query-input":{"@type":"PropertyValueSpecification","valueRequired":true,"valueName":"search_term_string"}}],"inLanguage":"pl-PL"},{"@type":"Organization","@id":"https:\/\/unika.co.uk\/pl\/#organization","name":"Unika","url":"https:\/\/unika.co.uk\/pl\/","logo":{"@type":"ImageObject","inLanguage":"pl-PL","@id":"https:\/\/unika.co.uk\/pl\/#\/schema\/logo\/image\/","url":"https:\/\/unika.co.uk\/wp-content\/uploads\/2020\/11\/header-logo-unika-ips-e1612284206405.png","contentUrl":"https:\/\/unika.co.uk\/wp-content\/uploads\/2020\/11\/header-logo-unika-ips-e1612284206405.png","width":512,"height":115,"caption":"Unika"},"image":{"@id":"https:\/\/unika.co.uk\/pl\/#\/schema\/logo\/image\/"}}]}},"_links":{"self":[{"href":"https:\/\/unika.co.uk\/pl\/wp-json\/wp\/v2\/pages\/5009","targetHints":{"allow":["GET"]}}],"collection":[{"href":"https:\/\/unika.co.uk\/pl\/wp-json\/wp\/v2\/pages"}],"about":[{"href":"https:\/\/unika.co.uk\/pl\/wp-json\/wp\/v2\/types\/page"}],"author":[{"embeddable":true,"href":"https:\/\/unika.co.uk\/pl\/wp-json\/wp\/v2\/users\/1"}],"replies":[{"embeddable":true,"href":"https:\/\/unika.co.uk\/pl\/wp-json\/wp\/v2\/comments?post=5009"}],"version-history":[{"count":8,"href":"https:\/\/unika.co.uk\/pl\/wp-json\/wp\/v2\/pages\/5009\/revisions"}],"predecessor-version":[{"id":5016,"href":"https:\/\/unika.co.uk\/pl\/wp-json\/wp\/v2\/pages\/5009\/revisions\/5016"}],"wp:attachment":[{"href":"https:\/\/unika.co.uk\/pl\/wp-json\/wp\/v2\/media?parent=5009"}],"curies":[{"name":"wp","href":"https:\/\/api.w.org\/{rel}","templated":true}]}}